{"id":37596,"date":"2025-04-10T12:05:09","date_gmt":"2025-04-10T10:05:09","guid":{"rendered":"https:\/\/myspainfood.com\/producto\/obregoni-partei\/"},"modified":"2025-04-10T12:05:09","modified_gmt":"2025-04-10T10:05:09","slug":"obregoni-partei","status":"publish","type":"product","link":"https:\/\/myspainfood.com\/et\/producto\/obregoni-partei\/","title":{"rendered":"Obreg\u00f3ni partei"},"content":{"rendered":"<p>Oliivid Chic\u00f3n Lebr\u00f3n toodetakse, maitsestatakse ja pakendatakse Antequeras (Malaga), korjatakse k\u00e4sitsi ning on tuntud oma kvaliteedi ja v\u00f5rratu maitse poolest.<\/p>\n","protected":false},"excerpt":{"rendered":"<p>oliivid obregon split<\/p>\n","protected":false},"featured_media":37599,"template":"","meta":{"_et_pb_use_builder":"","_et_pb_old_content":"","_et_gb_content_width":""},"product_brand":[1036],"product_cat":[1790,1793],"product_tag":[8156,8157],"class_list":{"0":"post-37596","1":"product","2":"type-product","3":"status-publish","4":"has-post-thumbnail","6":"product_brand-chicon","7":"product_cat-kurgid","8":"product_cat-oliivid","9":"product_tag-obregon-et","10":"product_tag-partei","12":"first","13":"outofstock","14":"taxable","15":"shipping-taxable","16":"product-type-variable"},"_links":{"self":[{"href":"https:\/\/myspainfood.com\/et\/wp-json\/wp\/v2\/product\/37596","targetHints":{"allow":["GET"]}}],"collection":[{"href":"https:\/\/myspainfood.com\/et\/wp-json\/wp\/v2\/product"}],"about":[{"href":"https:\/\/myspainfood.com\/et\/wp-json\/wp\/v2\/types\/product"}],"wp:featuredmedia":[{"embeddable":true,"href":"https:\/\/myspainfood.com\/et\/wp-json\/wp\/v2\/media\/37599"}],"wp:attachment":[{"href":"https:\/\/myspainfood.com\/et\/wp-json\/wp\/v2\/media?parent=37596"}],"wp:term":[{"taxonomy":"product_brand","embeddable":true,"href":"https:\/\/myspainfood.com\/et\/wp-json\/wp\/v2\/product_brand?post=37596"},{"taxonomy":"product_cat","embeddable":true,"href":"https:\/\/myspainfood.com\/et\/wp-json\/wp\/v2\/product_cat?post=37596"},{"taxonomy":"product_tag","embeddable":true,"href":"https:\/\/myspainfood.com\/et\/wp-json\/wp\/v2\/product_tag?post=37596"}],"curies":[{"name":"wp","href":"https:\/\/api.w.org\/{rel}","templated":true}]}}