{"id":37971,"date":"2025-04-10T12:10:07","date_gmt":"2025-04-10T10:10:07","guid":{"rendered":"https:\/\/myspainfood.com\/producto\/ibeeria-pasteedid-gourmet-cazorla-gourmet-cazorla\/"},"modified":"2025-04-10T12:10:07","modified_gmt":"2025-04-10T10:10:07","slug":"ibeeria-pasteedid-gourmet-cazorla-gourmet-cazorla","status":"publish","type":"product","link":"https:\/\/myspainfood.com\/et\/producto\/ibeeria-pasteedid-gourmet-cazorla-gourmet-cazorla\/","title":{"rendered":"Ibeeria pasteedid Gourmet Cazorla Gourmet Cazorla"},"content":{"rendered":"<p>See karp sisaldab 6 meie traditsioonilist Gourmet Cazorla pasteeti.<\/p>\n<p> Ideaalne kingitus oma l\u00e4hedastele&#8230; s\u00fcnnip\u00e4evaks, j\u00f5uludeks, t\u00e4nut\u00e4heks vaeva eest v\u00f5i lihtsalt sellep\u00e4rast, ja ka teile, sest te v\u00e4\u00e4rite seda.<\/p>\n","protected":false},"excerpt":{"rendered":"<p>See karp sisaldab 6 meie traditsioonilist Gourmet Cazorla pasteeti. Ideaalne kingitus oma l\u00e4hedastele&#8230; s\u00fcnnip\u00e4evaks, j\u00f5uludeks, t\u00e4nut\u00e4heks vaeva eest v\u00f5i lihtsalt sellep\u00e4rast, ja ka teile, sest te v\u00e4\u00e4rite seda.<\/p>\n","protected":false},"featured_media":37972,"template":"","meta":{"_et_pb_use_builder":"","_et_pb_old_content":"","_et_gb_content_width":""},"product_brand":[],"product_cat":[8193,1938],"product_tag":[],"class_list":{"0":"post-37971","1":"product","2":"type-product","3":"status-publish","4":"has-post-thumbnail","6":"product_cat-pasteet","7":"product_cat-sailitab","9":"first","10":"instock","11":"taxable","12":"shipping-taxable","13":"purchasable","14":"product-type-simple"},"_links":{"self":[{"href":"https:\/\/myspainfood.com\/et\/wp-json\/wp\/v2\/product\/37971","targetHints":{"allow":["GET"]}}],"collection":[{"href":"https:\/\/myspainfood.com\/et\/wp-json\/wp\/v2\/product"}],"about":[{"href":"https:\/\/myspainfood.com\/et\/wp-json\/wp\/v2\/types\/product"}],"wp:featuredmedia":[{"embeddable":true,"href":"https:\/\/myspainfood.com\/et\/wp-json\/wp\/v2\/media\/37972"}],"wp:attachment":[{"href":"https:\/\/myspainfood.com\/et\/wp-json\/wp\/v2\/media?parent=37971"}],"wp:term":[{"taxonomy":"product_brand","embeddable":true,"href":"https:\/\/myspainfood.com\/et\/wp-json\/wp\/v2\/product_brand?post=37971"},{"taxonomy":"product_cat","embeddable":true,"href":"https:\/\/myspainfood.com\/et\/wp-json\/wp\/v2\/product_cat?post=37971"},{"taxonomy":"product_tag","embeddable":true,"href":"https:\/\/myspainfood.com\/et\/wp-json\/wp\/v2\/product_tag?post=37971"}],"curies":[{"name":"wp","href":"https:\/\/api.w.org\/{rel}","templated":true}]}}