{"id":38236,"date":"2025-04-10T12:14:40","date_gmt":"2025-04-10T10:14:40","guid":{"rendered":"https:\/\/myspainfood.com\/producto\/lounamakrellifilee-paevalilleolis-oti-90gr\/"},"modified":"2026-01-30T14:29:51","modified_gmt":"2026-01-30T13:29:51","slug":"lounamakrellifilee-paevalilleolis-oti-90gr","status":"publish","type":"product","link":"https:\/\/myspainfood.com\/et\/producto\/lounamakrellifilee-paevalilleolis-oti-90gr\/","title":{"rendered":"L\u00f5unamakrellifilee p\u00e4evalille\u00f5lis Oti 90gr"},"content":{"rendered":"<p>Oti Tuunimakrell 90gr on <a href=\"http:\/\/www.conservasoti.es\/paginas\/historia.html\" target=\"_blank\" rel=\"noopener noreferrer nofollow\">k\u00e4sit\u00f6\u00f6na<\/a> valminud looduslik toode.<\/p>\n<p>Koostisained: Makrellifilee, p\u00e4evalille\u00f5li ja sool.<\/p>\n<p>Conservas Oti on peretraditsiooniga ettev\u00f5te, mille head t\u00f6\u00f6d on p\u00f5lvest p\u00f5lve edasi antud.<\/p>\n<p>Perekonna raske t\u00f6\u00f6 ja pingutused on suures osas v\u00f5imaldanud <span class=\"negrita\">Conservas Oti<\/span> kasvada ja laieneda.<\/p>\n<p>Peamised tegevusvaldkonnad on &#8220;From the Sea&#8221;, &#8220;From the Land&#8221; ja &#8220;From the Farm&#8221;.<\/p>\n<p>Merest: rannakarbid, Ventresca, Sardinillas, Melva&#8230; Oti Tuna makrell 125gr <\/p>\n<p>Kohalike toodete hulka kuuluvad: piimherned, valged neeruubad, pinto oad, pardina l\u00e4\u00e4tsed&#8230;<\/p>\n<p>P\u00f5llumajandusettev\u00f5tte toodang: puhas lambajuust, tammet\u00f5rudelt kasvatatud Ib\u00e9rico sink, tammet\u00f5rudelt kasvatatud Ib\u00e9rico Salchich\u00f3n, tammet\u00f5rudelt kasvatatud Ib\u00e9rico Chorizo,&#8230;<\/p>\n<h4>Konservide peamised eelised<\/h4>\n<ol>\n<li>Nad s\u00e4ilitavad k\u00f5ik toidu enda toitumisomadused. Toit s\u00e4ilitab oma v\u00e4rskuse. <\/li>\n<li>Kasutatavad toiduained on tervislikud ja sobivad seet\u00f5ttu optimaalseks toitumiseks t\u00e4nu nende k\u00f5rgele vitamiini- ja valgusisaldusele.<\/li>\n<li>Nende toodete eluiga on pikem (tavaliselt 2-5 aastat).<\/li>\n<li>Konserve on v\u00e4ga lihtne s\u00e4ilitada, sest nende pakend on kergesti kasutatav.<\/li>\n<\/ol>\n<p>Kui soovite osta tuunikala v\u00f5i mis tahes muud liiki <a href=\"https:\/\/latiendadesami.com\/categoria-producto\/conservas\/\" rel=\"noopener noreferrer nofollow\" target=\"_blank\">konservi<\/a>, siis vaadake julgelt meie veebikataloogi, et n\u00e4ha meie <a href=\"https:\/\/latiendadesami.com\/categoria-producto\/conservas\/atun-y-bonito\/\" target=\"_blank\" rel=\"noopener noreferrer nofollow\">tuunikala<\/a> suurt valikut.<\/p>\n<p>Lisateabe saamiseks kirjutage meile.<\/p>\n","protected":false},"excerpt":{"rendered":"<p>Oti Tuunimakrell 90gr on k\u00e4sit\u00f6\u00f6na valminud looduslik toode. Koostisained: Makrellifilee, p\u00e4evalille\u00f5li ja sool. Conservas Oti on peretraditsiooniga ettev\u00f5te, mille head t\u00f6\u00f6d on p\u00f5lvest p\u00f5lve edasi antud. Perekonna raske t\u00f6\u00f6 ja pingutused on suures osas v\u00f5imaldanud Conservas Oti kasvada ja laieneda. Peamised tegevusvaldkonnad on &#8220;From the Sea&#8221;, &#8220;From the Land&#8221; ja &#8220;From the Farm&#8221;. Merest: rannakarbid, [&hellip;]<\/p>\n","protected":false},"featured_media":38237,"template":"","meta":{"_et_pb_use_builder":"","_et_pb_old_content":"","_et_gb_content_width":""},"product_brand":[1075],"product_cat":[2687,1938,3422],"product_tag":[],"class_list":{"0":"post-38236","1":"product","2":"type-product","3":"status-publish","4":"has-post-thumbnail","6":"product_brand-oti","7":"product_cat-makrell","8":"product_cat-sailitab","9":"product_cat-ventresca-et","11":"first","12":"instock","13":"taxable","14":"shipping-taxable","15":"purchasable","16":"product-type-variable"},"_links":{"self":[{"href":"https:\/\/myspainfood.com\/et\/wp-json\/wp\/v2\/product\/38236","targetHints":{"allow":["GET"]}}],"collection":[{"href":"https:\/\/myspainfood.com\/et\/wp-json\/wp\/v2\/product"}],"about":[{"href":"https:\/\/myspainfood.com\/et\/wp-json\/wp\/v2\/types\/product"}],"wp:featuredmedia":[{"embeddable":true,"href":"https:\/\/myspainfood.com\/et\/wp-json\/wp\/v2\/media\/38237"}],"wp:attachment":[{"href":"https:\/\/myspainfood.com\/et\/wp-json\/wp\/v2\/media?parent=38236"}],"wp:term":[{"taxonomy":"product_brand","embeddable":true,"href":"https:\/\/myspainfood.com\/et\/wp-json\/wp\/v2\/product_brand?post=38236"},{"taxonomy":"product_cat","embeddable":true,"href":"https:\/\/myspainfood.com\/et\/wp-json\/wp\/v2\/product_cat?post=38236"},{"taxonomy":"product_tag","embeddable":true,"href":"https:\/\/myspainfood.com\/et\/wp-json\/wp\/v2\/product_tag?post=38236"}],"curies":[{"name":"wp","href":"https:\/\/api.w.org\/{rel}","templated":true}]}}