{"id":38283,"date":"2025-04-10T12:14:40","date_gmt":"2025-04-10T10:14:40","guid":{"rendered":"https:\/\/myspainfood.com\/producto\/tsiili-escabeche-rannakarbid-10-15-tukki-marevento\/"},"modified":"2026-04-16T15:59:33","modified_gmt":"2026-04-16T13:59:33","slug":"tsiili-escabeche-rannakarbid-10-15-tukki-marevento","status":"publish","type":"product","link":"https:\/\/myspainfood.com\/et\/producto\/tsiili-escabeche-rannakarbid-10-15-tukki-marevento\/","title":{"rendered":"T\u0161iili escabeche rannakarbid 10-15 t\u00fckki Marevento"},"content":{"rendered":"<p>Keedetud ja praetud p\u00e4evalille\u00f5lis. Byssus eemaldatakse k\u00e4sitsi ja pakitakse \u00fckshaaval. Koos ainulaadse marinaadiga, mis on valmistatud t\u00e4iesti looduslikest koostisosadest. Koostisained: T\u0161iili rannakarbid, escabeche (p\u00e4evalille\u00f5li, punase veini \u00e4\u00e4dikas, vesi, looduslikud l\u00f5hna- ja maitseained, v\u00fcrtsid ja sool).<\/p>\n","protected":false},"excerpt":{"rendered":"<p>Keedetud ja praetud p\u00e4evalille\u00f5lis. Byssus eemaldatakse k\u00e4sitsi ja pakitakse \u00fckshaaval. Koos ainulaadse marinaadiga, mis on valmistatud t\u00e4iesti looduslikest koostisosadest. Koostisained: T\u0161iili rannakarbid, escabeche (p\u00e4evalille\u00f5li, punase veini \u00e4\u00e4dikas, vesi, looduslikud l\u00f5hna- ja maitseained, v\u00fcrtsid ja sool).<\/p>\n","protected":false},"featured_media":38291,"template":"","meta":{"_et_pb_use_builder":"","_et_pb_old_content":"","_et_gb_content_width":""},"product_brand":[1428],"product_cat":[4072,1938],"product_tag":[],"class_list":{"0":"post-38283","1":"product","2":"type-product","3":"status-publish","4":"has-post-thumbnail","6":"product_brand-portonovo","7":"product_cat-rannakarbid-et","8":"product_cat-sailitab","10":"first","11":"instock","12":"taxable","13":"shipping-taxable","14":"purchasable","15":"product-type-variable"},"_links":{"self":[{"href":"https:\/\/myspainfood.com\/et\/wp-json\/wp\/v2\/product\/38283","targetHints":{"allow":["GET"]}}],"collection":[{"href":"https:\/\/myspainfood.com\/et\/wp-json\/wp\/v2\/product"}],"about":[{"href":"https:\/\/myspainfood.com\/et\/wp-json\/wp\/v2\/types\/product"}],"wp:featuredmedia":[{"embeddable":true,"href":"https:\/\/myspainfood.com\/et\/wp-json\/wp\/v2\/media\/38291"}],"wp:attachment":[{"href":"https:\/\/myspainfood.com\/et\/wp-json\/wp\/v2\/media?parent=38283"}],"wp:term":[{"taxonomy":"product_brand","embeddable":true,"href":"https:\/\/myspainfood.com\/et\/wp-json\/wp\/v2\/product_brand?post=38283"},{"taxonomy":"product_cat","embeddable":true,"href":"https:\/\/myspainfood.com\/et\/wp-json\/wp\/v2\/product_cat?post=38283"},{"taxonomy":"product_tag","embeddable":true,"href":"https:\/\/myspainfood.com\/et\/wp-json\/wp\/v2\/product_tag?post=38283"}],"curies":[{"name":"wp","href":"https:\/\/api.w.org\/{rel}","templated":true}]}}