{"id":38342,"date":"2025-04-10T12:14:40","date_gmt":"2025-04-10T10:14:40","guid":{"rendered":"https:\/\/myspainfood.com\/producto\/uus-meremaa-rannakarbid-marineeritud-kastmes-4-6-tukki-giant-portonovo-115-gr\/"},"modified":"2026-01-30T14:32:22","modified_gmt":"2026-01-30T13:32:22","slug":"uus-meremaa-rannakarbid-marineeritud-kastmes-4-6-tukki-giant-portonovo-115-gr","status":"publish","type":"product","link":"https:\/\/myspainfood.com\/et\/producto\/uus-meremaa-rannakarbid-marineeritud-kastmes-4-6-tukki-giant-portonovo-115-gr\/","title":{"rendered":"Uus-Meremaa rannakarbid marineeritud kastmes 4-6 t\u00fckki Giant Portonovo - 115 Gr"},"content":{"rendered":"<p>Avastage <strong>Gigante Portonovo<\/strong> <strong>Uus-Meremaa rannakarpide<\/strong> intensiivne maitse ja kvaliteet <strong>marineeritud kastmes<\/strong>. See esmaklassiline toode sisaldab 4-6 valitud suurt rannakarbit\u00fckki 115 grammi suuruses pakendis, mis on ideaalne tapas, salatites v\u00f5i gurmee eelroana nautimiseks. <\/p>\n<p>Need Uus-Meremaa kristallselges vees kasvatatud rannakarbid paistavad silma oma lihase tekstuuri ja v\u00f5rratu maitse poolest, mida t\u00e4iendab \u00f5rn marinaad, mis r\u00f5hutab nende v\u00e4rskust ja kvaliteeti. Samuti on nad rikkalikult valku, oomega-3-rasvhappeid ja olulisi mineraalaineid, mis teeb neist tervisliku ja maitsva valiku igasse toitumisviisi. <\/p>\n<p>Kui soovite veel rohkem mereande, k\u00fclastage meie <a href=\"https:\/\/latiendadesami.com\/categoria-producto\/conservas\/\" target=\"_new\" rel=\"noopener noreferrer nofollow\" target=\"_blank\">konserveeritud toiduainete rubriiki<\/a> ja avastage <strong>marineeritud Uus-Meremaa rannakarpide<\/strong> eelised tasakaalustatud toitumises. Maitske kvaliteeti ja autentsust, mida saab pakkuda ainult Portonovo!<\/p>\n","protected":false},"excerpt":{"rendered":"<p>Avastage Gigante Portonovo Uus-Meremaa rannakarpide intensiivne maitse ja kvaliteet marineeritud kastmes. See esmaklassiline toode sisaldab 4-6 valitud suurt rannakarbit\u00fckki 115 grammi suuruses pakendis, mis on ideaalne tapas, salatites v\u00f5i gurmee eelroana nautimiseks. Need Uus-Meremaa kristallselges vees kasvatatud rannakarbid paistavad silma oma lihase tekstuuri ja v\u00f5rratu maitse poolest, mida t\u00e4iendab \u00f5rn marinaad, mis r\u00f5hutab nende v\u00e4rskust [&hellip;]<\/p>\n","protected":false},"featured_media":38349,"template":"","meta":{"_et_pb_use_builder":"","_et_pb_old_content":"","_et_gb_content_width":""},"product_brand":[1428],"product_cat":[4072,1938],"product_tag":[],"class_list":{"0":"post-38342","1":"product","2":"type-product","3":"status-publish","4":"has-post-thumbnail","6":"product_brand-portonovo","7":"product_cat-rannakarbid-et","8":"product_cat-sailitab","10":"first","11":"outofstock","12":"taxable","13":"shipping-taxable","14":"product-type-variable"},"_links":{"self":[{"href":"https:\/\/myspainfood.com\/et\/wp-json\/wp\/v2\/product\/38342","targetHints":{"allow":["GET"]}}],"collection":[{"href":"https:\/\/myspainfood.com\/et\/wp-json\/wp\/v2\/product"}],"about":[{"href":"https:\/\/myspainfood.com\/et\/wp-json\/wp\/v2\/types\/product"}],"wp:featuredmedia":[{"embeddable":true,"href":"https:\/\/myspainfood.com\/et\/wp-json\/wp\/v2\/media\/38349"}],"wp:attachment":[{"href":"https:\/\/myspainfood.com\/et\/wp-json\/wp\/v2\/media?parent=38342"}],"wp:term":[{"taxonomy":"product_brand","embeddable":true,"href":"https:\/\/myspainfood.com\/et\/wp-json\/wp\/v2\/product_brand?post=38342"},{"taxonomy":"product_cat","embeddable":true,"href":"https:\/\/myspainfood.com\/et\/wp-json\/wp\/v2\/product_cat?post=38342"},{"taxonomy":"product_tag","embeddable":true,"href":"https:\/\/myspainfood.com\/et\/wp-json\/wp\/v2\/product_tag?post=38342"}],"curies":[{"name":"wp","href":"https:\/\/api.w.org\/{rel}","templated":true}]}}