{"id":38591,"date":"2025-04-10T12:09:10","date_gmt":"2025-04-10T10:09:10","guid":{"rendered":"https:\/\/myspainfood.com\/producto\/kitse-ja-lehmajuust-ribera-del-duero-vein-el-gran-cardenal\/"},"modified":"2025-06-24T16:15:57","modified_gmt":"2025-06-24T14:15:57","slug":"kitse-ja-lehmajuust-ribera-del-duero-vein-el-gran-cardenal","status":"publish","type":"product","link":"https:\/\/myspainfood.com\/et\/producto\/kitse-ja-lehmajuust-ribera-del-duero-vein-el-gran-cardenal\/","title":{"rendered":"Kitse- ja lehmajuust Ribera del Duero vein El Gran Cardenal"},"content":{"rendered":"<div class=\"et_pb_blurb_container\">\n<div class=\"et_pb_blurb_container\">\n<h4 class=\"et_pb_module_header\">Kits koos Ribera de Duero veiniga<\/h4>\n<div class=\"et_pb_blurb_description\">Kitse- ja lehmapiimast valmistatud kreemjas juust, mida saadab \u00fcks Hispaania suurep\u00e4raseid veine, Ribera del Duero vein (Castilla y Le\u00f3nis asuvaid viinamarjaistandusi h\u00f5lmav nimetus).<\/p>\n<p>Veini v\u00e4rvus on juustu sees n\u00e4ha, kuna seda lisatakse juustu valmistamise ajal.<\/p><\/div>\n<\/div>\n<\/div>\n","protected":false},"excerpt":{"rendered":"<p>Kits koos Ribera de Duero veiniga Kitse- ja lehmapiimast valmistatud kreemjas juust, mida saadab \u00fcks Hispaania suurep\u00e4raseid veine, Ribera del Duero vein (Castilla y Le\u00f3nis asuvaid viinamarjaistandusi h\u00f5lmav nimetus). Veini v\u00e4rvus on juustu sees n\u00e4ha, kuna seda lisatakse juustu valmistamise ajal.<\/p>\n","protected":false},"featured_media":38598,"template":"","meta":{"_et_pb_use_builder":"","_et_pb_old_content":"","_et_gb_content_width":""},"product_brand":[1319],"product_cat":[1880,2261,2742],"product_tag":[],"class_list":{"0":"post-38591","1":"product","2":"type-product","3":"status-publish","4":"has-post-thumbnail","6":"product_brand-el-gran-cardenal","7":"product_cat-cold-et","8":"product_cat-juust-ja-vorst","9":"product_cat-ravimine","10":"product_shipping_class-kulmaveo-vedu","12":"first","13":"instock","14":"taxable","15":"shipping-taxable","16":"purchasable","17":"product-type-variable"},"_links":{"self":[{"href":"https:\/\/myspainfood.com\/et\/wp-json\/wp\/v2\/product\/38591","targetHints":{"allow":["GET"]}}],"collection":[{"href":"https:\/\/myspainfood.com\/et\/wp-json\/wp\/v2\/product"}],"about":[{"href":"https:\/\/myspainfood.com\/et\/wp-json\/wp\/v2\/types\/product"}],"wp:featuredmedia":[{"embeddable":true,"href":"https:\/\/myspainfood.com\/et\/wp-json\/wp\/v2\/media\/38598"}],"wp:attachment":[{"href":"https:\/\/myspainfood.com\/et\/wp-json\/wp\/v2\/media?parent=38591"}],"wp:term":[{"taxonomy":"product_brand","embeddable":true,"href":"https:\/\/myspainfood.com\/et\/wp-json\/wp\/v2\/product_brand?post=38591"},{"taxonomy":"product_cat","embeddable":true,"href":"https:\/\/myspainfood.com\/et\/wp-json\/wp\/v2\/product_cat?post=38591"},{"taxonomy":"product_tag","embeddable":true,"href":"https:\/\/myspainfood.com\/et\/wp-json\/wp\/v2\/product_tag?post=38591"}],"curies":[{"name":"wp","href":"https:\/\/api.w.org\/{rel}","templated":true}]}}