{"id":38896,"date":"2025-04-10T12:09:21","date_gmt":"2025-04-10T10:09:21","guid":{"rendered":"https:\/\/myspainfood.com\/producto\/250-tk-marineeritud-muskaat-grande-oti-4-6-tukki\/"},"modified":"2025-09-02T10:43:37","modified_gmt":"2025-09-02T08:43:37","slug":"250-tk-marineeritud-muskaat-grande-oti-4-6-tukki","status":"publish","type":"product","link":"https:\/\/myspainfood.com\/et\/producto\/250-tk-marineeritud-muskaat-grande-oti-4-6-tukki\/","title":{"rendered":"250 tk. Marineeritud muskaat Grande Oti 4\/6 t\u00fckki"},"content":{"rendered":"<p><strong>10 kasti 25 \u00fchikut -&gt; 250 purgi, hind purgi kohta 1,725 eurot.<\/strong><\/p>\n<p>&nbsp;<\/p>\n<p style=\"text-align: left;\">Oti Grande rannakarbid 4\/6 t\u00fckki 90 g on <a href=\"http:\/\/www.conservasoti.es\/paginas\/historia.html\" target=\"_blank\" rel=\"noopener noreferrer nofollow\">traditsioonilisel<\/a> viisil valmistatud looduslik toode.<\/p>\n<p>Conservas Oti on peretraditsiooniga ettev\u00f5te, mille head t\u00f6\u00f6d on p\u00f5lvest p\u00f5lve edasi antud.<\/p>\n<p>Perekonna raske t\u00f6\u00f6 ja pingutused on suures osas v\u00f5imaldanud <span class=\"negrita\">Conservas Oti<\/span> kasvada ja laieneda.<\/p>\n<p>Peamised tegevusvaldkonnad on &#8220;From the Sea&#8221;, &#8220;From the Land&#8221; ja &#8220;From the Farm&#8221;.<\/p>\n<p>Merest: rannakarbid, Ventresca, Sardinillas, Melva&#8230; Oti Large Mussel 4\/6 t\u00fckki <\/p>\n<p>Kohalike toodete hulka kuuluvad: piimherned, valged neeruubad, pinto oad, pardina l\u00e4\u00e4tsed&#8230;<\/p>\n<p>P\u00f5llumajandusettev\u00f5tte toodang: puhas lambajuust, tammet\u00f5rudelt kasvatatud Ib\u00e9rico sink, tammet\u00f5rudelt kasvatatud Ib\u00e9rico Salchich\u00f3n, tammet\u00f5rudelt kasvatatud Ib\u00e9rico Chorizo,&#8230;<\/p>\n<h4>Konservide peamised eelised<\/h4>\n<ol>\n<li>Nad s\u00e4ilitavad k\u00f5ik toidu enda toitumisomadused. Toit s\u00e4ilitab oma v\u00e4rskuse. <\/li>\n<li>Kasutatavad toiduained on tervislikud ja sobivad seet\u00f5ttu optimaalseks toitumiseks t\u00e4nu nende k\u00f5rgele vitamiini- ja valgusisaldusele.<\/li>\n<li>Nende toodete eluiga on pikem (tavaliselt 2-5 aastat).<\/li>\n<li>Konserve on v\u00e4ga lihtne s\u00e4ilitada, sest nende pakend on kergesti kasutatav.<\/li>\n<\/ol>\n<p>Kui soovite osta tuunikala v\u00f5i mis tahes muud liiki <a href=\"https:\/\/latiendadesami.com\/categoria-producto\/conservas\/\" rel=\"noopener noreferrer nofollow\" target=\"_blank\">konservi<\/a>, siis vaadake julgelt meie veebikataloogi, et n\u00e4ha meie <a href=\"https:\/\/latiendadesami.com\/categoria-producto\/conservas\/atun-y-bonito\/\" target=\"_blank\" rel=\"noopener noreferrer nofollow\">tuunikala<\/a> suurt valikut.<\/p>\n<p>Lisateabe saamiseks kirjutage meile.<\/p>\n","protected":false},"excerpt":{"rendered":"<p><strong>10 kasti 25 \u00fchikut -&gt; 250 purgi, hind purgi kohta 1,725 eurot.<\/strong><\/p>\n","protected":false},"featured_media":22391,"template":"","meta":{"_et_pb_use_builder":"","_et_pb_old_content":"","_et_gb_content_width":""},"product_brand":[1075],"product_cat":[3016,4072,1938],"product_tag":[],"class_list":{"0":"post-38896","1":"product","2":"type-product","3":"status-publish","4":"has-post-thumbnail","6":"product_brand-oti","7":"product_cat-hulgimuuk","8":"product_cat-rannakarbid-et","9":"product_cat-sailitab","11":"first","12":"outofstock","13":"featured","14":"taxable","15":"shipping-taxable","16":"purchasable","17":"product-type-simple"},"_links":{"self":[{"href":"https:\/\/myspainfood.com\/et\/wp-json\/wp\/v2\/product\/38896","targetHints":{"allow":["GET"]}}],"collection":[{"href":"https:\/\/myspainfood.com\/et\/wp-json\/wp\/v2\/product"}],"about":[{"href":"https:\/\/myspainfood.com\/et\/wp-json\/wp\/v2\/types\/product"}],"wp:featuredmedia":[{"embeddable":true,"href":"https:\/\/myspainfood.com\/et\/wp-json\/wp\/v2\/media\/22391"}],"wp:attachment":[{"href":"https:\/\/myspainfood.com\/et\/wp-json\/wp\/v2\/media?parent=38896"}],"wp:term":[{"taxonomy":"product_brand","embeddable":true,"href":"https:\/\/myspainfood.com\/et\/wp-json\/wp\/v2\/product_brand?post=38896"},{"taxonomy":"product_cat","embeddable":true,"href":"https:\/\/myspainfood.com\/et\/wp-json\/wp\/v2\/product_cat?post=38896"},{"taxonomy":"product_tag","embeddable":true,"href":"https:\/\/myspainfood.com\/et\/wp-json\/wp\/v2\/product_tag?post=38896"}],"curies":[{"name":"wp","href":"https:\/\/api.w.org\/{rel}","templated":true}]}}