{"id":39257,"date":"2025-04-10T12:09:43","date_gmt":"2025-04-10T10:09:43","guid":{"rendered":"https:\/\/myspainfood.com\/producto\/el-gran-cardenal-poolkorge-san-isidro-juustu\/"},"modified":"2026-03-20T10:10:48","modified_gmt":"2026-03-20T09:10:48","slug":"el-gran-cardenal-poolkorge-san-isidro-juustu","status":"publish","type":"product","link":"https:\/\/myspainfood.com\/et\/producto\/el-gran-cardenal-poolkorge-san-isidro-juustu\/","title":{"rendered":"El Gran Cardenal poolk\u00f5rge San Isidro juustu"},"content":{"rendered":"<p>K\u00f5ige mahedam juustudest, kuna sisaldab rohkem lehmapiima ja v\u00e4hemalt 10% lambapiima.<\/p>\n<p>Juustu on kahte t\u00fc\u00fcpi, s\u00f5ltuvalt laagerdumisest: poolvalminud (2-4 kuud laagerdumist) ja laagerdunud (4-6 kuud laagerdumist).<\/p>\n","protected":false},"excerpt":{"rendered":"<p>K\u00f5ige mahedam juustudest, kuna sisaldab rohkem lehmapiima ja v\u00e4hemalt 10% lambapiima. Juustu on kahte t\u00fc\u00fcpi, s\u00f5ltuvalt laagerdumisest: poolvalminud (2-4 kuud laagerdumist) ja laagerdunud (4-6 kuud laagerdumist).<\/p>\n","protected":false},"featured_media":39264,"template":"","meta":{"_et_pb_use_builder":"","_et_pb_old_content":"","_et_gb_content_width":""},"product_brand":[1319],"product_cat":[1880,2261,2742],"product_tag":[],"class_list":{"0":"post-39257","1":"product","2":"type-product","3":"status-publish","4":"has-post-thumbnail","6":"product_brand-el-gran-cardenal","7":"product_cat-cold-et","8":"product_cat-juust-ja-vorst","9":"product_cat-ravimine","10":"product_shipping_class-kulmaveo-vedu","12":"first","13":"outofstock","14":"taxable","15":"shipping-taxable","16":"purchasable","17":"product-type-variable"},"_links":{"self":[{"href":"https:\/\/myspainfood.com\/et\/wp-json\/wp\/v2\/product\/39257","targetHints":{"allow":["GET"]}}],"collection":[{"href":"https:\/\/myspainfood.com\/et\/wp-json\/wp\/v2\/product"}],"about":[{"href":"https:\/\/myspainfood.com\/et\/wp-json\/wp\/v2\/types\/product"}],"wp:featuredmedia":[{"embeddable":true,"href":"https:\/\/myspainfood.com\/et\/wp-json\/wp\/v2\/media\/39264"}],"wp:attachment":[{"href":"https:\/\/myspainfood.com\/et\/wp-json\/wp\/v2\/media?parent=39257"}],"wp:term":[{"taxonomy":"product_brand","embeddable":true,"href":"https:\/\/myspainfood.com\/et\/wp-json\/wp\/v2\/product_brand?post=39257"},{"taxonomy":"product_cat","embeddable":true,"href":"https:\/\/myspainfood.com\/et\/wp-json\/wp\/v2\/product_cat?post=39257"},{"taxonomy":"product_tag","embeddable":true,"href":"https:\/\/myspainfood.com\/et\/wp-json\/wp\/v2\/product_tag?post=39257"}],"curies":[{"name":"wp","href":"https:\/\/api.w.org\/{rel}","templated":true}]}}