{"id":39523,"date":"2025-04-10T12:14:28","date_gmt":"2025-04-10T10:14:28","guid":{"rendered":"https:\/\/myspainfood.com\/producto\/pincha-selection-valge-tuunifilee-paevalilleolis-400-g\/"},"modified":"2026-01-29T13:17:52","modified_gmt":"2026-01-29T12:17:52","slug":"pincha-selection-valge-tuunifilee-paevalilleolis-400-g","status":"publish","type":"product","link":"https:\/\/myspainfood.com\/et\/producto\/pincha-selection-valge-tuunifilee-paevalilleolis-400-g\/","title":{"rendered":"Pincha Selection Valge tuunifilee p\u00e4evalille\u00f5lis 400 g"},"content":{"rendered":"<p>Avastage mere t\u00e4iuslikkus igas suut\u00e4iega <strong>Pincha Selecci\u00f3n Bonito Tuna Loins in Sunflower Oil<\/strong>. Need 400 grammi kaaluvad tuunikalafileed on hoolikalt valitud ja pakendatud, et tagada maksimaalne v\u00e4rskus ja kvaliteet. <\/p>\n<p><strong>Toote omadused:<\/strong><\/p>\n<ul>\n<li><strong>Esmaklassiline kvaliteet:<\/strong> Meie tuunikalafilee on valitud parimatest saakidest, mis tagab erakordse maitse ja tekstuuri.<\/li>\n<li><strong>P\u00e4evalille\u00f5li:<\/strong> S\u00e4ilitatud mahedas ja kerges p\u00e4evalille\u00f5lis, mis suurendab tuunikala loomulikku maitset, ilma seda tuhmimata.<\/li>\n<li><strong>K\u00f5rge toitev\u00e4\u00e4rtus:<\/strong> Rikkalikult valku, oomega-3-rasvhappeid ja vitamiine sisaldav toode on tervislik ja maitsev valik sinu toiduvalmistamiseks.<\/li>\n<li><strong>Kulinaarne mitmek\u00fclgsus:<\/strong> sobib ideaalselt salatite, tapade, pastade valmistamiseks v\u00f5i lihtsalt otse pakendist nautimiseks.<\/li>\n<li><strong>Mugavus:<\/strong> 400 grammi formaat on ideaalne peredele v\u00f5i neile, kes otsivad oma igap\u00e4evaste retseptide jaoks suuremat ja mugavamat varianti.<\/li>\n<\/ul>\n<p><strong>Miks valida Pincha Selecci\u00f3n:<\/strong><\/p>\n<ul>\n<li><strong>P\u00fchendumine kvaliteedile:<\/strong> Oleme p\u00fchendunud sellele, et pakkuda mereannitooteid, mis vastavad k\u00f5rgeimatele kvaliteedi- ja j\u00e4tkusuutlikkuse standarditele.<\/li>\n<li><strong>Autentne maitse:<\/strong> Nautige bonito, valge liha ja maheda maitse poolest hinnatud kala, autentset maitset.<\/li>\n<li><strong>Looduslik s\u00e4ilitamine:<\/strong> Kasutame traditsioonilisi s\u00e4ilitamismeetodeid, et s\u00e4ilitada tuunikala toitev\u00e4\u00e4rtuslikud ja organoleptilised omadused.<\/li>\n<\/ul>\n<p><strong>Konserveerimisnipid:<\/strong><\/p>\n<p>Toote s\u00e4ilitamiseks optimaalsetes tingimustes hoidke seda jahedas ja kuivas kohas. P\u00e4rast avamist hoida k\u00fclmkapis ja tarbida 3 p\u00e4eva jooksul. <\/p>\n<p><strong>Gastronoomiline kogemus:<\/strong><\/p>\n<p>Lisage oma roogadele merelist v\u00e4rskust <strong>Pincha Selecci\u00f3n Bonito fileedega p\u00e4evalille\u00f5lis<\/strong>. Ideaalne neile, kes hindavad kvaliteeti, maitset ja toitev\u00e4\u00e4rtust oma igap\u00e4evases toitumises. <\/p>\n<p>Tee igast s\u00f6\u00f6gist gurmee-elamus koos Pincha Selecci\u00f3niga!<\/p>\n","protected":false},"excerpt":{"rendered":"<p>Avastage mere t\u00e4iuslikkus igas suut\u00e4iega Pincha Selecci\u00f3n Bonito Tuna Loins in Sunflower Oil. Need 400 grammi kaaluvad tuunikalafileed on hoolikalt valitud ja pakendatud, et tagada maksimaalne v\u00e4rskus ja kvaliteet. Toote omadused: Esmaklassiline kvaliteet: Meie tuunikalafilee on valitud parimatest saakidest, mis tagab erakordse maitse ja tekstuuri. P\u00e4evalille\u00f5li: S\u00e4ilitatud mahedas ja kerges p\u00e4evalille\u00f5lis, mis suurendab tuunikala loomulikku [&hellip;]<\/p>\n","protected":false},"featured_media":39526,"template":"","meta":{"_et_pb_use_builder":"","_et_pb_old_content":"","_et_gb_content_width":""},"product_brand":[1467],"product_cat":[1938,4300],"product_tag":[],"class_list":{"0":"post-39523","1":"product","2":"type-product","3":"status-publish","4":"has-post-thumbnail","6":"product_brand-pincha-seleccion","7":"product_cat-sailitab","8":"product_cat-tuun-ja-bonito","10":"first","11":"instock","12":"taxable","13":"shipping-taxable","14":"purchasable","15":"product-type-variable"},"_links":{"self":[{"href":"https:\/\/myspainfood.com\/et\/wp-json\/wp\/v2\/product\/39523","targetHints":{"allow":["GET"]}}],"collection":[{"href":"https:\/\/myspainfood.com\/et\/wp-json\/wp\/v2\/product"}],"about":[{"href":"https:\/\/myspainfood.com\/et\/wp-json\/wp\/v2\/types\/product"}],"wp:featuredmedia":[{"embeddable":true,"href":"https:\/\/myspainfood.com\/et\/wp-json\/wp\/v2\/media\/39526"}],"wp:attachment":[{"href":"https:\/\/myspainfood.com\/et\/wp-json\/wp\/v2\/media?parent=39523"}],"wp:term":[{"taxonomy":"product_brand","embeddable":true,"href":"https:\/\/myspainfood.com\/et\/wp-json\/wp\/v2\/product_brand?post=39523"},{"taxonomy":"product_cat","embeddable":true,"href":"https:\/\/myspainfood.com\/et\/wp-json\/wp\/v2\/product_cat?post=39523"},{"taxonomy":"product_tag","embeddable":true,"href":"https:\/\/myspainfood.com\/et\/wp-json\/wp\/v2\/product_tag?post=39523"}],"curies":[{"name":"wp","href":"https:\/\/api.w.org\/{rel}","templated":true}]}}