{"id":39677,"date":"2025-04-10T12:12:57","date_gmt":"2025-04-10T10:12:57","guid":{"rendered":"https:\/\/myspainfood.com\/producto\/la-vieja-fabrica-vaarikamoos-280-g\/"},"modified":"2025-09-02T10:53:21","modified_gmt":"2025-09-02T08:53:21","slug":"la-vieja-fabrica-vaarikamoos-280-g","status":"publish","type":"product","link":"https:\/\/myspainfood.com\/et\/producto\/la-vieja-fabrica-vaarikamoos-280-g\/","title":{"rendered":"La Vieja F\u00e1brica Vaarikamoos 280 g"},"content":{"rendered":"<p>La Vieja F\u00e1brica vaarikamoos on gurmeetoode, mis paistab silma oma intensiivse maitse ja k\u00f5rgeima kvaliteediga koostisosadega valmistamise poolest. V\u00e4rsketest ja valitud vaarikatest valmistatud moos pakub ainulaadset maitseelamust, mis annab iga suut\u00e4ie puuvilja olemuse. <\/p>\n<p><span class=\"info-key \"><strong>Toiduaine nimetus<\/strong>:<\/span> Vaarikamoos<\/p>\n<p><span class=\"info-key \"><strong>Ettev\u00f5tja nimi<\/strong>:<\/span> \u00c1ngel Camacho Alimentaci\u00f3n, S.L.<\/p>\n<p><strong><span class=\"info-key \">Operaatori aadress:<\/span><\/strong> Avda. del Pilar, 6 - 41530 Mor\u00f3n de la Frontera (Sevilla).<\/p>\n<p><span class=\"info-key \"><strong>Toiduaine p\u00e4ritolukoht<\/strong>:<\/span> Hispaania toode. <\/p>\n<p><strong><span class=\"info-key \">Netokogus:<\/span><\/strong> 350 g<\/p>\n<p><strong><span class=\"info-key \">Muu kohustuslik teave etiketil:<\/span><\/strong> Valmistatud 45 g vaarikatest 100 g kohta.<\/p>\n<p><strong>Kogusuhkrusisaldus<\/strong> 50 g 100 g kohta.<\/p>\n","protected":false},"excerpt":{"rendered":"<p>La Vieja F\u00e1brica vaarikamoos on gurmeetoode, mis paistab silma oma intensiivse maitse ja k\u00f5rgeima kvaliteediga koostisosadega valmistamise poolest. V\u00e4rsketest ja valitud vaarikatest valmistatud moos pakub ainulaadset maitseelamust, mis annab iga suut\u00e4ie puuvilja olemuse. Toiduaine nimetus: Vaarikamoos Ettev\u00f5tja nimi: \u00c1ngel Camacho Alimentaci\u00f3n, S.L. Operaatori aadress: Avda. del Pilar, 6 - 41530 Mor\u00f3n de la Frontera (Sevilla). [&hellip;]<\/p>\n","protected":false},"featured_media":39685,"template":"","meta":{"_et_pb_use_builder":"","_et_pb_old_content":"","_et_gb_content_width":""},"product_brand":[1460],"product_cat":[1938],"product_tag":[],"class_list":{"0":"post-39677","1":"product","2":"type-product","3":"status-publish","4":"has-post-thumbnail","6":"product_brand-la-vieja-fabrica","7":"product_cat-sailitab","9":"first","10":"outofstock","11":"taxable","12":"shipping-taxable","13":"product-type-variable"},"_links":{"self":[{"href":"https:\/\/myspainfood.com\/et\/wp-json\/wp\/v2\/product\/39677","targetHints":{"allow":["GET"]}}],"collection":[{"href":"https:\/\/myspainfood.com\/et\/wp-json\/wp\/v2\/product"}],"about":[{"href":"https:\/\/myspainfood.com\/et\/wp-json\/wp\/v2\/types\/product"}],"wp:featuredmedia":[{"embeddable":true,"href":"https:\/\/myspainfood.com\/et\/wp-json\/wp\/v2\/media\/39685"}],"wp:attachment":[{"href":"https:\/\/myspainfood.com\/et\/wp-json\/wp\/v2\/media?parent=39677"}],"wp:term":[{"taxonomy":"product_brand","embeddable":true,"href":"https:\/\/myspainfood.com\/et\/wp-json\/wp\/v2\/product_brand?post=39677"},{"taxonomy":"product_cat","embeddable":true,"href":"https:\/\/myspainfood.com\/et\/wp-json\/wp\/v2\/product_cat?post=39677"},{"taxonomy":"product_tag","embeddable":true,"href":"https:\/\/myspainfood.com\/et\/wp-json\/wp\/v2\/product_tag?post=39677"}],"curies":[{"name":"wp","href":"https:\/\/api.w.org\/{rel}","templated":true}]}}