{"id":39753,"date":"2025-04-10T12:12:57","date_gmt":"2025-04-10T10:12:57","guid":{"rendered":"https:\/\/myspainfood.com\/producto\/la-vieja-fabrica-maasikamoos-diet-280-g\/"},"modified":"2025-04-10T12:12:57","modified_gmt":"2025-04-10T10:12:57","slug":"la-vieja-fabrica-maasikamoos-diet-280-g","status":"publish","type":"product","link":"https:\/\/myspainfood.com\/et\/producto\/la-vieja-fabrica-maasikamoos-diet-280-g\/","title":{"rendered":"La Vieja F\u00e1brica maasikamoos DIET 280 g"},"content":{"rendered":"<p>La Vieja F\u00e1brica Diet Strawberry Jam on maitsev ja tervislik valik neile, kes soovivad nautida maasikate ehedat maitset ilma rafineeritud suhkrute lisamiseta. See dieedimoos on valmistatud naturaalsetest koostisosadest ja madala kalorsusega magusainetest, pakkudes t\u00e4iuslikku alternatiivi neile, kes j\u00e4lgivad oma kalorite ja gl\u00fckeemia tarbimist. <\/p>\n<p><span class=\"info-key \"><strong>Toiduaine nimetus<\/strong>:<\/span> dieetmaasikamoos<\/p>\n<p><span class=\"info-key \"><strong>Ettev\u00f5tja nimi<\/strong>:<\/span> \u00c1ngel Camacho Alimentaci\u00f3n, S.L.<\/p>\n<p><span class=\"info-key \"><strong>Ettev\u00f5tja aadress<\/strong>:<\/span> Avda. del Pilar, 6 - 41530 Mor\u00f3n de la Frontera (Sevilla).<\/p>\n<p><strong><span class=\"info-key \">Toidu p\u00e4ritolukoht:<\/span><\/strong> Hispaania toode<\/p>\n<p><strong><span class=\"info-key \">Netokogus:<\/span><\/strong> 280 g<\/p>\n<p><strong><span class=\"info-key \">Muu kohustuslik m\u00e4rgistusinfo:<\/span><\/strong> Sobib diabeetikutele. Valmistatud 55 g maasikatest 100 g kohta. <\/p>\n<p><strong>Kogusuhkrusisaldus<\/strong> 42 g 100 g kohta.<\/p>\n","protected":false},"excerpt":{"rendered":"<p>La Vieja F\u00e1brica Diet Strawberry Jam on maitsev ja tervislik valik neile, kes soovivad nautida maasikate ehedat maitset ilma rafineeritud suhkrute lisamiseta. See dieedimoos on valmistatud naturaalsetest koostisosadest ja madala kalorsusega magusainetest, pakkudes t\u00e4iuslikku alternatiivi neile, kes j\u00e4lgivad oma kalorite ja gl\u00fckeemia tarbimist. Toiduaine nimetus: dieetmaasikamoos Ettev\u00f5tja nimi: \u00c1ngel Camacho Alimentaci\u00f3n, S.L. Ettev\u00f5tja aadress: Avda. [&hellip;]<\/p>\n","protected":false},"featured_media":39760,"template":"","meta":{"_et_pb_use_builder":"","_et_pb_old_content":"","_et_gb_content_width":""},"product_brand":[1460],"product_cat":[1938],"product_tag":[],"class_list":{"0":"post-39753","1":"product","2":"type-product","3":"status-publish","4":"has-post-thumbnail","6":"product_brand-la-vieja-fabrica","7":"product_cat-sailitab","9":"first","10":"outofstock","11":"taxable","12":"shipping-taxable","13":"product-type-variable"},"_links":{"self":[{"href":"https:\/\/myspainfood.com\/et\/wp-json\/wp\/v2\/product\/39753","targetHints":{"allow":["GET"]}}],"collection":[{"href":"https:\/\/myspainfood.com\/et\/wp-json\/wp\/v2\/product"}],"about":[{"href":"https:\/\/myspainfood.com\/et\/wp-json\/wp\/v2\/types\/product"}],"wp:featuredmedia":[{"embeddable":true,"href":"https:\/\/myspainfood.com\/et\/wp-json\/wp\/v2\/media\/39760"}],"wp:attachment":[{"href":"https:\/\/myspainfood.com\/et\/wp-json\/wp\/v2\/media?parent=39753"}],"wp:term":[{"taxonomy":"product_brand","embeddable":true,"href":"https:\/\/myspainfood.com\/et\/wp-json\/wp\/v2\/product_brand?post=39753"},{"taxonomy":"product_cat","embeddable":true,"href":"https:\/\/myspainfood.com\/et\/wp-json\/wp\/v2\/product_cat?post=39753"},{"taxonomy":"product_tag","embeddable":true,"href":"https:\/\/myspainfood.com\/et\/wp-json\/wp\/v2\/product_tag?post=39753"}],"curies":[{"name":"wp","href":"https:\/\/api.w.org\/{rel}","templated":true}]}}