{"id":39785,"date":"2025-04-10T12:12:57","date_gmt":"2025-04-10T10:12:57","guid":{"rendered":"https:\/\/myspainfood.com\/producto\/la-vieja-fabrica-metsamarjam-280-g\/"},"modified":"2025-04-10T12:12:57","modified_gmt":"2025-04-10T10:12:57","slug":"la-vieja-fabrica-metsamarjam-280-g","status":"publish","type":"product","link":"https:\/\/myspainfood.com\/et\/producto\/la-vieja-fabrica-metsamarjam-280-g\/","title":{"rendered":"La Vieja F\u00e1brica metsamarjam 280 g"},"content":{"rendered":"<p>La Vieja F\u00e1brica metsamarjamoos on peen kombinatsioon parimatest metsaviljadest, mis on hoolikalt valitud, et pakkuda ainulaadset ja maitsvat maitset. See toode paistab silma oma k\u00e4sit\u00f6\u00f6ndusliku tootmise ja kvaliteedile p\u00fchendumise poolest, pakkudes gastronoomilist kogemust, mis toob igas lusikat\u00e4iega esile looduse olemuse. <\/p>\n<p><span class=\"info-key \"><strong>Toiduaine nimetus<\/strong>:<\/span> Metsamarjamoos<\/p>\n<p><span class=\"info-key \"><strong>Ettev\u00f5tja nimi<\/strong>:<\/span> \u00c1ngel Camacho Alimentaci\u00f3n, S.L.<\/p>\n<p><strong><span class=\"info-key \">Operaatori aadress:<\/span><\/strong> Avda. del Pilar, 6 - 41530 Mor\u00f3n de la Frontera (Sevilla).<\/p>\n<p><span class=\"info-key \"><strong>Toiduaine p\u00e4ritolukoht<\/strong>:<\/span> Hispaania toode. <\/p>\n<p><span class=\"info-key \"><strong>Netokogus<\/strong>:<\/span> 350 g<\/p>\n<p><span class=\"info-key \"><strong>Muud kohustuslikud m\u00e4rgistusandmed<\/strong>:<\/span> Valmistatud 45 g marjadest 100 g kohta.<\/p>\n<p> <strong> Kogusuhkrusisaldus<\/strong> 50 g 100 g kohta.<\/p>\n","protected":false},"excerpt":{"rendered":"<p>La Vieja F\u00e1brica metsamarjamoos on peen kombinatsioon parimatest metsaviljadest, mis on hoolikalt valitud, et pakkuda ainulaadset ja maitsvat maitset. See toode paistab silma oma k\u00e4sit\u00f6\u00f6ndusliku tootmise ja kvaliteedile p\u00fchendumise poolest, pakkudes gastronoomilist kogemust, mis toob igas lusikat\u00e4iega esile looduse olemuse. Toiduaine nimetus: Metsamarjamoos Ettev\u00f5tja nimi: \u00c1ngel Camacho Alimentaci\u00f3n, S.L. Operaatori aadress: Avda. del Pilar, 6 [&hellip;]<\/p>\n","protected":false},"featured_media":39790,"template":"","meta":{"_et_pb_use_builder":"","_et_pb_old_content":"","_et_gb_content_width":""},"product_brand":[1460],"product_cat":[1938],"product_tag":[],"class_list":{"0":"post-39785","1":"product","2":"type-product","3":"status-publish","4":"has-post-thumbnail","6":"product_brand-la-vieja-fabrica","7":"product_cat-sailitab","9":"first","10":"outofstock","11":"taxable","12":"shipping-taxable","13":"product-type-variable"},"_links":{"self":[{"href":"https:\/\/myspainfood.com\/et\/wp-json\/wp\/v2\/product\/39785","targetHints":{"allow":["GET"]}}],"collection":[{"href":"https:\/\/myspainfood.com\/et\/wp-json\/wp\/v2\/product"}],"about":[{"href":"https:\/\/myspainfood.com\/et\/wp-json\/wp\/v2\/types\/product"}],"wp:featuredmedia":[{"embeddable":true,"href":"https:\/\/myspainfood.com\/et\/wp-json\/wp\/v2\/media\/39790"}],"wp:attachment":[{"href":"https:\/\/myspainfood.com\/et\/wp-json\/wp\/v2\/media?parent=39785"}],"wp:term":[{"taxonomy":"product_brand","embeddable":true,"href":"https:\/\/myspainfood.com\/et\/wp-json\/wp\/v2\/product_brand?post=39785"},{"taxonomy":"product_cat","embeddable":true,"href":"https:\/\/myspainfood.com\/et\/wp-json\/wp\/v2\/product_cat?post=39785"},{"taxonomy":"product_tag","embeddable":true,"href":"https:\/\/myspainfood.com\/et\/wp-json\/wp\/v2\/product_tag?post=39785"}],"curies":[{"name":"wp","href":"https:\/\/api.w.org\/{rel}","templated":true}]}}