{"id":39844,"date":"2025-04-10T12:13:20","date_gmt":"2025-04-10T10:13:20","guid":{"rendered":"https:\/\/myspainfood.com\/producto\/vein-mataromera-ribera-del-duero-crianza-2019-paritolunimetus-75-cl\/"},"modified":"2026-01-29T12:53:53","modified_gmt":"2026-01-29T11:53:53","slug":"vein-mataromera-ribera-del-duero-crianza-2019-paritolunimetus-75-cl","status":"publish","type":"product","link":"https:\/\/myspainfood.com\/et\/producto\/vein-mataromera-ribera-del-duero-crianza-2019-paritolunimetus-75-cl\/","title":{"rendered":"Vein Mataromera Ribera del Duero Crianza 2019 P\u00e4ritolunimetus 75 cl"},"content":{"rendered":"<p>Mataromera on Ribera del Dueros asuv tuntud veinikoda, mis on tuntud oma p\u00fchendumise poolest tipptasemele ning traditsioonidest ja uuendustest kinnipidavate viinamarjakasvatus- ja veinivalmistusmeetodite kasutamise poolest. See vein peegeldab Duero oru n\u00f5lvadel asuvate viinamarjaistanduste ainulaadset iseloomu, kus \u00e4\u00e4rmuslik kontinentaalne kliima ja savi-lubjakivipinnas pakuvad ideaalseid tingimusi Tempranillo kasvatamiseks. <\/p>\n<p>&nbsp;<\/p>\n<p>See vein on Ribera del Duero autentne v\u00e4ljendus, mis pakub rikkalikku ja meeldej\u00e4\u00e4vat aistingut. Sobib suurep\u00e4raselt erilisteks pidustusteks v\u00f5i elegantsete \u00f5htus\u00f6\u00f6kide nautimiseks. <\/p>\n<p>&nbsp;<\/p>\n<p>Laagerdunud prantsuse ja ameerika tammevaatides umbes 14 kuud, millele j\u00e4rgneb t\u00e4iendav laagerdumine pudelis.<\/p>\n","protected":false},"excerpt":{"rendered":"<p>Mataromera on Ribera del Dueros asuv tuntud veinikoda, mis on tuntud oma p\u00fchendumise poolest tipptasemele ning traditsioonidest ja uuendustest kinnipidavate viinamarjakasvatus- ja veinivalmistusmeetodite kasutamise poolest. See vein peegeldab Duero oru n\u00f5lvadel asuvate viinamarjaistanduste ainulaadset iseloomu, kus \u00e4\u00e4rmuslik kontinentaalne kliima ja savi-lubjakivipinnas pakuvad ideaalseid tingimusi Tempranillo kasvatamiseks. &nbsp; See vein on Ribera del Duero autentne v\u00e4ljendus, [&hellip;]<\/p>\n","protected":false},"featured_media":39850,"template":"","meta":{"_et_pb_use_builder":"","_et_pb_old_content":"","_et_gb_content_width":""},"product_brand":[1462],"product_cat":[4915,6287],"product_tag":[],"class_list":{"0":"post-39844","1":"product","2":"type-product","3":"status-publish","4":"has-post-thumbnail","6":"product_brand-matarromera","7":"product_cat-joogid","8":"product_cat-vein-et-2","10":"first","11":"outofstock","12":"taxable","13":"shipping-taxable","14":"product-type-variable"},"_links":{"self":[{"href":"https:\/\/myspainfood.com\/et\/wp-json\/wp\/v2\/product\/39844","targetHints":{"allow":["GET"]}}],"collection":[{"href":"https:\/\/myspainfood.com\/et\/wp-json\/wp\/v2\/product"}],"about":[{"href":"https:\/\/myspainfood.com\/et\/wp-json\/wp\/v2\/types\/product"}],"wp:featuredmedia":[{"embeddable":true,"href":"https:\/\/myspainfood.com\/et\/wp-json\/wp\/v2\/media\/39850"}],"wp:attachment":[{"href":"https:\/\/myspainfood.com\/et\/wp-json\/wp\/v2\/media?parent=39844"}],"wp:term":[{"taxonomy":"product_brand","embeddable":true,"href":"https:\/\/myspainfood.com\/et\/wp-json\/wp\/v2\/product_brand?post=39844"},{"taxonomy":"product_cat","embeddable":true,"href":"https:\/\/myspainfood.com\/et\/wp-json\/wp\/v2\/product_cat?post=39844"},{"taxonomy":"product_tag","embeddable":true,"href":"https:\/\/myspainfood.com\/et\/wp-json\/wp\/v2\/product_tag?post=39844"}],"curies":[{"name":"wp","href":"https:\/\/api.w.org\/{rel}","templated":true}]}}