{"id":39887,"date":"2025-04-10T12:13:45","date_gmt":"2025-04-10T10:13:45","guid":{"rendered":"https:\/\/myspainfood.com\/producto\/sierra-zarza-gourmet-kitsejuust-750-grammi\/"},"modified":"2025-04-10T12:13:45","modified_gmt":"2025-04-10T10:13:45","slug":"sierra-zarza-gourmet-kitsejuust-750-grammi","status":"publish","type":"product","link":"https:\/\/myspainfood.com\/et\/producto\/sierra-zarza-gourmet-kitsejuust-750-grammi\/","title":{"rendered":"Sierra Zarza Gourmet kitsejuust 750 grammi"},"content":{"rendered":"<p>Avastage maapiirkonna ehedat olemust meie suurep\u00e4rase Sierra Zarza kitsejuustuga, mis on k\u00e4sit\u00f6\u00f6nduslik r\u00f5\u00f5m, mis kehastab puhtaima kitsepiima traditsiooni ja kvaliteeti. See juust on p\u00e4rit valitud karjadelt, mis karjatavad vabalt Sierra Zarza m\u00e4en\u00f5lvadel, ja pakub ainulaadset gastronoomilist elamust. <\/p>\n<p>Sierra Zarza kitsejuust on elegantses esitluses, mis sobib ideaalselt nii eriliste s\u00fcndmuste kui ka igap\u00e4evaseks kasutamiseks. Sobib ideaalselt valge ja roosade veinidega ning on suurep\u00e4rane lisand salatitele, tapadele ja gurmeedesserdidele. Selle mitmek\u00fclgsus k\u00f6\u00f6gis teeb sellest hea toidu austajate jaoks h\u00e4davajaliku koostisosa.  <\/p>\n<p>Avastage maapiirkonna ehedat olemust meie suurep\u00e4rase Sierra Zarza kitsejuustuga, mis on k\u00e4sit\u00f6\u00f6nduslik r\u00f5\u00f5m, mis kehastab puhtaima kitsepiima traditsiooni ja kvaliteeti. See juust on p\u00e4rit valitud karjadelt, mis karjatavad vabalt Sierra Zarza m\u00e4en\u00f5lvadel, ja pakub ainulaadset gastronoomilist elamust. <\/p>\n<p>&nbsp;<\/p>\n<p>Sierra Zarza kitsejuust on elegantses esitluses, mis sobib ideaalselt nii eriliste s\u00fcndmuste kui ka igap\u00e4evaseks kasutamiseks. Sobib ideaalselt valge ja roosade veinidega ning on suurep\u00e4rane lisand salatitele, tapadele ja gurmeedesserdidele. Selle mitmek\u00fclgsus k\u00f6\u00f6gis teeb sellest hea toidu austajate jaoks h\u00e4davajaliku koostisosa.  <\/p>\n","protected":false},"excerpt":{"rendered":"<p>Avastage maapiirkonna ehedat olemust meie suurep\u00e4rase Sierra Zarza kitsejuustuga, mis on k\u00e4sit\u00f6\u00f6nduslik r\u00f5\u00f5m, mis kehastab puhtaima kitsepiima traditsiooni ja kvaliteeti. See juust on p\u00e4rit valitud karjadelt, mis karjatavad vabalt Sierra Zarza m\u00e4en\u00f5lvadel, ja pakub ainulaadset gastronoomilist elamust. Sierra Zarza kitsejuust on elegantses esitluses, mis sobib ideaalselt nii eriliste s\u00fcndmuste kui ka igap\u00e4evaseks kasutamiseks. Sobib ideaalselt [&hellip;]<\/p>\n","protected":false},"featured_media":39895,"template":"","meta":{"_et_pb_use_builder":"","_et_pb_old_content":"","_et_gb_content_width":""},"product_brand":[1465],"product_cat":[2261,2742],"product_tag":[],"class_list":{"0":"post-39887","1":"product","2":"type-product","3":"status-publish","4":"has-post-thumbnail","6":"product_brand-sierra-zarza","7":"product_cat-juust-ja-vorst","8":"product_cat-ravimine","10":"first","11":"outofstock","12":"taxable","13":"shipping-taxable","14":"purchasable","15":"product-type-variable"},"_links":{"self":[{"href":"https:\/\/myspainfood.com\/et\/wp-json\/wp\/v2\/product\/39887","targetHints":{"allow":["GET"]}}],"collection":[{"href":"https:\/\/myspainfood.com\/et\/wp-json\/wp\/v2\/product"}],"about":[{"href":"https:\/\/myspainfood.com\/et\/wp-json\/wp\/v2\/types\/product"}],"wp:featuredmedia":[{"embeddable":true,"href":"https:\/\/myspainfood.com\/et\/wp-json\/wp\/v2\/media\/39895"}],"wp:attachment":[{"href":"https:\/\/myspainfood.com\/et\/wp-json\/wp\/v2\/media?parent=39887"}],"wp:term":[{"taxonomy":"product_brand","embeddable":true,"href":"https:\/\/myspainfood.com\/et\/wp-json\/wp\/v2\/product_brand?post=39887"},{"taxonomy":"product_cat","embeddable":true,"href":"https:\/\/myspainfood.com\/et\/wp-json\/wp\/v2\/product_cat?post=39887"},{"taxonomy":"product_tag","embeddable":true,"href":"https:\/\/myspainfood.com\/et\/wp-json\/wp\/v2\/product_tag?post=39887"}],"curies":[{"name":"wp","href":"https:\/\/api.w.org\/{rel}","templated":true}]}}