{"id":39974,"date":"2025-04-10T12:13:45","date_gmt":"2025-04-10T10:13:45","guid":{"rendered":"https:\/\/myspainfood.com\/producto\/ramon-bilbao-rioja-crianza-2020-paritolunimetus-75-cl\/"},"modified":"2026-01-29T13:02:02","modified_gmt":"2026-01-29T12:02:02","slug":"ramon-bilbao-rioja-crianza-2020-paritolunimetus-75-cl","status":"publish","type":"product","link":"https:\/\/myspainfood.com\/et\/producto\/ramon-bilbao-rioja-crianza-2020-paritolunimetus-75-cl\/","title":{"rendered":"Ramon Bilbao Rioja Crianza 2020 p\u00e4ritolunimetus 75 cl"},"content":{"rendered":"<p>Avastage Rioja tipptaset Ram\u00f3n Bilbao Crianza 2020 punaveiniga, mis peegeldab Hispaania \u00fche k\u00f5ige mainekama veinitootja traditsioone ja uuenduslikku vaimu. See vein, mis on valminud hoolika t\u00e4helepanu p\u00f6\u00f6rates \u00fcksikasjadele, esindab Rioja piirkonna kvaliteeti ja iseloomu autentselt. <\/p>\n<p>&nbsp;<\/p>\n<p>1924. aastal asutatud Ram\u00f3n Bilbao veinikelder \u00fchendab Rioja veinivalmistamise traditsioonid uuendusliku visiooniga, luues veine, mis on nii austusavaldus piirkonna p\u00e4randile kui ka kaasaegsuse v\u00e4ljendus. Ram\u00f3n Bilbao Crianza 2020 on vein, mis kutsub teid avastama Rioja rikkust ja mitmekesisust ning sobib ideaalselt igale s\u00fcndmusele, alates ametlikest \u00f5htus\u00f6\u00f6kidest kuni mitteametlike koosviibimisteni. <\/p>\n","protected":false},"excerpt":{"rendered":"<p>Avastage Rioja tipptaset Ram\u00f3n Bilbao Crianza 2020 punaveiniga, mis peegeldab Hispaania \u00fche k\u00f5ige mainekama veinitootja traditsioone ja uuenduslikku vaimu. See vein, mis on valminud hoolika t\u00e4helepanu p\u00f6\u00f6rates \u00fcksikasjadele, esindab Rioja piirkonna kvaliteeti ja iseloomu autentselt. &nbsp; 1924. aastal asutatud Ram\u00f3n Bilbao veinikelder \u00fchendab Rioja veinivalmistamise traditsioonid uuendusliku visiooniga, luues veine, mis on nii austusavaldus piirkonna [&hellip;]<\/p>\n","protected":false},"featured_media":39982,"template":"","meta":{"_et_pb_use_builder":"","_et_pb_old_content":"","_et_gb_content_width":""},"product_brand":[1463],"product_cat":[4915,6287],"product_tag":[],"class_list":{"0":"post-39974","1":"product","2":"type-product","3":"status-publish","4":"has-post-thumbnail","6":"product_brand-ramon-bilbao","7":"product_cat-joogid","8":"product_cat-vein-et-2","10":"first","11":"outofstock","12":"taxable","13":"shipping-taxable","14":"product-type-variable"},"_links":{"self":[{"href":"https:\/\/myspainfood.com\/et\/wp-json\/wp\/v2\/product\/39974","targetHints":{"allow":["GET"]}}],"collection":[{"href":"https:\/\/myspainfood.com\/et\/wp-json\/wp\/v2\/product"}],"about":[{"href":"https:\/\/myspainfood.com\/et\/wp-json\/wp\/v2\/types\/product"}],"wp:featuredmedia":[{"embeddable":true,"href":"https:\/\/myspainfood.com\/et\/wp-json\/wp\/v2\/media\/39982"}],"wp:attachment":[{"href":"https:\/\/myspainfood.com\/et\/wp-json\/wp\/v2\/media?parent=39974"}],"wp:term":[{"taxonomy":"product_brand","embeddable":true,"href":"https:\/\/myspainfood.com\/et\/wp-json\/wp\/v2\/product_brand?post=39974"},{"taxonomy":"product_cat","embeddable":true,"href":"https:\/\/myspainfood.com\/et\/wp-json\/wp\/v2\/product_cat?post=39974"},{"taxonomy":"product_tag","embeddable":true,"href":"https:\/\/myspainfood.com\/et\/wp-json\/wp\/v2\/product_tag?post=39974"}],"curies":[{"name":"wp","href":"https:\/\/api.w.org\/{rel}","templated":true}]}}