{"id":40023,"date":"2025-04-10T12:14:06","date_gmt":"2025-04-10T10:14:06","guid":{"rendered":"https:\/\/myspainfood.com\/producto\/a-inigo-garbanzos-de-primera-3-kg\/"},"modified":"2025-04-10T12:14:06","modified_gmt":"2025-04-10T10:14:06","slug":"a-inigo-garbanzos-de-primera-3-kg","status":"publish","type":"product","link":"https:\/\/myspainfood.com\/et\/producto\/a-inigo-garbanzos-de-primera-3-kg\/","title":{"rendered":"A. I\u00f1igo Garbanzos de Primera 3 kg"},"content":{"rendered":"<p>Avastage <strong>Primera A. I\u00f1igo kikerherned. I\u00f1igo<\/strong>, mis on hoolikalt valitud, et pakkuda teile parima kvaliteedi ja maitse iga oa puhul. Need esmaklassilised kikerherned on ideaalne koostisosa teie roogade kaunistamiseks, pakkudes siledat ja kreemjas tekstuuri, mis sobib paljude erinevate retseptidega. <\/p>\n<p><strong>Eelised:<\/strong><\/p>\n<ul>\n<li><strong>Toitev:<\/strong> k\u00f5rge kiudainete ja valkude sisaldus, mis on oluline tervisliku ja tasakaalustatud toitumise jaoks.<\/li>\n<li><strong>Energiline:<\/strong> need annavad energiat ja k\u00fcllastavad ning sobivad ideaalselt mis tahes toidukorra ajal.<\/li>\n<li><strong>Tervislik:<\/strong> ilma lisaainete ja s\u00e4ilitusaineteta on need naturaalne ja tervislik valik kogu perele.<\/li>\n<li><strong>Mitmek\u00fclgsus k\u00f6\u00f6gis:<\/strong> nad sobivad paljude erinevate retseptidega, nii traditsiooniliste kui ka kaasaegsete, v\u00f5imaldades teil luua maitsvaid ja toitvaid roogasid.<\/li>\n<\/ul>\n<p><strong>Soovitused kasutamiseks:<\/strong><\/p>\n<ul>\n<li><strong>Salatid:<\/strong> lisage neid oma salatitele, et anda neile tekstuuri ja toitaineid.<\/li>\n<li><strong>Hautised ja supid:<\/strong> Sobib suurep\u00e4raselt liha-, linnu- v\u00f5i k\u00f6\u00f6giviljapraadide ning rahustavate suppide rikastamiseks.<\/li>\n<li><strong>Hummus:<\/strong> kasutage neid koduse hummuse valmistamiseks, lisades tahiini, sidrunit, k\u00fc\u00fcslauku ja oliivi\u00f5li.<\/li>\n<li><strong>Traditsioonilised toidud:<\/strong> ideaalne hautiste, pajaroogade ja muude traditsiooniliste hispaania retseptide jaoks.<\/li>\n<\/ul>\n<p><strong>S\u00e4ilitamine:<\/strong><\/p>\n<ul>\n<li>Hoida jahedas ja kuivas kohas.<\/li>\n<li>Hoida pakend tihedalt suletuna, et s\u00e4ilitada v\u00e4rskust.<\/li>\n<\/ul>\n","protected":false},"excerpt":{"rendered":"<p>Avastage Primera A. I\u00f1igo kikerherned. I\u00f1igo, mis on hoolikalt valitud, et pakkuda teile parima kvaliteedi ja maitse iga oa puhul. Need esmaklassilised kikerherned on ideaalne koostisosa teie roogade kaunistamiseks, pakkudes siledat ja kreemjas tekstuuri, mis sobib paljude erinevate retseptidega. Eelised: Toitev: k\u00f5rge kiudainete ja valkude sisaldus, mis on oluline tervisliku ja tasakaalustatud toitumise jaoks. Energiline: [&hellip;]<\/p>\n","protected":false},"featured_media":40029,"template":"","meta":{"_et_pb_use_builder":"","_et_pb_old_content":"","_et_gb_content_width":""},"product_brand":[1461],"product_cat":[2186],"product_tag":[],"class_list":{"0":"post-40023","1":"product","2":"type-product","3":"status-publish","4":"has-post-thumbnail","6":"product_brand-a-inigo","7":"product_cat-testimise-kategooria","9":"first","10":"outofstock","11":"taxable","12":"shipping-taxable","13":"product-type-variable"},"_links":{"self":[{"href":"https:\/\/myspainfood.com\/et\/wp-json\/wp\/v2\/product\/40023","targetHints":{"allow":["GET"]}}],"collection":[{"href":"https:\/\/myspainfood.com\/et\/wp-json\/wp\/v2\/product"}],"about":[{"href":"https:\/\/myspainfood.com\/et\/wp-json\/wp\/v2\/types\/product"}],"wp:featuredmedia":[{"embeddable":true,"href":"https:\/\/myspainfood.com\/et\/wp-json\/wp\/v2\/media\/40029"}],"wp:attachment":[{"href":"https:\/\/myspainfood.com\/et\/wp-json\/wp\/v2\/media?parent=40023"}],"wp:term":[{"taxonomy":"product_brand","embeddable":true,"href":"https:\/\/myspainfood.com\/et\/wp-json\/wp\/v2\/product_brand?post=40023"},{"taxonomy":"product_cat","embeddable":true,"href":"https:\/\/myspainfood.com\/et\/wp-json\/wp\/v2\/product_cat?post=40023"},{"taxonomy":"product_tag","embeddable":true,"href":"https:\/\/myspainfood.com\/et\/wp-json\/wp\/v2\/product_tag?post=40023"}],"curies":[{"name":"wp","href":"https:\/\/api.w.org\/{rel}","templated":true}]}}