{"id":40247,"date":"2025-04-10T12:14:28","date_gmt":"2025-04-10T10:14:28","guid":{"rendered":"https:\/\/myspainfood.com\/producto\/la-encajera-maitsestatud-terve-baklazaan-560-grammi\/"},"modified":"2025-04-10T12:14:28","modified_gmt":"2025-04-10T10:14:28","slug":"la-encajera-maitsestatud-terve-baklazaan-560-grammi","status":"publish","type":"product","link":"https:\/\/myspainfood.com\/et\/producto\/la-encajera-maitsestatud-terve-baklazaan-560-grammi\/","title":{"rendered":"La Encajera Maitsestatud terve bakla\u017eaan 560 grammi"},"content":{"rendered":"<p>Terve bakla\u017eaan kastmega on ideaalne <a href=\"https:\/\/www.laencajera.es\/berenjenas-de-almagro\" target=\"_blank\" rel=\"noopener noreferrer nofollow\">eelroog<\/a>.<\/p>\n<p>Kasutatakse ka salatite lisandina.<\/p>\n<p>Neid maitsestatakse vee, veini\u00e4\u00e4dika, oliivi\u00f5li, paprika, soola, k\u00f6\u00f6mne ja k\u00fc\u00fcslauguga.<\/p>\n<p>Bakla\u017eaanid bakla\u017eaanikastmega on p\u00e4rit Castilla la Manchast, Hispaaniast.<\/p>\n<p>Koostisained: S: Bakla\u017eaan &#8220;De Almagro&#8221;, vesi, sool, veini\u00e4\u00e4dikas, looduslikud maitseained (k\u00fc\u00fcslauk, k\u00f6\u00f6mned, paprika, oliivi\u00f5li), l\u00f5hna- ja maitsetugevdaja (E-621), happesuse suurendajad (E-330), s\u00e4ilitusained (E-270, E-211, E-202E-223), antioks\u00fcdant (E-300) ja looduslikud l\u00f5hna- ja maitseained.<\/p>\n<p>Hoida jahedas ja kuivas kohas, temperatuuril 3\u00baC kuni 10\u00baC. Hoida eemal p\u00e4ikesevalgusest ja tugevatest l\u00f5hnadest. <\/p>\n<p>P\u00e4rast avamist hoida k\u00fclmkapis ja tarbida 30 p\u00e4eva jooksul.<\/p>\n<p>Kui soovite osta oliive v\u00f5i mis tahes muud t\u00fc\u00fcpi <a href=\"https:\/\/latiendadesami.com\/categoria-producto\/encurtidos\/\" rel=\"noopener noreferrer nofollow\" target=\"_blank\">hapukurki<\/a>, siis vaadake julgelt meie veebikataloogi, et n\u00e4ha meie laia valikut <a href=\"https:\/\/latiendadesami.com\/categoria-producto\/encurtidos\/berenjenas\/\" target=\"_blank\" rel=\"noopener noreferrer nofollow\">bakla\u017eaane<\/a>.<\/p>\n<p>Kaubam\u00e4rk on La Encajonera, 1990. aastal asutatud pereettev\u00f5te, mis asub La Mancha s\u00fcdames, Ciudad Reali provintsis asuvas ALMAGRO linnas.<\/p>\n<p>Selle toodete tootmisprotsess algab samas kasvatuspiirkonnas, kus valitakse v\u00e4lja parima kvaliteediga toode.<\/p>\n<p>Tehas on varustatud k\u00f5ige kaasaegsema tehnoloogiaga, s\u00e4ilitades samas k\u00e4sit\u00f6\u00f6liste traditsiooni ja oskusteavet.<\/p>\n","protected":false},"excerpt":{"rendered":"<p>Terve bakla\u017eaan kastmega on ideaalne eelroog. Kasutatakse ka salatite lisandina. Neid maitsestatakse vee, veini\u00e4\u00e4dika, oliivi\u00f5li, paprika, soola, k\u00f6\u00f6mne ja k\u00fc\u00fcslauguga. Bakla\u017eaanid bakla\u017eaanikastmega on p\u00e4rit Castilla la Manchast, Hispaaniast. Koostisained: S: Bakla\u017eaan &#8220;De Almagro&#8221;, vesi, sool, veini\u00e4\u00e4dikas, looduslikud maitseained (k\u00fc\u00fcslauk, k\u00f6\u00f6mned, paprika, oliivi\u00f5li), l\u00f5hna- ja maitsetugevdaja (E-621), happesuse suurendajad (E-330), s\u00e4ilitusained (E-270, E-211, E-202E-223), antioks\u00fcdant (E-300) [&hellip;]<\/p>\n","protected":false},"featured_media":22949,"template":"","meta":{"_et_pb_use_builder":"","_et_pb_old_content":"","_et_gb_content_width":""},"product_brand":[1057],"product_cat":[2112,1790],"product_tag":[2114],"class_list":{"0":"post-40247","1":"product","2":"type-product","3":"status-publish","4":"has-post-thumbnail","6":"product_brand-la-encajera","7":"product_cat-baklazaanid","8":"product_cat-kurgid","9":"product_tag-alinada-et","11":"first","12":"outofstock","13":"taxable","14":"shipping-taxable","15":"product-type-variable"},"_links":{"self":[{"href":"https:\/\/myspainfood.com\/et\/wp-json\/wp\/v2\/product\/40247","targetHints":{"allow":["GET"]}}],"collection":[{"href":"https:\/\/myspainfood.com\/et\/wp-json\/wp\/v2\/product"}],"about":[{"href":"https:\/\/myspainfood.com\/et\/wp-json\/wp\/v2\/types\/product"}],"wp:featuredmedia":[{"embeddable":true,"href":"https:\/\/myspainfood.com\/et\/wp-json\/wp\/v2\/media\/22949"}],"wp:attachment":[{"href":"https:\/\/myspainfood.com\/et\/wp-json\/wp\/v2\/media?parent=40247"}],"wp:term":[{"taxonomy":"product_brand","embeddable":true,"href":"https:\/\/myspainfood.com\/et\/wp-json\/wp\/v2\/product_brand?post=40247"},{"taxonomy":"product_cat","embeddable":true,"href":"https:\/\/myspainfood.com\/et\/wp-json\/wp\/v2\/product_cat?post=40247"},{"taxonomy":"product_tag","embeddable":true,"href":"https:\/\/myspainfood.com\/et\/wp-json\/wp\/v2\/product_tag?post=40247"}],"curies":[{"name":"wp","href":"https:\/\/api.w.org\/{rel}","templated":true}]}}