{"id":40286,"date":"2025-04-10T12:14:28","date_gmt":"2025-04-10T10:14:28","guid":{"rendered":"https:\/\/myspainfood.com\/producto\/joyas-del-valle-spargelpungad-ekstra-vaga-paks-345-g\/"},"modified":"2025-04-10T12:14:28","modified_gmt":"2025-04-10T10:14:28","slug":"joyas-del-valle-spargelpungad-ekstra-vaga-paks-345-g","status":"publish","type":"product","link":"https:\/\/myspainfood.com\/et\/producto\/joyas-del-valle-spargelpungad-ekstra-vaga-paks-345-g\/","title":{"rendered":"Joyas del Valle spargelpungad ekstra - v\u00e4ga paks 345 g"},"content":{"rendered":"<p><strong>Avastage haute cuisine essents Joyas del Valle Extra - v\u00e4ga paksud sparglipungad<\/strong>. 345 grammi suuruses pakendis on need spargli pungad eriti paksud, \u00f5rnad ja v\u00f5rratu maitsega, mis muudab need ideaalseks t\u00e4ienduseks igale gurmeeroogale. <\/p>\n<p><strong>Toote omadused:<\/strong><\/p>\n<ul>\n<li><strong>Esmaklassiline valik:<\/strong> Iga spargli tipp on hoolikalt valitud, et tagada selle paksus ja k\u00f5rge kvaliteet, pakkudes esmaklassilist toodet.<\/li>\n<li><strong>Pehme tekstuur ja \u00f5rn maitse:<\/strong> Nautige erakordselt pehmet tekstuuri ja \u00f5rna maitset, mis t\u00e4iendab iga kulinaarset valmistamist.<\/li>\n<li><strong>K\u00f5rge toitev\u00e4\u00e4rtus:<\/strong> spargel sisaldab rohkelt vitamiine, mineraalaineid ja kiudaineid, mis aitavad kaasa tasakaalustatud ja tervislikule toitumisele.<\/li>\n<li><strong>Mitmek\u00fclgsus k\u00f6\u00f6gis:<\/strong> sobib ideaalselt salatite, tapade, lisandite valmistamiseks v\u00f5i teie k\u00f5ige keerukamate retseptide staarse koostisosana. Need sparglipungad lisavad igale toidule erilisust ja elegantsust. <\/li>\n<li><strong>Hoolikas esitlemine<\/strong>: Joyas del Valle spargli pungad on hoolikalt pakendatud, et s\u00e4ilitada nende v\u00e4rskus ja toitev\u00e4\u00e4rtuslikud omadused, ja neid saab nautida igal ajal.<\/li>\n<\/ul>\n<p><strong>Joyas del Valle valiku eelised:<\/strong><\/p>\n<ul>\n<li><strong>P\u00fchendumine kvaliteedile:<\/strong> Oleme p\u00fchendunud k\u00f5rgeima kvaliteediga toodete pakkumisele, mis on valitud ja pakendatud k\u00f5ige rangemate standardite kohaselt, et tagada v\u00e4rskus ja maitse.<\/li>\n<li><strong>Autentne maitse:<\/strong> kogege v\u00e4rske spargli autentset maitset, mis on kasvatatud ja valitud p\u00fchendunult ja hoolikalt.<\/li>\n<li><strong>J\u00e4tkusuutlikud tavad:<\/strong> Joyas del Valle on p\u00fchendunud j\u00e4tkusuutlikkusele, rakendades keskkonnas\u00f5bralikke p\u00f5llumajandustavasid, et pakkuda naturaalset ja tervislikku toodet.<\/li>\n<\/ul>\n<p><strong>Konserveerimisnipid:<\/strong><\/p>\n<p>Et sparglipungad p\u00fcsiksid parimas seisukorras, hoidke neid jahedas ja kuivas kohas. P\u00e4rast avamist hoidke neid k\u00fclmikus ja tarbige paari p\u00e4eva jooksul, et need oleksid v\u00f5imalikult v\u00e4rsked. <\/p>\n<p><strong>Viige oma s\u00f6\u00f6gid j\u00e4rgmisele tasemele:<\/strong><\/p>\n<p>Lisage oma roogadele rafineeritust ja maitset <strong>Joyas del Valle Extra - V\u00e4ga paksud sparglipojad 345 gr.<\/strong> Sobib ideaalselt toiduarmastajatele, kes hindavad kvaliteeti, toitev\u00e4\u00e4rtust ja autentset maitset igas suut\u00e4iega. <\/p>\n<p>Muuda iga s\u00f6\u00f6gikord Joyas del Valle&#8217;ga gurmee-elamuseks!<\/p>\n","protected":false},"excerpt":{"rendered":"<p>Avastage haute cuisine essents Joyas del Valle Extra - v\u00e4ga paksud sparglipungad. 345 grammi suuruses pakendis on need spargli pungad eriti paksud, \u00f5rnad ja v\u00f5rratu maitsega, mis muudab need ideaalseks t\u00e4ienduseks igale gurmeeroogale. Toote omadused: Esmaklassiline valik: Iga spargli tipp on hoolikalt valitud, et tagada selle paksus ja k\u00f5rge kvaliteet, pakkudes esmaklassilist toodet. Pehme tekstuur [&hellip;]<\/p>\n","protected":false},"featured_media":40292,"template":"","meta":{"_et_pb_use_builder":"","_et_pb_old_content":"","_et_gb_content_width":""},"product_brand":[1468],"product_cat":[3722,1938,6431],"product_tag":[],"class_list":{"0":"post-40286","1":"product","2":"type-product","3":"status-publish","4":"has-post-thumbnail","6":"product_brand-joyas-del-valle","7":"product_cat-koogiviljad","8":"product_cat-sailitab","9":"product_cat-spargel-et","11":"first","12":"outofstock","13":"taxable","14":"shipping-taxable","15":"product-type-variable"},"_links":{"self":[{"href":"https:\/\/myspainfood.com\/et\/wp-json\/wp\/v2\/product\/40286","targetHints":{"allow":["GET"]}}],"collection":[{"href":"https:\/\/myspainfood.com\/et\/wp-json\/wp\/v2\/product"}],"about":[{"href":"https:\/\/myspainfood.com\/et\/wp-json\/wp\/v2\/types\/product"}],"wp:featuredmedia":[{"embeddable":true,"href":"https:\/\/myspainfood.com\/et\/wp-json\/wp\/v2\/media\/40292"}],"wp:attachment":[{"href":"https:\/\/myspainfood.com\/et\/wp-json\/wp\/v2\/media?parent=40286"}],"wp:term":[{"taxonomy":"product_brand","embeddable":true,"href":"https:\/\/myspainfood.com\/et\/wp-json\/wp\/v2\/product_brand?post=40286"},{"taxonomy":"product_cat","embeddable":true,"href":"https:\/\/myspainfood.com\/et\/wp-json\/wp\/v2\/product_cat?post=40286"},{"taxonomy":"product_tag","embeddable":true,"href":"https:\/\/myspainfood.com\/et\/wp-json\/wp\/v2\/product_tag?post=40286"}],"curies":[{"name":"wp","href":"https:\/\/api.w.org\/{rel}","templated":true}]}}