{"id":41236,"date":"2025-04-10T12:12:29","date_gmt":"2025-04-10T10:12:29","guid":{"rendered":"https:\/\/myspainfood.com\/producto\/la-vieja-fabrica-virsikuhoos-diet-280-g\/"},"modified":"2025-04-10T12:12:29","modified_gmt":"2025-04-10T10:12:29","slug":"la-vieja-fabrica-virsikuhoos-diet-280-g","status":"publish","type":"product","link":"https:\/\/myspainfood.com\/et\/producto\/la-vieja-fabrica-virsikuhoos-diet-280-g\/","title":{"rendered":"La Vieja F\u00e1brica virsikuhoos DIET 280 g"},"content":{"rendered":"<p>La Vieja F\u00e1brica dieet-virsikamoos on maitsev valik neile, kes soovivad nautida puuvilja ehedat maitset, lisamata oma dieeti tarbetuid kaloreid. See moos, mis on valmistatud valitud virsikutest ja La Vieja F\u00e1brica traditsiooniliste k\u00e4sit\u00f6\u00f6retseptide j\u00e4rgi, pakub v\u00e4rsket ja loomulikku maitset. <\/p>\n<p><strong>P\u00e4ritolu<\/strong>: Hispaania Tootja: \u00c1ngel Camacho Alimentaci\u00f3n, S.L.<\/p>\n<p><strong>Tootja aadress<\/strong>: Avda. del Pilar, 6 - 41530 Mor\u00f3n de la Frontera (Sevilla)<\/p>\n<p> <strong> P\u00e4ritolu<\/strong>: Hispaania toode<\/p>\n<p><strong>Netokaal<\/strong>: 280 g<\/p>\n<p><strong>T\u00e4iendav kohustuslik teave etiketil<\/strong>: Sisaldab 55 g virsikut 100 g kohta.<\/p>\n<p><strong>Kogusuhkrud<\/strong>: 42 g 100 g kohta.<\/p>\n","protected":false},"excerpt":{"rendered":"<p>La Vieja F\u00e1brica dieet-virsikamoos on maitsev valik neile, kes soovivad nautida puuvilja ehedat maitset, lisamata oma dieeti tarbetuid kaloreid. See moos, mis on valmistatud valitud virsikutest ja La Vieja F\u00e1brica traditsiooniliste k\u00e4sit\u00f6\u00f6retseptide j\u00e4rgi, pakub v\u00e4rsket ja loomulikku maitset. P\u00e4ritolu: Hispaania Tootja: \u00c1ngel Camacho Alimentaci\u00f3n, S.L. Tootja aadress: Avda. del Pilar, 6 - 41530 Mor\u00f3n de [&hellip;]<\/p>\n","protected":false},"featured_media":41243,"template":"","meta":{"_et_pb_use_builder":"","_et_pb_old_content":"","_et_gb_content_width":""},"product_brand":[1460],"product_cat":[1938],"product_tag":[],"class_list":{"0":"post-41236","1":"product","2":"type-product","3":"status-publish","4":"has-post-thumbnail","6":"product_brand-la-vieja-fabrica","7":"product_cat-sailitab","9":"first","10":"outofstock","11":"taxable","12":"shipping-taxable","13":"product-type-variable"},"_links":{"self":[{"href":"https:\/\/myspainfood.com\/et\/wp-json\/wp\/v2\/product\/41236","targetHints":{"allow":["GET"]}}],"collection":[{"href":"https:\/\/myspainfood.com\/et\/wp-json\/wp\/v2\/product"}],"about":[{"href":"https:\/\/myspainfood.com\/et\/wp-json\/wp\/v2\/types\/product"}],"wp:featuredmedia":[{"embeddable":true,"href":"https:\/\/myspainfood.com\/et\/wp-json\/wp\/v2\/media\/41243"}],"wp:attachment":[{"href":"https:\/\/myspainfood.com\/et\/wp-json\/wp\/v2\/media?parent=41236"}],"wp:term":[{"taxonomy":"product_brand","embeddable":true,"href":"https:\/\/myspainfood.com\/et\/wp-json\/wp\/v2\/product_brand?post=41236"},{"taxonomy":"product_cat","embeddable":true,"href":"https:\/\/myspainfood.com\/et\/wp-json\/wp\/v2\/product_cat?post=41236"},{"taxonomy":"product_tag","embeddable":true,"href":"https:\/\/myspainfood.com\/et\/wp-json\/wp\/v2\/product_tag?post=41236"}],"curies":[{"name":"wp","href":"https:\/\/api.w.org\/{rel}","templated":true}]}}