{"id":41289,"date":"2025-04-10T12:12:57","date_gmt":"2025-04-10T10:12:57","guid":{"rendered":"https:\/\/myspainfood.com\/producto\/a-inigo-rohelised-oad-ummargused-keskmise-suurusega-tukid-400-gr\/"},"modified":"2025-04-10T12:12:57","modified_gmt":"2025-04-10T10:12:57","slug":"a-inigo-rohelised-oad-ummargused-keskmise-suurusega-tukid-400-gr","status":"publish","type":"product","link":"https:\/\/myspainfood.com\/et\/producto\/a-inigo-rohelised-oad-ummargused-keskmise-suurusega-tukid-400-gr\/","title":{"rendered":"A.I\u00f1igo rohelised oad \u00fcmmargused keskmise suurusega t\u00fckid 400 gr"},"content":{"rendered":"<p>A.I\u00f1igo rohelised oad esindavad tipptaset v\u00e4rskuse ja maitse poolest. Need rohelised oad, mis on hoolikalt valitud ja korjatud optimaalse k\u00fcpsusastme juures, on ideaalne valik igaks p\u00e4evaks. <\/p>\n<p><strong>Energiav\u00e4\u00e4rtus:<\/strong> 15,9 kJ \/ 67,5 kcal<\/p>\n<p><strong>Rasv<\/strong>: 0 g<\/p>\n<p><strong>millest k\u00fcllastunud<\/strong> 0 g<\/p>\n<p><strong>S\u00fcsivesikud:<\/strong> 3,3 g<\/p>\n<p><strong>millest suhkrute<\/strong> sisaldus: 0,8 g<\/p>\n<p><strong>Kiudained<\/strong>: 1,5 g<\/p>\n<p><strong>Valgud<\/strong>: 0,67 g<\/p>\n<p><strong>Sool<\/strong>: 0,5 g<\/p>\n","protected":false},"excerpt":{"rendered":"<p>A.I\u00f1igo rohelised oad esindavad tipptaset v\u00e4rskuse ja maitse poolest. Need rohelised oad, mis on hoolikalt valitud ja korjatud optimaalse k\u00fcpsusastme juures, on ideaalne valik igaks p\u00e4evaks. Energiav\u00e4\u00e4rtus: 15,9 kJ \/ 67,5 kcal Rasv: 0 g millest k\u00fcllastunud 0 g S\u00fcsivesikud: 3,3 g millest suhkrute sisaldus: 0,8 g Kiudained: 1,5 g Valgud: 0,67 g Sool: 0,5 [&hellip;]<\/p>\n","protected":false},"featured_media":41294,"template":"","meta":{"_et_pb_use_builder":"","_et_pb_old_content":"","_et_gb_content_width":""},"product_brand":[1461],"product_cat":[1938],"product_tag":[],"class_list":{"0":"post-41289","1":"product","2":"type-product","3":"status-publish","4":"has-post-thumbnail","6":"product_brand-a-inigo","7":"product_cat-sailitab","9":"first","10":"instock","11":"taxable","12":"shipping-taxable","13":"product-type-variable"},"_links":{"self":[{"href":"https:\/\/myspainfood.com\/et\/wp-json\/wp\/v2\/product\/41289","targetHints":{"allow":["GET"]}}],"collection":[{"href":"https:\/\/myspainfood.com\/et\/wp-json\/wp\/v2\/product"}],"about":[{"href":"https:\/\/myspainfood.com\/et\/wp-json\/wp\/v2\/types\/product"}],"wp:featuredmedia":[{"embeddable":true,"href":"https:\/\/myspainfood.com\/et\/wp-json\/wp\/v2\/media\/41294"}],"wp:attachment":[{"href":"https:\/\/myspainfood.com\/et\/wp-json\/wp\/v2\/media?parent=41289"}],"wp:term":[{"taxonomy":"product_brand","embeddable":true,"href":"https:\/\/myspainfood.com\/et\/wp-json\/wp\/v2\/product_brand?post=41289"},{"taxonomy":"product_cat","embeddable":true,"href":"https:\/\/myspainfood.com\/et\/wp-json\/wp\/v2\/product_cat?post=41289"},{"taxonomy":"product_tag","embeddable":true,"href":"https:\/\/myspainfood.com\/et\/wp-json\/wp\/v2\/product_tag?post=41289"}],"curies":[{"name":"wp","href":"https:\/\/api.w.org\/{rel}","templated":true}]}}