{"id":41344,"date":"2025-04-10T12:12:57","date_gmt":"2025-04-10T10:12:57","guid":{"rendered":"https:\/\/myspainfood.com\/producto\/a-inigo-viilutatud-porgandid-400-g\/"},"modified":"2025-04-10T12:12:57","modified_gmt":"2025-04-10T10:12:57","slug":"a-inigo-viilutatud-porgandid-400-g","status":"publish","type":"product","link":"https:\/\/myspainfood.com\/et\/producto\/a-inigo-viilutatud-porgandid-400-g\/","title":{"rendered":"A.I\u00f1igo Viilutatud porgandid 400 g"},"content":{"rendered":"<p>A.I\u00f1igo porgandid on ideaalne valik neile, kes otsivad oma toidus kvaliteeti ja maitset. Hoolikalt kasvatatud ja hoolikalt valitud porgandid pakuvad kr\u00f5mpsuvat tekstuuri ning magusat ja loomulikku maitset, mis rikastab iga rooga. <\/p>\n<p>&nbsp;<\/p>\n<p><strong>Energiav\u00e4\u00e4rtus:<\/strong> 71,4 kJ \/ 16,8kcal<\/p>\n<p><strong>K\u00fcllastunud rasvad<\/strong>: 0 g<\/p>\n<p><strong>S\u00fcsivesikud<\/strong>: 4,2 g<\/p>\n<p><strong>millest suhkrute sisaldus:<\/strong> 2,3 g<\/p>\n<p><strong>Kiudained<\/strong>: 1,4 g<\/p>\n<p><strong>Valgud<\/strong>: 0g<\/p>\n<p><strong>Sool<\/strong>: 0,65 g<\/p>\n","protected":false},"excerpt":{"rendered":"<p>A.I\u00f1igo porgandid on ideaalne valik neile, kes otsivad oma toidus kvaliteeti ja maitset. Hoolikalt kasvatatud ja hoolikalt valitud porgandid pakuvad kr\u00f5mpsuvat tekstuuri ning magusat ja loomulikku maitset, mis rikastab iga rooga. &nbsp; Energiav\u00e4\u00e4rtus: 71,4 kJ \/ 16,8kcal K\u00fcllastunud rasvad: 0 g S\u00fcsivesikud: 4,2 g millest suhkrute sisaldus: 2,3 g Kiudained: 1,4 g Valgud: 0g Sool: [&hellip;]<\/p>\n","protected":false},"featured_media":41352,"template":"","meta":{"_et_pb_use_builder":"","_et_pb_old_content":"","_et_gb_content_width":""},"product_brand":[1461],"product_cat":[1938],"product_tag":[],"class_list":{"0":"post-41344","1":"product","2":"type-product","3":"status-publish","4":"has-post-thumbnail","6":"product_brand-a-inigo","7":"product_cat-sailitab","9":"first","10":"outofstock","11":"taxable","12":"shipping-taxable","13":"product-type-variable"},"_links":{"self":[{"href":"https:\/\/myspainfood.com\/et\/wp-json\/wp\/v2\/product\/41344","targetHints":{"allow":["GET"]}}],"collection":[{"href":"https:\/\/myspainfood.com\/et\/wp-json\/wp\/v2\/product"}],"about":[{"href":"https:\/\/myspainfood.com\/et\/wp-json\/wp\/v2\/types\/product"}],"wp:featuredmedia":[{"embeddable":true,"href":"https:\/\/myspainfood.com\/et\/wp-json\/wp\/v2\/media\/41352"}],"wp:attachment":[{"href":"https:\/\/myspainfood.com\/et\/wp-json\/wp\/v2\/media?parent=41344"}],"wp:term":[{"taxonomy":"product_brand","embeddable":true,"href":"https:\/\/myspainfood.com\/et\/wp-json\/wp\/v2\/product_brand?post=41344"},{"taxonomy":"product_cat","embeddable":true,"href":"https:\/\/myspainfood.com\/et\/wp-json\/wp\/v2\/product_cat?post=41344"},{"taxonomy":"product_tag","embeddable":true,"href":"https:\/\/myspainfood.com\/et\/wp-json\/wp\/v2\/product_tag?post=41344"}],"curies":[{"name":"wp","href":"https:\/\/api.w.org\/{rel}","templated":true}]}}