{"id":41646,"date":"2025-04-10T12:14:06","date_gmt":"2025-04-10T10:14:06","guid":{"rendered":"https:\/\/myspainfood.com\/producto\/pochas-blancas-de-navarra-a-inigo-autentne-traditsiooniline-maitse-660-gr\/"},"modified":"2025-04-10T12:14:06","modified_gmt":"2025-04-10T10:14:06","slug":"pochas-blancas-de-navarra-a-inigo-autentne-traditsiooniline-maitse-660-gr","status":"publish","type":"product","link":"https:\/\/myspainfood.com\/et\/producto\/pochas-blancas-de-navarra-a-inigo-autentne-traditsiooniline-maitse-660-gr\/","title":{"rendered":"Pochas Blancas de Navarra A. I\u00f1igo - Autentne traditsiooniline maitse 660 gr"},"content":{"rendered":"<p>A. I\u00f1igo&#8217;s Pochas Blancas on Navarra piirkonna traditsiooniline delikatess, mis on tuntud oma erakordse kvaliteedi ja maitse poolest. Need v\u00e4rsked oad korjatakse optimaalses k\u00fcpsusastmes ja pakendatakse hoolikalt, et s\u00e4ilitada kogu nende v\u00e4rskus ja toitained. <\/p>\n<ul>\n<li><strong>P\u00e4ritolu:<\/strong> Navarra, Hispaania<\/li>\n<li><strong>Oat\u00fc\u00fcp:<\/strong> valged oad<\/li>\n<li><strong>Esitlus:<\/strong> Klaaspakend<\/li>\n<li><strong>Koostisained:<\/strong> Valged neeruubad, vesi, sool, sool.<\/li>\n<li><strong>S\u00e4ilitamine:<\/strong> S\u00e4ilitada jahedas ja kuivas kohas.<\/li>\n<li><strong>Soovituslik kasutusviis:<\/strong> Ideaalne hautiste, salatite ja traditsiooniliste Navarra ja Vahemere roogade valmistamiseks.<\/li>\n<\/ul>\n<p>A. I\u00f1igo valgeid ube iseloomustab nende pehmus ja \u00f5rn maitse, mis t\u00e4iendab suurep\u00e4raselt teisi koostisosi suppides, hautistes ja salatites. T\u00e4nu \u00f5rnale tekstuurile ja \u00f5hukesele koorele hindavad neid eriti k\u00f5rgelt gurmaanid ja traditsioonilise k\u00f6\u00f6gi austajad. <\/p>\n","protected":false},"excerpt":{"rendered":"<p>A. I\u00f1igo&#8217;s Pochas Blancas on Navarra piirkonna traditsiooniline delikatess, mis on tuntud oma erakordse kvaliteedi ja maitse poolest. Need v\u00e4rsked oad korjatakse optimaalses k\u00fcpsusastmes ja pakendatakse hoolikalt, et s\u00e4ilitada kogu nende v\u00e4rskus ja toitained. P\u00e4ritolu: Navarra, Hispaania Oat\u00fc\u00fcp: valged oad Esitlus: Klaaspakend Koostisained: Valged neeruubad, vesi, sool, sool. S\u00e4ilitamine: S\u00e4ilitada jahedas ja kuivas kohas. Soovituslik [&hellip;]<\/p>\n","protected":false},"featured_media":41651,"template":"","meta":{"_et_pb_use_builder":"","_et_pb_old_content":"","_et_gb_content_width":""},"product_brand":[1461],"product_cat":[3746],"product_tag":[],"class_list":{"0":"post-41646","1":"product","2":"type-product","3":"status-publish","4":"has-post-thumbnail","6":"product_brand-a-inigo","7":"product_cat-sailitab-et-3","9":"first","10":"outofstock","11":"taxable","12":"shipping-taxable","13":"purchasable","14":"product-type-variable"},"_links":{"self":[{"href":"https:\/\/myspainfood.com\/et\/wp-json\/wp\/v2\/product\/41646","targetHints":{"allow":["GET"]}}],"collection":[{"href":"https:\/\/myspainfood.com\/et\/wp-json\/wp\/v2\/product"}],"about":[{"href":"https:\/\/myspainfood.com\/et\/wp-json\/wp\/v2\/types\/product"}],"wp:featuredmedia":[{"embeddable":true,"href":"https:\/\/myspainfood.com\/et\/wp-json\/wp\/v2\/media\/41651"}],"wp:attachment":[{"href":"https:\/\/myspainfood.com\/et\/wp-json\/wp\/v2\/media?parent=41646"}],"wp:term":[{"taxonomy":"product_brand","embeddable":true,"href":"https:\/\/myspainfood.com\/et\/wp-json\/wp\/v2\/product_brand?post=41646"},{"taxonomy":"product_cat","embeddable":true,"href":"https:\/\/myspainfood.com\/et\/wp-json\/wp\/v2\/product_cat?post=41646"},{"taxonomy":"product_tag","embeddable":true,"href":"https:\/\/myspainfood.com\/et\/wp-json\/wp\/v2\/product_tag?post=41646"}],"curies":[{"name":"wp","href":"https:\/\/api.w.org\/{rel}","templated":true}]}}