{"id":41867,"date":"2025-04-10T12:12:05","date_gmt":"2025-04-10T10:12:05","guid":{"rendered":"https:\/\/myspainfood.com\/producto\/senorio-de-nava-ribera-del-duero-2022-75-cl\/"},"modified":"2026-01-29T12:34:18","modified_gmt":"2026-01-29T11:34:18","slug":"senorio-de-nava-ribera-del-duero-2022-75-cl","status":"publish","type":"product","link":"https:\/\/myspainfood.com\/et\/producto\/senorio-de-nava-ribera-del-duero-2022-75-cl\/","title":{"rendered":"Se\u00f1or\u00edo De Nava Ribera Del Duero 2022 75 cl"},"content":{"rendered":"<p>Avastage Ribera del Duero autentne maitse koos Se\u00f1or\u00edo De Nava&#8217;ga! See prestii\u017ene vein, millel on Denominaci\u00f3n de Origen Ribera del Duero, v\u00e4ljendab selle kuulsa Hispaania veinipiirkonna olemust. <\/p>\n<p>Se\u00f1or\u00edo De Nava Ribera Del Duero on piirkonna s\u00fcmboolse sordi, Tempranillo viinamarjade hoolika valiku tulemus, mida kasvatatakse Duero j\u00f5e oru p\u00e4ikese k\u00e4es suplevatel privilegeeritud viinamarjaistandustes. T\u00e4nu kontrollitud k\u00e4\u00e4ritamisele ja hoolikale laagerdumisele tammevaatides eristub see vein oma keerulise iseloomu ja erakordse tasakaalu poolest. <\/p>\n<p>Maitses on tunda intensiivseid k\u00fcpsete puuviljade noote, peeneid tamme n\u00fcansse ja h\u00e4sti m\u00e4\u00e4ratletud struktuuri, mis kulmineerub pika ja rahuldust pakkuva l\u00f5puga. Se\u00f1or\u00edo De Nava Ribera Del Duero on ideaalne kaaslane eriliste s\u00fcndmuste puhul, alates elegantsetest \u00f5htus\u00f6\u00f6kidest kuni mitteametlike koosviibimisteni s\u00f5pradega. <\/p>\n<p>Laske end v\u00f5rgutada Ribera del Duero elegantsusest ja traditsioonidest iga lonksuga Se\u00f1or\u00edo De Nava. Nautige Hispaania \u00fche silmapaistvama veinipiirkonna veinivalmistamise tipptaset ja tehke iga s\u00fcndmus selle suurep\u00e4rase veiniga meeldej\u00e4\u00e4vaks!  <\/p>\n","protected":false},"excerpt":{"rendered":"<p>Se\u00f1or\u00edo De Nava Ribera Del Duero on piirkonna s\u00fcmboolse sordi, Tempranillo viinamarjade hoolika valiku tulemus, mida kasvatatakse Duero j\u00f5e oru p\u00e4ikese k\u00e4es suplevatel privilegeeritud viinamarjaistandustes. T\u00e4nu kontrollitud k\u00e4\u00e4ritamisele ja hoolikale laagerdumisele tammevaatides eristub see vein oma keerulise iseloomu ja erakordse tasakaalu poolest. <\/p>\n","protected":false},"featured_media":41874,"template":"","meta":{"_et_pb_use_builder":"","_et_pb_old_content":"","_et_gb_content_width":""},"product_brand":[1224],"product_cat":[4915,4916],"product_tag":[],"class_list":{"0":"post-41867","1":"product","2":"type-product","3":"status-publish","4":"has-post-thumbnail","6":"product_brand-senorio-de-nava","7":"product_cat-joogid","8":"product_cat-vein","10":"first","11":"outofstock","12":"taxable","13":"shipping-taxable","14":"product-type-variable"},"_links":{"self":[{"href":"https:\/\/myspainfood.com\/et\/wp-json\/wp\/v2\/product\/41867","targetHints":{"allow":["GET"]}}],"collection":[{"href":"https:\/\/myspainfood.com\/et\/wp-json\/wp\/v2\/product"}],"about":[{"href":"https:\/\/myspainfood.com\/et\/wp-json\/wp\/v2\/types\/product"}],"wp:featuredmedia":[{"embeddable":true,"href":"https:\/\/myspainfood.com\/et\/wp-json\/wp\/v2\/media\/41874"}],"wp:attachment":[{"href":"https:\/\/myspainfood.com\/et\/wp-json\/wp\/v2\/media?parent=41867"}],"wp:term":[{"taxonomy":"product_brand","embeddable":true,"href":"https:\/\/myspainfood.com\/et\/wp-json\/wp\/v2\/product_brand?post=41867"},{"taxonomy":"product_cat","embeddable":true,"href":"https:\/\/myspainfood.com\/et\/wp-json\/wp\/v2\/product_cat?post=41867"},{"taxonomy":"product_tag","embeddable":true,"href":"https:\/\/myspainfood.com\/et\/wp-json\/wp\/v2\/product_tag?post=41867"}],"curies":[{"name":"wp","href":"https:\/\/api.w.org\/{rel}","templated":true}]}}