{"id":41985,"date":"2025-04-10T12:11:42","date_gmt":"2025-04-10T10:11:42","guid":{"rendered":"https:\/\/myspainfood.com\/producto\/nabeel-nafisah-maiustused-magus-damaskuse-baklava-suuria-150-g\/"},"modified":"2025-04-10T12:11:42","modified_gmt":"2025-04-10T10:11:42","slug":"nabeel-nafisah-maiustused-magus-damaskuse-baklava-suuria-150-g","status":"publish","type":"product","link":"https:\/\/myspainfood.com\/et\/producto\/nabeel-nafisah-maiustused-magus-damaskuse-baklava-suuria-150-g\/","title":{"rendered":"Nabeel Nafisah maiustused Magus Damaskuse Baklava S\u00fc\u00fcria 150 g"},"content":{"rendered":"","protected":false},"excerpt":{"rendered":"<p>Baklava, kihiline f\u00fcllotainas, mis on t\u00e4idetud t\u00fckeldatud p\u00e4hklitega ja kaetud ghee ja suhkrusiirupiga. See on kr\u00f5be maiustus, mis on k\u00f5ige populaarsem araabia ja Vahemere piirkonna elanike seas. See on kombinatsioon erinevatest Baklava sortidest, mis on paigutatud ja organiseeritud erilise idamaise kujunduse j\u00e4rgi.  <\/p>\n","protected":false},"featured_media":41992,"template":"","meta":{"_et_pb_use_builder":"","_et_pb_old_content":"","_et_gb_content_width":""},"product_brand":[1453],"product_cat":[7774,1938],"product_tag":[],"class_list":{"0":"post-41985","1":"product","2":"type-product","3":"status-publish","4":"has-post-thumbnail","6":"product_brand-nabeel-nafisah","7":"product_cat-joulud-special","8":"product_cat-sailitab","10":"first","11":"outofstock","12":"taxable","13":"shipping-taxable","14":"purchasable","15":"product-type-simple"},"_links":{"self":[{"href":"https:\/\/myspainfood.com\/et\/wp-json\/wp\/v2\/product\/41985","targetHints":{"allow":["GET"]}}],"collection":[{"href":"https:\/\/myspainfood.com\/et\/wp-json\/wp\/v2\/product"}],"about":[{"href":"https:\/\/myspainfood.com\/et\/wp-json\/wp\/v2\/types\/product"}],"wp:featuredmedia":[{"embeddable":true,"href":"https:\/\/myspainfood.com\/et\/wp-json\/wp\/v2\/media\/41992"}],"wp:attachment":[{"href":"https:\/\/myspainfood.com\/et\/wp-json\/wp\/v2\/media?parent=41985"}],"wp:term":[{"taxonomy":"product_brand","embeddable":true,"href":"https:\/\/myspainfood.com\/et\/wp-json\/wp\/v2\/product_brand?post=41985"},{"taxonomy":"product_cat","embeddable":true,"href":"https:\/\/myspainfood.com\/et\/wp-json\/wp\/v2\/product_cat?post=41985"},{"taxonomy":"product_tag","embeddable":true,"href":"https:\/\/myspainfood.com\/et\/wp-json\/wp\/v2\/product_tag?post=41985"}],"curies":[{"name":"wp","href":"https:\/\/api.w.org\/{rel}","templated":true}]}}