{"id":42004,"date":"2025-04-10T12:11:40","date_gmt":"2025-04-10T10:11:40","guid":{"rendered":"https:\/\/myspainfood.com\/producto\/nieva-cojonudos-valge-spargel-extra-13-16-vaga-paksud\/"},"modified":"2025-04-10T12:11:40","modified_gmt":"2025-04-10T10:11:40","slug":"nieva-cojonudos-valge-spargel-extra-13-16-vaga-paksud","status":"publish","type":"product","link":"https:\/\/myspainfood.com\/et\/producto\/nieva-cojonudos-valge-spargel-extra-13-16-vaga-paksud\/","title":{"rendered":"Nieva &#8221;Cojonudos&#8221; valge spargel Extra 13\/16 v\u00e4ga paksud"},"content":{"rendered":"<p>Sukeldu Nieva v\u00e4ga paksu valge spargli ekvivalentsusesse ja avasta ainulaadne kulinaarne kogemus! Iga spargel on hoolikalt valitud ja kasvatatud k\u00f5ige viljakamatel maadel, mis tagab k\u00f5rgeima kvaliteedi ja v\u00e4rskuse igas suut\u00e4ieks. <\/p>\n<p>Nieva kaubam\u00e4rgi valged sparglid paistavad silma oma suure suuruse ja tihke, mahlase tekstuuri poolest. Erakordselt suure l\u00e4bim\u00f5\u00f5duga sparglid on ideaalne valik neile, kes otsivad intensiivset maitset ja maitsvat konsistentsi igas portsjonis. <\/p>\n<p>Meie valge spargel, mis on p\u00e4rit k\u00f5ige hoolikamalt kasvatatud p\u00f5ldudelt ja koristatud optimaalse k\u00fcpsuse ajal, on looduse aare, mis r\u00f5\u00f5mustab teie maitseid ja t\u00f5stab teie toidud uutesse gastronoomilistesse k\u00f5rgustesse.<\/p>\n<p>Nautige nende mahedat, kergelt m\u00f5rkjat maitset ja \u00f5rna, kuid sitket tekstuuri. Olenemata sellest, kas naudite neid pearoogade garneeringuna, lisate neid v\u00e4rsketesse salatitesse v\u00f5i lisate neid gurmeeretseptidesse, on Nieva v\u00e4ga paksud valged sparglid ideaalne valik peene k\u00f6\u00f6gi austajatele. <\/p>\n<p>\u00dcllatage oma k\u00fclalisi meie valge spargli gastronoomilise tipptasemega ja muutke iga s\u00f6\u00f6gikord unustamatuks elamuseks. Hankige need kohe ja avastage, miks Nieva on s\u00fcnon\u00fc\u00fcmiks erakordsele kvaliteedile ja maitsele igas suut\u00e4iega! <\/p>\n","protected":false},"excerpt":{"rendered":"<p>Sukeldu Nieva v\u00e4ga paksu valge spargli ekvivalentsusesse ja avasta ainulaadne kulinaarne kogemus! Iga spargel on hoolikalt valitud ja kasvatatud k\u00f5ige viljakamal maal, mis tagab k\u00f5rgeima kvaliteedi ja v\u00e4rskuse igas suut\u00e4ieks. <\/p>\n","protected":false},"featured_media":42010,"template":"","meta":{"_et_pb_use_builder":"","_et_pb_old_content":"","_et_gb_content_width":""},"product_brand":[1458],"product_cat":[1938,6431],"product_tag":[],"class_list":{"0":"post-42004","1":"product","2":"type-product","3":"status-publish","4":"has-post-thumbnail","6":"product_brand-nieva-cojonudos","7":"product_cat-sailitab","8":"product_cat-spargel-et","10":"first","11":"outofstock","12":"taxable","13":"shipping-taxable","14":"product-type-variable"},"_links":{"self":[{"href":"https:\/\/myspainfood.com\/et\/wp-json\/wp\/v2\/product\/42004","targetHints":{"allow":["GET"]}}],"collection":[{"href":"https:\/\/myspainfood.com\/et\/wp-json\/wp\/v2\/product"}],"about":[{"href":"https:\/\/myspainfood.com\/et\/wp-json\/wp\/v2\/types\/product"}],"wp:featuredmedia":[{"embeddable":true,"href":"https:\/\/myspainfood.com\/et\/wp-json\/wp\/v2\/media\/42010"}],"wp:attachment":[{"href":"https:\/\/myspainfood.com\/et\/wp-json\/wp\/v2\/media?parent=42004"}],"wp:term":[{"taxonomy":"product_brand","embeddable":true,"href":"https:\/\/myspainfood.com\/et\/wp-json\/wp\/v2\/product_brand?post=42004"},{"taxonomy":"product_cat","embeddable":true,"href":"https:\/\/myspainfood.com\/et\/wp-json\/wp\/v2\/product_cat?post=42004"},{"taxonomy":"product_tag","embeddable":true,"href":"https:\/\/myspainfood.com\/et\/wp-json\/wp\/v2\/product_tag?post=42004"}],"curies":[{"name":"wp","href":"https:\/\/api.w.org\/{rel}","templated":true}]}}