{"id":42201,"date":"2025-04-10T12:10:50","date_gmt":"2025-04-10T10:10:50","guid":{"rendered":"https:\/\/myspainfood.com\/producto\/suitsusardell-ja-hautatud-artisokk-35-uhikut\/"},"modified":"2025-06-24T13:05:25","modified_gmt":"2025-06-24T11:05:25","slug":"suitsusardell-ja-hautatud-artisokk-35-uhikut","status":"publish","type":"product","link":"https:\/\/myspainfood.com\/et\/producto\/suitsusardell-ja-hautatud-artisokk-35-uhikut\/","title":{"rendered":"Suitsusardell ja hautatud arti\u0161okk 35 \u00fchikut"},"content":{"rendered":"<p>\u00d5li (85% p\u00e4evalille\u00f5li, 15% oliivi\u00f5li), hautatud arti\u0161okk, suitsutatud an\u0161oovised, an\u0161oovisega t\u00e4idetud oliivid ja punane pipar.<\/p>\n","protected":false},"excerpt":{"rendered":"<p>\u00d5li (85% p\u00e4evalille\u00f5li, 15% oliivi\u00f5li), hautatud arti\u0161okk, suitsutatud an\u0161oovised, an\u0161oovisega t\u00e4idetud oliivid ja punane pipar.<\/p>\n","protected":false},"featured_media":42202,"template":"","meta":{"_et_pb_use_builder":"","_et_pb_old_content":"","_et_gb_content_width":""},"product_brand":[1277],"product_cat":[2817,1881,1880,1790,1793,1882],"product_tag":[],"class_list":{"0":"post-42201","1":"product","2":"type-product","3":"status-publish","4":"has-post-thumbnail","6":"product_brand-bokeo","7":"product_cat-ansoovised-et-2","8":"product_cat-ansoovised","9":"product_cat-cold-et","10":"product_cat-kurgid","11":"product_cat-oliivid","12":"product_cat-pintxos-et","13":"product_shipping_class-kulmaveo-vedu","15":"first","16":"outofstock","17":"taxable","18":"shipping-taxable","19":"purchasable","20":"product-type-simple"},"_links":{"self":[{"href":"https:\/\/myspainfood.com\/et\/wp-json\/wp\/v2\/product\/42201","targetHints":{"allow":["GET"]}}],"collection":[{"href":"https:\/\/myspainfood.com\/et\/wp-json\/wp\/v2\/product"}],"about":[{"href":"https:\/\/myspainfood.com\/et\/wp-json\/wp\/v2\/types\/product"}],"wp:featuredmedia":[{"embeddable":true,"href":"https:\/\/myspainfood.com\/et\/wp-json\/wp\/v2\/media\/42202"}],"wp:attachment":[{"href":"https:\/\/myspainfood.com\/et\/wp-json\/wp\/v2\/media?parent=42201"}],"wp:term":[{"taxonomy":"product_brand","embeddable":true,"href":"https:\/\/myspainfood.com\/et\/wp-json\/wp\/v2\/product_brand?post=42201"},{"taxonomy":"product_cat","embeddable":true,"href":"https:\/\/myspainfood.com\/et\/wp-json\/wp\/v2\/product_cat?post=42201"},{"taxonomy":"product_tag","embeddable":true,"href":"https:\/\/myspainfood.com\/et\/wp-json\/wp\/v2\/product_tag?post=42201"}],"curies":[{"name":"wp","href":"https:\/\/api.w.org\/{rel}","templated":true}]}}