{"id":42292,"date":"2025-04-10T12:10:40","date_gmt":"2025-04-10T10:10:40","guid":{"rendered":"https:\/\/myspainfood.com\/producto\/soolatud-tursafilee-1500-2000-gadus-morhua-10-kg\/"},"modified":"2025-06-24T13:08:47","modified_gmt":"2025-06-24T11:08:47","slug":"soolatud-tursafilee-1500-2000-gadus-morhua-10-kg","status":"publish","type":"product","link":"https:\/\/myspainfood.com\/et\/producto\/soolatud-tursafilee-1500-2000-gadus-morhua-10-kg\/","title":{"rendered":"Soolatud tursafilee +1500\/2000 Gadus morhua 10 kg"},"content":{"rendered":"<p>&#8220;Tursk&#8221; on mitme perekonda Gadus kuuluva kalaliigi \u00fcldnimetus, kuigi m\u00f5nel samasse perekonda kuuluval kalal v\u00f5ivad olla ka teised nimed. K\u00f5ige tavalisem liik on Atlandi tursk (Gadus morhua ehk harilik tursk). See on \u00fcks tuntumaid kalu maailmas ja seda hinnatakse selle suurep\u00e4rase maitse poolest.  <\/p>\n<p>TOITEV\u00c4\u00c4RTUS<\/p>\n<p>Toitumisalaselt on tursk k\u00f5rge bioloogilise v\u00e4\u00e4rtusega ja seeditavusega valgurikas toit, mille rasva- ja kalorisisaldus on madal. Selle veesisaldus on umbes 80% (v\u00e4rskes tursas) ning see on hea vitamiinide (peamiselt B-r\u00fchma) ja organismile oluliste mineraalsoolade allikas. V\u00e4rske v\u00f5i soolamata tursk sobib k\u00f5rge verer\u00f5huga inimestele, sest selles on v\u00e4he naatriumi ja palju kaaliumi.  <\/p>\n","protected":false},"excerpt":{"rendered":"<p>&#8220;Tursk&#8221; on mitme perekonda Gadus kuuluva kalaliigi \u00fcldnimetus, kuigi m\u00f5nel samasse perekonda kuuluval kalal v\u00f5ivad olla ka teised nimed. K\u00f5ige tavalisem liik on Atlandi tursk (Gadus morhua ehk harilik tursk). See on \u00fcks tuntumaid kalu maailmas ja seda hinnatakse selle suurep\u00e4rase maitse poolest. TOITEV\u00c4\u00c4RTUS Toitumisalaselt on tursk k\u00f5rge bioloogilise v\u00e4\u00e4rtusega ja seeditavusega valgurikas toit, mille [&hellip;]<\/p>\n","protected":false},"featured_media":42300,"template":"","meta":{"_et_pb_use_builder":"","_et_pb_old_content":"","_et_gb_content_width":""},"product_brand":[1290],"product_cat":[1880,3535],"product_tag":[],"class_list":{"0":"post-42292","1":"product","2":"type-product","3":"status-publish","4":"has-post-thumbnail","6":"product_brand-la-barajilla","7":"product_cat-cold-et","8":"product_cat-tursk","9":"product_shipping_class-kulmaveo-vedu","11":"first","12":"instock","13":"taxable","14":"shipping-taxable","15":"purchasable","16":"product-type-simple"},"_links":{"self":[{"href":"https:\/\/myspainfood.com\/et\/wp-json\/wp\/v2\/product\/42292","targetHints":{"allow":["GET"]}}],"collection":[{"href":"https:\/\/myspainfood.com\/et\/wp-json\/wp\/v2\/product"}],"about":[{"href":"https:\/\/myspainfood.com\/et\/wp-json\/wp\/v2\/types\/product"}],"wp:featuredmedia":[{"embeddable":true,"href":"https:\/\/myspainfood.com\/et\/wp-json\/wp\/v2\/media\/42300"}],"wp:attachment":[{"href":"https:\/\/myspainfood.com\/et\/wp-json\/wp\/v2\/media?parent=42292"}],"wp:term":[{"taxonomy":"product_brand","embeddable":true,"href":"https:\/\/myspainfood.com\/et\/wp-json\/wp\/v2\/product_brand?post=42292"},{"taxonomy":"product_cat","embeddable":true,"href":"https:\/\/myspainfood.com\/et\/wp-json\/wp\/v2\/product_cat?post=42292"},{"taxonomy":"product_tag","embeddable":true,"href":"https:\/\/myspainfood.com\/et\/wp-json\/wp\/v2\/product_tag?post=42292"}],"curies":[{"name":"wp","href":"https:\/\/api.w.org\/{rel}","templated":true}]}}