{"id":42378,"date":"2025-04-10T12:10:38","date_gmt":"2025-04-10T10:10:38","guid":{"rendered":"https:\/\/myspainfood.com\/producto\/almagro-cogollos-de-alinada-de-almagro-salatisudamed\/"},"modified":"2025-04-10T12:10:38","modified_gmt":"2025-04-10T10:10:38","slug":"almagro-cogollos-de-alinada-de-almagro-salatisudamed","status":"publish","type":"product","link":"https:\/\/myspainfood.com\/et\/producto\/almagro-cogollos-de-alinada-de-almagro-salatisudamed\/","title":{"rendered":"Almagro &#8220;Cogollos de Ali\u00f1ada de Almagro&#8221; (salatis\u00fcdamed)"},"content":{"rendered":"<p>Almagro kastmega bakla\u017eaan on Campo de Calatrava piirkonna traditsiooniline toode La <a href=\"https:\/\/www.laencajera.es\/berenjenas-de-almagro\" target=\"_blank\" rel=\"noopener noreferrer nofollow\">Mancha<\/a> s\u00fcdames.<\/p>\n<p>Kaitstud geograafilise t\u00e4hisega toode, mis on muutunud gastronoomiliseks v\u00f5rdluspunktiks nii aperitiivina kui ka kuumade v\u00f5i k\u00fclmade roogade puhul.<\/p>\n<p>Koostisained: Aubergiin &#8220;De Almagro&#8221;, vesi, sool, veini\u00e4\u00e4dikas, pipar, apteegitill, looduslikud maitseained (k\u00fc\u00fcslauk, k\u00f6\u00f6mned, paprika, oliivi\u00f5li), l\u00f5hna- ja maitsetugevdaja (E-621), happesuse lisandid (E-330), s\u00e4ilitusained (E-270, E-211, E-202E-223), antioks\u00fcdant (E-300) ja looduslikud l\u00f5hna- ja maitseained.<\/p>\n<p>Hoida jahedas ja kuivas kohas, temperatuuril 3\u00baC kuni 10\u00baC.<\/p>\n<p>Kaitske p\u00e4ikesevalguse ja tugevate l\u00f5hnade eest.<\/p>\n<p>Almagro bakla\u017eaan, p\u00e4rast pakendi avamist hoida k\u00fclmikus ja tarbida 30 p\u00e4eva jooksul.<\/p>\n<p>Kui soovite osta oliive v\u00f5i mis tahes muud t\u00fc\u00fcpi <a href=\"https:\/\/latiendadesami.com\/categoria-producto\/encurtidos\/\" rel=\"noopener noreferrer nofollow\" target=\"_blank\">hapukurki<\/a>, siis vaadake julgelt meie veebikataloogi, et n\u00e4ha meie laia valikut <a href=\"https:\/\/latiendadesami.com\/categoria-producto\/encurtidos\/berenjenas\/\" target=\"_blank\" rel=\"noopener noreferrer nofollow\">bakla\u017eaane<\/a>.<\/p>\n<p>Kaubam\u00e4rk on La Encajonera, 1990. aastal asutatud pereettev\u00f5te, mis asub La Mancha s\u00fcdames, Ciudad Reali provintsis asuvas ALMAGRO linnas.<\/p>\n<p>Selle toodete tootmisprotsess algab samas kasvatuspiirkonnas, kus valitakse v\u00e4lja parima kvaliteediga toode.<\/p>\n<p>Tehas on varustatud k\u00f5ige kaasaegsema tehnoloogiaga, s\u00e4ilitades samas k\u00e4sit\u00f6\u00f6liste traditsiooni ja oskusteavet.<\/p>\n","protected":false},"excerpt":{"rendered":"<p>Almagro kastmega bakla\u017eaan on Campo de Calatrava piirkonna traditsiooniline toode La Mancha s\u00fcdames. Kaitstud geograafilise t\u00e4hisega toode, mis on muutunud gastronoomiliseks v\u00f5rdluspunktiks nii aperitiivina kui ka kuumade v\u00f5i k\u00fclmade roogade puhul. Koostisained: Aubergiin &#8220;De Almagro&#8221;, vesi, sool, veini\u00e4\u00e4dikas, pipar, apteegitill, looduslikud maitseained (k\u00fc\u00fcslauk, k\u00f6\u00f6mned, paprika, oliivi\u00f5li), l\u00f5hna- ja maitsetugevdaja (E-621), happesuse lisandid (E-330), s\u00e4ilitusained (E-270, [&hellip;]<\/p>\n","protected":false},"featured_media":42379,"template":"","meta":{"_et_pb_use_builder":"","_et_pb_old_content":"","_et_gb_content_width":""},"product_brand":[],"product_cat":[2112,1790],"product_tag":[2114],"class_list":{"0":"post-42378","1":"product","2":"type-product","3":"status-publish","4":"has-post-thumbnail","6":"product_cat-baklazaanid","7":"product_cat-kurgid","8":"product_tag-alinada-et","10":"first","11":"instock","12":"taxable","13":"shipping-taxable","14":"purchasable","15":"product-type-simple"},"_links":{"self":[{"href":"https:\/\/myspainfood.com\/et\/wp-json\/wp\/v2\/product\/42378","targetHints":{"allow":["GET"]}}],"collection":[{"href":"https:\/\/myspainfood.com\/et\/wp-json\/wp\/v2\/product"}],"about":[{"href":"https:\/\/myspainfood.com\/et\/wp-json\/wp\/v2\/types\/product"}],"wp:featuredmedia":[{"embeddable":true,"href":"https:\/\/myspainfood.com\/et\/wp-json\/wp\/v2\/media\/42379"}],"wp:attachment":[{"href":"https:\/\/myspainfood.com\/et\/wp-json\/wp\/v2\/media?parent=42378"}],"wp:term":[{"taxonomy":"product_brand","embeddable":true,"href":"https:\/\/myspainfood.com\/et\/wp-json\/wp\/v2\/product_brand?post=42378"},{"taxonomy":"product_cat","embeddable":true,"href":"https:\/\/myspainfood.com\/et\/wp-json\/wp\/v2\/product_cat?post=42378"},{"taxonomy":"product_tag","embeddable":true,"href":"https:\/\/myspainfood.com\/et\/wp-json\/wp\/v2\/product_tag?post=42378"}],"curies":[{"name":"wp","href":"https:\/\/api.w.org\/{rel}","templated":true}]}}