{"id":42574,"date":"2025-04-10T12:11:39","date_gmt":"2025-04-10T10:11:39","guid":{"rendered":"https:\/\/myspainfood.com\/producto\/uus-meremaa-rannakarbid-praetud-marineeritud-kastmes-7-10-tukki-portonovo\/"},"modified":"2025-04-10T12:11:39","modified_gmt":"2025-04-10T10:11:39","slug":"uus-meremaa-rannakarbid-praetud-marineeritud-kastmes-7-10-tukki-portonovo","status":"publish","type":"product","link":"https:\/\/myspainfood.com\/et\/producto\/uus-meremaa-rannakarbid-praetud-marineeritud-kastmes-7-10-tukki-portonovo\/","title":{"rendered":"Uus-Meremaa rannakarbid praetud marineeritud kastmes 7-10 t\u00fckki Portonovo"},"content":{"rendered":"<p>Keedetud ja praetud p\u00e4evalille\u00f5lis. B\u00fcssi eemaldatakse k\u00e4sitsi ja pakitakse \u00fckshaaval. Koos ainulaadse marinaadiga, mis on valmistatud t\u00e4iesti looduslikest koostisosadest. Koostisosad: Soolo, mis on valmistatud nii, et see ei sisalda ainult kookosp\u00e4hkleid: Uus-Meremaa rannakarbid, escabeche (p\u00e4evalille\u00f5li, punase veini \u00e4\u00e4dikas, vesi, looduslikud l\u00f5hna- ja maitseained, v\u00fcrtsid ja sool).   <\/p>\n","protected":false},"excerpt":{"rendered":"<p>Keedetud ja praetud p\u00e4evalille\u00f5lis. B\u00fcssi eemaldatakse k\u00e4sitsi ja pakitakse \u00fckshaaval. Koos ainulaadse marinaadiga, mis on valmistatud t\u00e4iesti looduslikest koostisosadest. Koostisosad: Soolo, mis on valmistatud nii, et see ei sisalda ainult kookosp\u00e4hkleid: Uus-Meremaa rannakarbid, escabeche (p\u00e4evalille\u00f5li, punase veini \u00e4\u00e4dikas, vesi, looduslikud l\u00f5hna- ja maitseained, v\u00fcrtsid ja sool).<\/p>\n","protected":false},"featured_media":42577,"template":"","meta":{"_et_pb_use_builder":"","_et_pb_old_content":"","_et_gb_content_width":""},"product_brand":[1428],"product_cat":[4050,1938],"product_tag":[],"class_list":{"0":"post-42574","1":"product","2":"type-product","3":"status-publish","4":"has-post-thumbnail","6":"product_brand-portonovo","7":"product_cat-rannakarbid","8":"product_cat-sailitab","10":"first","11":"instock","12":"taxable","13":"shipping-taxable","14":"purchasable","15":"product-type-variable"},"_links":{"self":[{"href":"https:\/\/myspainfood.com\/et\/wp-json\/wp\/v2\/product\/42574","targetHints":{"allow":["GET"]}}],"collection":[{"href":"https:\/\/myspainfood.com\/et\/wp-json\/wp\/v2\/product"}],"about":[{"href":"https:\/\/myspainfood.com\/et\/wp-json\/wp\/v2\/types\/product"}],"wp:featuredmedia":[{"embeddable":true,"href":"https:\/\/myspainfood.com\/et\/wp-json\/wp\/v2\/media\/42577"}],"wp:attachment":[{"href":"https:\/\/myspainfood.com\/et\/wp-json\/wp\/v2\/media?parent=42574"}],"wp:term":[{"taxonomy":"product_brand","embeddable":true,"href":"https:\/\/myspainfood.com\/et\/wp-json\/wp\/v2\/product_brand?post=42574"},{"taxonomy":"product_cat","embeddable":true,"href":"https:\/\/myspainfood.com\/et\/wp-json\/wp\/v2\/product_cat?post=42574"},{"taxonomy":"product_tag","embeddable":true,"href":"https:\/\/myspainfood.com\/et\/wp-json\/wp\/v2\/product_tag?post=42574"}],"curies":[{"name":"wp","href":"https:\/\/api.w.org\/{rel}","templated":true}]}}