{"id":42638,"date":"2025-04-10T12:11:40","date_gmt":"2025-04-10T10:11:40","guid":{"rendered":"https:\/\/myspainfood.com\/producto\/sardiinid-paevalilleolis-12-14-tukki-111-g\/"},"modified":"2025-04-10T12:11:40","modified_gmt":"2025-04-10T10:11:40","slug":"sardiinid-paevalilleolis-12-14-tukki-111-g","status":"publish","type":"product","link":"https:\/\/myspainfood.com\/et\/producto\/sardiinid-paevalilleolis-12-14-tukki-111-g\/","title":{"rendered":"Sardiinid p\u00e4evalille\u00f5lis 12\/14 t\u00fckki 111 g"},"content":{"rendered":"<p>Avastage mere h\u00f5rgutav maitse meie esmaklassiliste sardiinidega p\u00e4evalille\u00f5lis! Iga suut\u00e4is on v\u00e4rskuse ja kvaliteedi plahvatus, mis r\u00f5\u00f5mustab teie maitseelamust ja viib teid k\u00f5ige eksootilisematele rannikutele. <\/p>\n<p>Meie sardiinid on hoolikalt p\u00fc\u00fctud k\u00f5ige puhtamast veest ja valitud, et tagada nende v\u00f5rratu v\u00e4rskus ja maitse. Esmaklassilises p\u00e4evalille\u00f5lis leotatuna s\u00e4ilitame nende \u00f5rna tekstuuri ja loomuliku maitse, et muuta iga suut\u00e4is unustamatuks elamuseks. <\/p>\n<p>Rikkalikult oomega-3-rasvhappeid, olulisi vitamiine ja mineraalaineid sisaldavad sardiinid p\u00e4evalille\u00f5lis ei ole mitte ainult maitsvad, vaid ka toitev valik teie igap\u00e4evasesse toiduvalikusse. Kasutage neid v\u00e4rsketes salatites, gurmee-sn\u00e4ksides v\u00f5i lihtsalt nautige neid otse purgist. <\/p>\n<p>Olenemata sellest, kas valmistate peene \u00f5htus\u00f6\u00f6gi v\u00f5i otsite tervislikku suupistet kaasa v\u00f5tmiseks, on meie p\u00e4evalille\u00f5lis sardiinid ideaalne valik. Julgege neid proovida ja avastage, miks need on k\u00f5igi toidunautlejate k\u00f5ige paremini hoitud saladus! <\/p>\n<p>Hankige juba t\u00e4na sardiinipurk p\u00e4evalille\u00f5lis ja lisage oma lemmikroogadele mereandide maitset!<\/p>\n","protected":false},"excerpt":{"rendered":"<p>Avastage mere h\u00f5rgutav maitse meie esmaklassiliste sardiinidega p\u00e4evalille\u00f5lis! Iga suut\u00e4is on v\u00e4rskuse ja kvaliteedi plahvatus, mis r\u00f5\u00f5mustab teie maitseelamust ja viib teid k\u00f5ige eksootilisematele rannikutele. <\/p>\n","protected":false},"featured_media":42639,"template":"","meta":{"_et_pb_use_builder":"","_et_pb_old_content":"","_et_gb_content_width":""},"product_brand":[1358],"product_cat":[1938,3786],"product_tag":[],"class_list":{"0":"post-42638","1":"product","2":"type-product","3":"status-publish","4":"has-post-thumbnail","6":"product_brand-areoso","7":"product_cat-sailitab","8":"product_cat-sardinillas-et","10":"first","11":"outofstock","12":"taxable","13":"shipping-taxable","14":"product-type-simple"},"_links":{"self":[{"href":"https:\/\/myspainfood.com\/et\/wp-json\/wp\/v2\/product\/42638","targetHints":{"allow":["GET"]}}],"collection":[{"href":"https:\/\/myspainfood.com\/et\/wp-json\/wp\/v2\/product"}],"about":[{"href":"https:\/\/myspainfood.com\/et\/wp-json\/wp\/v2\/types\/product"}],"wp:featuredmedia":[{"embeddable":true,"href":"https:\/\/myspainfood.com\/et\/wp-json\/wp\/v2\/media\/42639"}],"wp:attachment":[{"href":"https:\/\/myspainfood.com\/et\/wp-json\/wp\/v2\/media?parent=42638"}],"wp:term":[{"taxonomy":"product_brand","embeddable":true,"href":"https:\/\/myspainfood.com\/et\/wp-json\/wp\/v2\/product_brand?post=42638"},{"taxonomy":"product_cat","embeddable":true,"href":"https:\/\/myspainfood.com\/et\/wp-json\/wp\/v2\/product_cat?post=42638"},{"taxonomy":"product_tag","embeddable":true,"href":"https:\/\/myspainfood.com\/et\/wp-json\/wp\/v2\/product_tag?post=42638"}],"curies":[{"name":"wp","href":"https:\/\/api.w.org\/{rel}","templated":true}]}}