{"id":42707,"date":"2025-04-10T12:12:05","date_gmt":"2025-04-10T10:12:05","guid":{"rendered":"https:\/\/myspainfood.com\/producto\/la-vieja-fabrica-bitter-orange-marmelaad-280-g\/"},"modified":"2025-04-10T12:12:05","modified_gmt":"2025-04-10T10:12:05","slug":"la-vieja-fabrica-bitter-orange-marmelaad-280-g","status":"publish","type":"product","link":"https:\/\/myspainfood.com\/et\/producto\/la-vieja-fabrica-bitter-orange-marmelaad-280-g\/","title":{"rendered":"La Vieja F\u00e1brica Bitter Orange marmelaad 280 g"},"content":{"rendered":"<p>La Vieja F\u00e1brica m\u00f5ru apelsinimarmelaad on traditsiooniline hispaania toode, mis paistab silma oma autentse ja maitsva maitse poolest. Valmistatud parimatest kibedatest apelsinidest ja traditsiooniliste retseptide j\u00e4rgi, pakub see t\u00e4iuslikku tasakaalu magususe ja kibeduse vahel. See marmelaad sobib ideaalselt hommikus\u00f6\u00f6gi, suupistete v\u00f5i magustoitude k\u00f5rvale ja toob teie lauale Hispaania traditsiooniliste maitsete rikkalikkuse.  <\/p>\n<p>&nbsp;<\/p>\n<p><span class=\"info-key \"><strong>Toiduaine nimetus<\/strong>:<\/span> m\u00f5ru apelsinimarmelaad. <\/p>\n<p><span class=\"info-key \"><strong>Ettev\u00f5tja nimi<\/strong>:<\/span> \u00c1ngel Camacho Alimentaci\u00f3n, S.L.<\/p>\n<p><span class=\"info-key \"><strong>Ettev\u00f5tja aadress<\/strong>:<\/span> Avda. del Pilar, 6 - 41530 Mor\u00f3n de la Frontera (Sevilla).<\/p>\n<p><span class=\"info-key \"><strong>Toiduaine p\u00e4ritolukoht<\/strong>:<\/span> Hispaania toode. <\/p>\n<p><span class=\"info-key \"><strong>Netokogus<\/strong>:<\/span> 365 g<\/p>\n<p><span class=\"info-key \"><strong>Muud kohustuslikud m\u00e4rgistusandmed<\/strong>:<\/span> Valmistatud 40 g apelsinidest 100 g kohta.<\/p>\n<p><strong>Kogusuhkrusisaldus<\/strong> 65 g 100 g kohta.<\/p>\n","protected":false},"excerpt":{"rendered":"<p>La Vieja F\u00e1brica m\u00f5ru apelsinimarmelaad on traditsiooniline hispaania toode, mis paistab silma oma autentse ja maitsva maitse poolest. Valmistatud parimatest kibedatest apelsinidest ja traditsiooniliste retseptide j\u00e4rgi, pakub see t\u00e4iuslikku tasakaalu magususe ja kibeduse vahel. See marmelaad sobib ideaalselt hommikus\u00f6\u00f6gi, suupistete v\u00f5i magustoitude k\u00f5rvale ja toob teie lauale Hispaania traditsiooniliste maitsete rikkalikkuse. &nbsp; Toiduaine nimetus: m\u00f5ru [&hellip;]<\/p>\n","protected":false},"featured_media":42712,"template":"","meta":{"_et_pb_use_builder":"","_et_pb_old_content":"","_et_gb_content_width":""},"product_brand":[1460],"product_cat":[1938],"product_tag":[],"class_list":{"0":"post-42707","1":"product","2":"type-product","3":"status-publish","4":"has-post-thumbnail","6":"product_brand-la-vieja-fabrica","7":"product_cat-sailitab","9":"first","10":"outofstock","11":"taxable","12":"shipping-taxable","13":"product-type-variable"},"_links":{"self":[{"href":"https:\/\/myspainfood.com\/et\/wp-json\/wp\/v2\/product\/42707","targetHints":{"allow":["GET"]}}],"collection":[{"href":"https:\/\/myspainfood.com\/et\/wp-json\/wp\/v2\/product"}],"about":[{"href":"https:\/\/myspainfood.com\/et\/wp-json\/wp\/v2\/types\/product"}],"wp:featuredmedia":[{"embeddable":true,"href":"https:\/\/myspainfood.com\/et\/wp-json\/wp\/v2\/media\/42712"}],"wp:attachment":[{"href":"https:\/\/myspainfood.com\/et\/wp-json\/wp\/v2\/media?parent=42707"}],"wp:term":[{"taxonomy":"product_brand","embeddable":true,"href":"https:\/\/myspainfood.com\/et\/wp-json\/wp\/v2\/product_brand?post=42707"},{"taxonomy":"product_cat","embeddable":true,"href":"https:\/\/myspainfood.com\/et\/wp-json\/wp\/v2\/product_cat?post=42707"},{"taxonomy":"product_tag","embeddable":true,"href":"https:\/\/myspainfood.com\/et\/wp-json\/wp\/v2\/product_tag?post=42707"}],"curies":[{"name":"wp","href":"https:\/\/api.w.org\/{rel}","templated":true}]}}