{"id":43033,"date":"2025-04-10T12:11:27","date_gmt":"2025-04-10T10:11:27","guid":{"rendered":"https:\/\/myspainfood.com\/producto\/roscos-de-vino-y-almenda-kott-300-grammi-la-ponderosa\/"},"modified":"2025-04-10T12:11:27","modified_gmt":"2025-04-10T10:11:27","slug":"roscos-de-vino-y-almenda-kott-300-grammi-la-ponderosa","status":"publish","type":"product","link":"https:\/\/myspainfood.com\/et\/producto\/roscos-de-vino-y-almenda-kott-300-grammi-la-ponderosa\/","title":{"rendered":"Roscos de vino y almenda kott 300 grammi La Ponderosa"},"content":{"rendered":"<p>Veini- ja mandlif\u00e4nnid on segu tootest, mille maitse ja pehme tekstuur teevad sellest traditsioonilise toote, mis meeldib ka k\u00f5ige n\u00f5udlikumale maitsele.<\/p>\n<p>Koostisosad<\/p>\n<p>Nisujahu, ibeeria searasv (antioks\u00fcdant: E-320), suhkur, vein (sisaldab sulfiite) (12%), mandlid (5%), aniis, kaneel, seesamiseemned, aniisimaitseaine ja sidrunimaitseaine. V\u00f5ib sisaldada j\u00e4lgi maap\u00e4hklitest. <\/p>\n<p>Allergeenid<\/p>\n<p>Sisaldab gluteeni, p\u00e4hkleid, seesami ja sulfiite. V\u00f5ib sisaldada j\u00e4lgi maap\u00e4hklitest. <\/p>\n","protected":false},"excerpt":{"rendered":"<p>Veini- ja mandlif\u00e4nnid on segu tootest, mille maitse ja pehme tekstuur teevad sellest traditsioonilise toote, mis meeldib ka k\u00f5ige n\u00f5udlikumale maitsele. Koostisosad Nisujahu, ibeeria searasv (antioks\u00fcdant: E-320), suhkur, vein (sisaldab sulfiite) (12%), mandlid (5%), aniis, kaneel, seesamiseemned, aniisimaitseaine ja sidrunimaitseaine. V\u00f5ib sisaldada j\u00e4lgi maap\u00e4hklitest. Allergeenid Sisaldab gluteeni, p\u00e4hkleid, seesami ja sulfiite. V\u00f5ib sisaldada j\u00e4lgi maap\u00e4hklitest.<\/p>\n","protected":false},"featured_media":43040,"template":"","meta":{"_et_pb_use_builder":"","_et_pb_old_content":"","_et_gb_content_width":""},"product_brand":[1417],"product_cat":[7774,1938],"product_tag":[],"class_list":{"0":"post-43033","1":"product","2":"type-product","3":"status-publish","4":"has-post-thumbnail","6":"product_brand-la-ponderosa","7":"product_cat-joulud-special","8":"product_cat-sailitab","10":"first","11":"outofstock","12":"taxable","13":"shipping-taxable","14":"product-type-variable"},"_links":{"self":[{"href":"https:\/\/myspainfood.com\/et\/wp-json\/wp\/v2\/product\/43033","targetHints":{"allow":["GET"]}}],"collection":[{"href":"https:\/\/myspainfood.com\/et\/wp-json\/wp\/v2\/product"}],"about":[{"href":"https:\/\/myspainfood.com\/et\/wp-json\/wp\/v2\/types\/product"}],"wp:featuredmedia":[{"embeddable":true,"href":"https:\/\/myspainfood.com\/et\/wp-json\/wp\/v2\/media\/43040"}],"wp:attachment":[{"href":"https:\/\/myspainfood.com\/et\/wp-json\/wp\/v2\/media?parent=43033"}],"wp:term":[{"taxonomy":"product_brand","embeddable":true,"href":"https:\/\/myspainfood.com\/et\/wp-json\/wp\/v2\/product_brand?post=43033"},{"taxonomy":"product_cat","embeddable":true,"href":"https:\/\/myspainfood.com\/et\/wp-json\/wp\/v2\/product_cat?post=43033"},{"taxonomy":"product_tag","embeddable":true,"href":"https:\/\/myspainfood.com\/et\/wp-json\/wp\/v2\/product_tag?post=43033"}],"curies":[{"name":"wp","href":"https:\/\/api.w.org\/{rel}","templated":true}]}}