{"id":43135,"date":"2025-04-10T12:11:39","date_gmt":"2025-04-10T10:11:39","guid":{"rendered":"https:\/\/myspainfood.com\/producto\/sanmer-mustad-parlmutteroliivid-kiviga-314-ml\/"},"modified":"2025-04-10T12:11:39","modified_gmt":"2025-04-10T10:11:39","slug":"sanmer-mustad-parlmutteroliivid-kiviga-314-ml","status":"publish","type":"product","link":"https:\/\/myspainfood.com\/et\/producto\/sanmer-mustad-parlmutteroliivid-kiviga-314-ml\/","title":{"rendered":"Sanmer Mustad p\u00e4rlmutteroliivid kiviga 314 ml"},"content":{"rendered":"<p>Intensiivse musta v\u00e4rvi, tugeva l\u00e4ikega, mahlase viljalihaga ja meeldiva tekstuuriga. Sobib suurep\u00e4raselt v\u00e4rskete salatite ja pitsade juurde, maitsvad mis tahes mahedate roogadega. <\/p>\n","protected":false},"excerpt":{"rendered":"<p>Intensiivse musta v\u00e4rvi, tugeva l\u00e4ikega, mahlase viljalihaga ja meeldiva tekstuuriga. Sobib suurep\u00e4raselt v\u00e4rskete salatite ja pitsade juurde, maitsvad mis tahes mahedate roogadega.<\/p>\n","protected":false},"featured_media":43141,"template":"","meta":{"_et_pb_use_builder":"","_et_pb_old_content":"","_et_gb_content_width":""},"product_brand":[1069,1303],"product_cat":[1790,1793],"product_tag":[2042,8211],"class_list":{"0":"post-43135","1":"product","2":"type-product","3":"status-publish","4":"has-post-thumbnail","6":"product_brand-sangar","7":"product_brand-sanmer","8":"product_cat-kurgid","9":"product_cat-oliivid","10":"product_tag-kummel","11":"product_tag-must","13":"first","14":"outofstock","15":"taxable","16":"shipping-taxable","17":"product-type-variable"},"_links":{"self":[{"href":"https:\/\/myspainfood.com\/et\/wp-json\/wp\/v2\/product\/43135","targetHints":{"allow":["GET"]}}],"collection":[{"href":"https:\/\/myspainfood.com\/et\/wp-json\/wp\/v2\/product"}],"about":[{"href":"https:\/\/myspainfood.com\/et\/wp-json\/wp\/v2\/types\/product"}],"wp:featuredmedia":[{"embeddable":true,"href":"https:\/\/myspainfood.com\/et\/wp-json\/wp\/v2\/media\/43141"}],"wp:attachment":[{"href":"https:\/\/myspainfood.com\/et\/wp-json\/wp\/v2\/media?parent=43135"}],"wp:term":[{"taxonomy":"product_brand","embeddable":true,"href":"https:\/\/myspainfood.com\/et\/wp-json\/wp\/v2\/product_brand?post=43135"},{"taxonomy":"product_cat","embeddable":true,"href":"https:\/\/myspainfood.com\/et\/wp-json\/wp\/v2\/product_cat?post=43135"},{"taxonomy":"product_tag","embeddable":true,"href":"https:\/\/myspainfood.com\/et\/wp-json\/wp\/v2\/product_tag?post=43135"}],"curies":[{"name":"wp","href":"https:\/\/api.w.org\/{rel}","templated":true}]}}