{"id":43223,"date":"2025-04-10T12:10:02","date_gmt":"2025-04-10T10:10:02","guid":{"rendered":"https:\/\/myspainfood.com\/producto\/chicon-oliivitillukesed-900-grammine-pakend-6-uhikut\/"},"modified":"2025-09-02T10:50:22","modified_gmt":"2025-09-02T08:50:22","slug":"chicon-oliivitillukesed-900-grammine-pakend-6-uhikut","status":"publish","type":"product","link":"https:\/\/myspainfood.com\/et\/producto\/chicon-oliivitillukesed-900-grammine-pakend-6-uhikut\/","title":{"rendered":"Chic\u00f3n oliivitillukesed 900 grammine pakend 6 \u00fchikut"},"content":{"rendered":"<h3><a href=\"https:\/\/aceitunaschiconlebron.com\/\" target=\"_blank\" rel=\"noopener noreferrer nofollow\">Chicon<\/a> Chupadedos Olives Ali\u00f1o eelised<\/h3>\n<p>Kas teadsite nende Chicon Ali\u00f1o Oliivide imemaitsjate mitmek\u00fclgset kasu? Neil on suur v\u00f5imekus ennetada s\u00fcdamehaigusi ja vereringeelundite haigusi \u00fcldiselt. <\/p>\n<p>See on tingitud selle suurest k\u00fcllastumata rasvade sisaldusest. Lisaks sellele sisaldab see toit palju rauda ja kiudaineid ning on v\u00e4ga k\u00fcllastav, mist\u00f5ttu on see ideaalne vahepala. <\/p>\n<p>Neid terveid oliive on soovitatav hoida jahedas ja kuivas kohas, eemal p\u00e4ikesevalgusest.<\/p>\n<p>Kui soovite osta oliive v\u00f5i mis tahes muud liiki <a href=\"https:\/\/latiendadesami.com\/categoria-producto\/encurtidos\/\" rel=\"noopener noreferrer nofollow\" target=\"_blank\">marineeritud toiduaineid<\/a>, siis vaadake julgelt meie veebikataloogi, et n\u00e4ha meie <a href=\"https:\/\/latiendadesami.com\/categoria-producto\/encurtidos\/aceitunas\/\" target=\"_blank\" rel=\"noopener noreferrer nofollow\">oliivide<\/a> suurt valikut.<\/p>\n","protected":false},"excerpt":{"rendered":"<p>Chicon Chupadedos Olives Ali\u00f1o eelised Kas teadsite nende Chicon Ali\u00f1o Oliivide imemaitsjate mitmek\u00fclgset kasu? Neil on suur v\u00f5imekus ennetada s\u00fcdamehaigusi ja vereringeelundite haigusi \u00fcldiselt. See on tingitud selle suurest k\u00fcllastumata rasvade sisaldusest. Lisaks sellele sisaldab see toit palju rauda ja kiudaineid ning on v\u00e4ga k\u00fcllastav, mist\u00f5ttu on see ideaalne vahepala. Neid terveid oliive on soovitatav [&hellip;]<\/p>\n","protected":false},"featured_media":43229,"template":"","meta":{"_et_pb_use_builder":"","_et_pb_old_content":"","_et_gb_content_width":""},"product_brand":[1036],"product_cat":[3016,3149],"product_tag":[4098],"class_list":{"0":"post-43223","1":"product","2":"type-product","3":"status-publish","4":"has-post-thumbnail","6":"product_brand-chicon","7":"product_cat-hulgimuuk","8":"product_cat-kurgid-et-2","9":"product_tag-suckers-et","11":"first","12":"instock","13":"taxable","14":"shipping-taxable","15":"purchasable","16":"product-type-variable"},"_links":{"self":[{"href":"https:\/\/myspainfood.com\/et\/wp-json\/wp\/v2\/product\/43223","targetHints":{"allow":["GET"]}}],"collection":[{"href":"https:\/\/myspainfood.com\/et\/wp-json\/wp\/v2\/product"}],"about":[{"href":"https:\/\/myspainfood.com\/et\/wp-json\/wp\/v2\/types\/product"}],"wp:featuredmedia":[{"embeddable":true,"href":"https:\/\/myspainfood.com\/et\/wp-json\/wp\/v2\/media\/43229"}],"wp:attachment":[{"href":"https:\/\/myspainfood.com\/et\/wp-json\/wp\/v2\/media?parent=43223"}],"wp:term":[{"taxonomy":"product_brand","embeddable":true,"href":"https:\/\/myspainfood.com\/et\/wp-json\/wp\/v2\/product_brand?post=43223"},{"taxonomy":"product_cat","embeddable":true,"href":"https:\/\/myspainfood.com\/et\/wp-json\/wp\/v2\/product_cat?post=43223"},{"taxonomy":"product_tag","embeddable":true,"href":"https:\/\/myspainfood.com\/et\/wp-json\/wp\/v2\/product_tag?post=43223"}],"curies":[{"name":"wp","href":"https:\/\/api.w.org\/{rel}","templated":true}]}}