{"id":43263,"date":"2025-04-10T12:10:04","date_gmt":"2025-04-10T10:10:04","guid":{"rendered":"https:\/\/myspainfood.com\/producto\/senorio-de-nava-2021-ribera-vein-60-uhikut\/"},"modified":"2025-04-10T12:10:04","modified_gmt":"2025-04-10T10:10:04","slug":"senorio-de-nava-2021-ribera-vein-60-uhikut","status":"publish","type":"product","link":"https:\/\/myspainfood.com\/et\/producto\/senorio-de-nava-2021-ribera-vein-60-uhikut\/","title":{"rendered":"Se\u00f1or\u00edo de Nava 2021 Ribera vein 60 \u00fchikut"},"content":{"rendered":"<p>Degusteerimisnoodid Kirsipunane v\u00e4rvus, h\u00e4sti kaetud, granaatpunase \u00e4\u00e4risega; j\u00f5uline ja nooruslik v\u00e4limus, elegantne, s\u00e4rav, eksimatu, mis t\u00e4idab klaasi punase pitsiga, kui see pudelist langeb. Keerukas ja peen aroom; v\u00e4ga p\u00fcsivad v\u00fcrtsid, palsami aroomi tipp, r\u00f6stitud kohv ja lagrits. Suus on kontsentreeritud, suurep\u00e4rase struktuuriga, rikkalik, hea tanniiniga, tasakaalustatud, mahlane ja j\u00e4tab peenetunde. Elegantne, laia aistingutega.   <\/p>\n<p>Gastronoomia-Soovitatavad toidud liha, kala, praadide ja v\u00e4rskete juustude k\u00f5rvale.<\/p>\n","protected":false},"excerpt":{"rendered":"<p>Degusteerimisnoodid Kirsipunane v\u00e4rvus, h\u00e4sti kaetud, granaatpunase \u00e4\u00e4risega; j\u00f5uline ja nooruslik v\u00e4limus, elegantne, s\u00e4rav, eksimatu, mis t\u00e4idab klaasi punase pitsiga, kui see pudelist langeb. Keerukas ja peen aroom; v\u00e4ga p\u00fcsivad v\u00fcrtsid, palsami aroomi tipp, r\u00f6stitud kohv ja lagrits. Suus on kontsentreeritud, suurep\u00e4rase struktuuriga, rikkalik, hea tanniiniga, tasakaalustatud, mahlane ja j\u00e4tab peenetunde. Elegantne, laia aistingutega. Gastronoomia-Soovitatavad toidud [&hellip;]<\/p>\n","protected":false},"featured_media":43268,"template":"","meta":{"_et_pb_use_builder":"","_et_pb_old_content":"","_et_gb_content_width":""},"product_brand":[1224],"product_cat":[3016,7394],"product_tag":[5268],"class_list":{"0":"post-43263","1":"product","2":"type-product","3":"status-publish","4":"has-post-thumbnail","6":"product_brand-senorio-de-nava","7":"product_cat-hulgimuuk","8":"product_cat-joogid-et","9":"product_tag-kasvatus-et","11":"first","12":"outofstock","13":"taxable","14":"shipping-taxable","15":"purchasable","16":"product-type-simple"},"_links":{"self":[{"href":"https:\/\/myspainfood.com\/et\/wp-json\/wp\/v2\/product\/43263","targetHints":{"allow":["GET"]}}],"collection":[{"href":"https:\/\/myspainfood.com\/et\/wp-json\/wp\/v2\/product"}],"about":[{"href":"https:\/\/myspainfood.com\/et\/wp-json\/wp\/v2\/types\/product"}],"wp:featuredmedia":[{"embeddable":true,"href":"https:\/\/myspainfood.com\/et\/wp-json\/wp\/v2\/media\/43268"}],"wp:attachment":[{"href":"https:\/\/myspainfood.com\/et\/wp-json\/wp\/v2\/media?parent=43263"}],"wp:term":[{"taxonomy":"product_brand","embeddable":true,"href":"https:\/\/myspainfood.com\/et\/wp-json\/wp\/v2\/product_brand?post=43263"},{"taxonomy":"product_cat","embeddable":true,"href":"https:\/\/myspainfood.com\/et\/wp-json\/wp\/v2\/product_cat?post=43263"},{"taxonomy":"product_tag","embeddable":true,"href":"https:\/\/myspainfood.com\/et\/wp-json\/wp\/v2\/product_tag?post=43263"}],"curies":[{"name":"wp","href":"https:\/\/api.w.org\/{rel}","templated":true}]}}