{"id":43406,"date":"2025-04-10T12:11:14","date_gmt":"2025-04-10T10:11:14","guid":{"rendered":"https:\/\/myspainfood.com\/producto\/pico-mandli-pahklikompvek-200-gramm-jijona\/"},"modified":"2025-04-10T12:11:14","modified_gmt":"2025-04-10T10:11:14","slug":"pico-mandli-pahklikompvek-200-gramm-jijona","status":"publish","type":"product","link":"https:\/\/myspainfood.com\/et\/producto\/pico-mandli-pahklikompvek-200-gramm-jijona\/","title":{"rendered":"Pic\u00f3 mandli p\u00e4hklikompvek 200 gramm Jijona"},"content":{"rendered":"<p>Mesi ja mandlid on kaks olulist elementi, millest koosneb Jijonas valmistatud p\u00e4hklikompvek, mis kannab reguleeriva asutuse poolt antud kaitstud geograafilise t\u00e4hise pitserit. Selle p\u00e4ritolu avastamiseks on vaja vaadata tagasi ja alla, maale. Esimesed turronerod olid tegelikult p\u00f5llumehed, kes kasvatasid mandlipuid ja kogusid mett, kuid talvel, kui lumi sadas, pidid nad ellu j\u00e4\u00e4ma. Seep\u00e4rast tulid nad v\u00e4lja ideega muuta nende toodetud tooraine toiduks, mida nad saaksid m\u00fc\u00fca tolleaegsetel messidel.   <\/p>\n<p>Alicante provintsi klimaatilised ja geoloogilised tingimused on eriti sobivad mandlipuude kasvatamiseks, mis kasvavad ainult vahemerelises kliimas. \u00dcks selle puu erip\u00e4ra on ka see, et paljunemiseks tuleb seda tolmeldada, mist\u00f5ttu on vaja h\u00f5lbustada mesilaste t\u00f6\u00f6d ja mee tootmist. Selleks, et nougat oleks midagi enamat kui lihtsalt suhkru, mandli ja mee segu, tuleb j\u00e4rgida rangeid ja traditsioonilisi tootmis- ja kvaliteediprotseduure.  <\/p>\n<p>Koostisosad R\u00f6stitud mandlid 64%, suhkur, mesi, munavalge ja emulgaator e-471.<\/p>\n<p><strong>KEHTIVUSAEG 02\/2024<\/strong><\/p>\n","protected":false},"excerpt":{"rendered":"<p>Mesi ja mandlid on kaks olulist elementi, millest koosneb Jijonas valmistatud p\u00e4hklikompvek, mis kannab reguleeriva asutuse poolt antud kaitstud geograafilise t\u00e4hise pitserit. Selle p\u00e4ritolu avastamiseks on vaja vaadata tagasi ja alla, maale. Esimesed turronerod olid tegelikult p\u00f5llumehed, kes kasvatasid mandlipuid ja kogusid mett, kuid talvel, kui lumi sadas, pidid nad ellu j\u00e4\u00e4ma. Seep\u00e4rast tulid nad [&hellip;]<\/p>\n","protected":false},"featured_media":43412,"template":"","meta":{"_et_pb_use_builder":"","_et_pb_old_content":"","_et_gb_content_width":""},"product_brand":[1414],"product_cat":[7774,1938],"product_tag":[],"class_list":{"0":"post-43406","1":"product","2":"type-product","3":"status-publish","4":"has-post-thumbnail","6":"product_brand-pico","7":"product_cat-joulud-special","8":"product_cat-sailitab","10":"first","11":"outofstock","12":"taxable","13":"shipping-taxable","14":"product-type-variable"},"_links":{"self":[{"href":"https:\/\/myspainfood.com\/et\/wp-json\/wp\/v2\/product\/43406","targetHints":{"allow":["GET"]}}],"collection":[{"href":"https:\/\/myspainfood.com\/et\/wp-json\/wp\/v2\/product"}],"about":[{"href":"https:\/\/myspainfood.com\/et\/wp-json\/wp\/v2\/types\/product"}],"wp:featuredmedia":[{"embeddable":true,"href":"https:\/\/myspainfood.com\/et\/wp-json\/wp\/v2\/media\/43412"}],"wp:attachment":[{"href":"https:\/\/myspainfood.com\/et\/wp-json\/wp\/v2\/media?parent=43406"}],"wp:term":[{"taxonomy":"product_brand","embeddable":true,"href":"https:\/\/myspainfood.com\/et\/wp-json\/wp\/v2\/product_brand?post=43406"},{"taxonomy":"product_cat","embeddable":true,"href":"https:\/\/myspainfood.com\/et\/wp-json\/wp\/v2\/product_cat?post=43406"},{"taxonomy":"product_tag","embeddable":true,"href":"https:\/\/myspainfood.com\/et\/wp-json\/wp\/v2\/product_tag?post=43406"}],"curies":[{"name":"wp","href":"https:\/\/api.w.org\/{rel}","templated":true}]}}