{"id":43599,"date":"2025-04-10T12:12:05","date_gmt":"2025-04-10T10:12:05","guid":{"rendered":"https:\/\/myspainfood.com\/producto\/santos-sodupe-rioja-rose-poolmagus-pekadora-rioja\/"},"modified":"2026-01-29T12:47:07","modified_gmt":"2026-01-29T11:47:07","slug":"santos-sodupe-rioja-rose-poolmagus-pekadora-rioja","status":"publish","type":"product","link":"https:\/\/myspainfood.com\/et\/producto\/santos-sodupe-rioja-rose-poolmagus-pekadora-rioja\/","title":{"rendered":"Santos Sodupe Rioja Ros\u00e9 poolmagus PEKADORA Rioja"},"content":{"rendered":"<p>Saagikoristus \u00f6\u00f6sel<\/p>\n<p>K\u00fclma leotamine<\/p>\n<p>Madalr\u00f5hupressimine, vabalt voolav mahl<\/p>\n<p>Flotatsioonipuhastus<\/p>\n<p>Temperatuurikontrollitud k\u00e4\u00e4ritamine<\/p>\n<p>Tehnilised andmed<\/p>\n<p>  Poolmagus roosa<\/p>\n<p>  100% punane grenache<\/p>\n<p>  Bodegas Santos Sodupe<\/p>\n<p>  San Asensio, La Rioja<\/p>\n<p>  D.O.C. Rioja<\/p>\n<p>  75cl \/ 12,5%vol.<\/p>\n<p>  Sisaldab sulfiite<\/p>\n<p>degusteerimine<\/p>\n<p>Kahvatu puhas roosa, l\u00f5hevalgusega<\/p>\n<p>Kompott valgetest puuviljadest ja tsitrusviljadest<\/p>\n<p>Elav tunne magususe ja happesuse vahelisest tasakaalust.<\/p>\n","protected":false},"excerpt":{"rendered":"<p>Saagikoristus \u00f6\u00f6sel K\u00fclma leotamine Madalr\u00f5hupressimine, vabalt voolav mahl Flotatsioonipuhastus Temperatuurikontrollitud k\u00e4\u00e4ritamine Tehnilised andmed Poolmagus roosa 100% punane grenache Bodegas Santos Sodupe San Asensio, La Rioja D.O.C. Rioja 75cl \/ 12,5%vol. Sisaldab sulfiite degusteerimine Kahvatu puhas roosa, l\u00f5hevalgusega Kompott valgetest puuviljadest ja tsitrusviljadest Elav tunne magususe ja happesuse vahelisest tasakaalust.<\/p>\n","protected":false},"featured_media":43605,"template":"","meta":{"_et_pb_use_builder":"","_et_pb_old_content":"","_et_gb_content_width":""},"product_brand":[1459],"product_cat":[4915,4916],"product_tag":[],"class_list":{"0":"post-43599","1":"product","2":"type-product","3":"status-publish","4":"has-post-thumbnail","6":"product_brand-santos-sodupe","7":"product_cat-joogid","8":"product_cat-vein","10":"first","11":"outofstock","12":"taxable","13":"shipping-taxable","14":"product-type-variable"},"_links":{"self":[{"href":"https:\/\/myspainfood.com\/et\/wp-json\/wp\/v2\/product\/43599","targetHints":{"allow":["GET"]}}],"collection":[{"href":"https:\/\/myspainfood.com\/et\/wp-json\/wp\/v2\/product"}],"about":[{"href":"https:\/\/myspainfood.com\/et\/wp-json\/wp\/v2\/types\/product"}],"wp:featuredmedia":[{"embeddable":true,"href":"https:\/\/myspainfood.com\/et\/wp-json\/wp\/v2\/media\/43605"}],"wp:attachment":[{"href":"https:\/\/myspainfood.com\/et\/wp-json\/wp\/v2\/media?parent=43599"}],"wp:term":[{"taxonomy":"product_brand","embeddable":true,"href":"https:\/\/myspainfood.com\/et\/wp-json\/wp\/v2\/product_brand?post=43599"},{"taxonomy":"product_cat","embeddable":true,"href":"https:\/\/myspainfood.com\/et\/wp-json\/wp\/v2\/product_cat?post=43599"},{"taxonomy":"product_tag","embeddable":true,"href":"https:\/\/myspainfood.com\/et\/wp-json\/wp\/v2\/product_tag?post=43599"}],"curies":[{"name":"wp","href":"https:\/\/api.w.org\/{rel}","templated":true}]}}