{"id":43860,"date":"2025-04-10T12:11:14","date_gmt":"2025-04-10T10:11:14","guid":{"rendered":"https:\/\/myspainfood.com\/producto\/vermutikokteil-los-cantabros-025-lata-by-jairo-cuetao-villistatud-bodegas-igarmi-poolt\/"},"modified":"2026-01-29T12:59:36","modified_gmt":"2026-01-29T11:59:36","slug":"vermutikokteil-los-cantabros-025-lata-by-jairo-cuetao-villistatud-bodegas-igarmi-poolt","status":"publish","type":"product","link":"https:\/\/myspainfood.com\/et\/producto\/vermutikokteil-los-cantabros-025-lata-by-jairo-cuetao-villistatud-bodegas-igarmi-poolt\/","title":{"rendered":"Vermutikokteil los C\u00e1ntabros 0,25 Lata by Jairo Cuetao villistatud bodegas Igarmi poolt"},"content":{"rendered":"<p>Verm\u00fa los C\u00e1ntabros on austusavaldus k\u00f5igile neile meestele ja naistele, kes on osanud meie kultuuri s\u00e4ilitada ja levitada.<\/p>\n<p>Samuti meie juured ja traditsioonid, millega kaasnevad laadalid, festivalid, m\u00e4ngud ja gastronoomia, alates merest kuni meie armastatud Kantaabria m\u00e4gedeni.<\/p>\n<p>Seda toodet villib Bodegas Igarmi.  <\/p>\n<p>Bodegas Igarmi on traditsioon, mida alates 1890. aastast on iseloomustanud kvaliteet ja klienditeenindus.<\/p>\n<p>Pereettev\u00f5te, mille kirg ja p\u00fchendumus veinile on v\u00f5imaldanud villida ja turustada veinid, mille hinna ja kvaliteedi suhe on \u00fcletamatu ning mida turul ja tarbijate poolt k\u00f5rgelt hinnatakse.<\/p>\n<p>Bodegas Igarmil on Herase linnas 3000 m\u00b2 suurused rajatised, mille ladustamisv\u00f5imsus on ligikaudu miljon liitrit.<\/p>\n<p>See on ka suurim veinikelder Kantaabrias.<\/p>\n<p>Nad on suurep\u00e4rane meeskond, mis koosneb enam kui 30 inimesest, kes on p\u00fchendunud sellele, et pakkuda kliendile parimat toodet ja parimat teenindust, mille poolest me eristume.<\/p>\n<p>Neil on 20 s\u00f5idukit, mis tegelevad toodete tarnimise ja levitamisega kogu Kantaabrias ja naaberpiirkondades.<\/p>\n<p>Kui soovite osta Vermouth Los C\u00e1ntabros 5 liitrit kotti karbis v\u00f5i m\u00f5nda muud jooki, siis vaadake julgelt meie veebikataloogi, et n\u00e4ha meie laia valikut jooke.<\/p>\n<p>Lisateabe saamiseks kirjutage meile.<\/p>\n","protected":false},"excerpt":{"rendered":"<p>Verm\u00fa los C\u00e1ntabros on austusavaldus k\u00f5igile neile meestele ja naistele, kes on osanud meie kultuuri s\u00e4ilitada ja levitada. Samuti meie juured ja traditsioonid, millega kaasnevad laadalid, festivalid, m\u00e4ngud ja gastronoomia, alates merest kuni meie armastatud Kantaabria m\u00e4gedeni. Seda toodet villib Bodegas Igarmi. Bodegas Igarmi on traditsioon, mida alates 1890. aastast on iseloomustanud kvaliteet ja klienditeenindus. [&hellip;]<\/p>\n","protected":false},"featured_media":43865,"template":"","meta":{"_et_pb_use_builder":"","_et_pb_old_content":"","_et_gb_content_width":""},"product_brand":[1244,1245],"product_cat":[4915,5797],"product_tag":[5798],"class_list":{"0":"post-43860","1":"product","2":"type-product","3":"status-publish","4":"has-post-thumbnail","6":"product_brand-igarmi","7":"product_brand-los-cantabros","8":"product_cat-joogid","9":"product_cat-vermouth-et","10":"product_tag-igarmi-et","12":"first","13":"outofstock","14":"featured","15":"taxable","16":"shipping-taxable","17":"product-type-variable"},"_links":{"self":[{"href":"https:\/\/myspainfood.com\/et\/wp-json\/wp\/v2\/product\/43860","targetHints":{"allow":["GET"]}}],"collection":[{"href":"https:\/\/myspainfood.com\/et\/wp-json\/wp\/v2\/product"}],"about":[{"href":"https:\/\/myspainfood.com\/et\/wp-json\/wp\/v2\/types\/product"}],"wp:featuredmedia":[{"embeddable":true,"href":"https:\/\/myspainfood.com\/et\/wp-json\/wp\/v2\/media\/43865"}],"wp:attachment":[{"href":"https:\/\/myspainfood.com\/et\/wp-json\/wp\/v2\/media?parent=43860"}],"wp:term":[{"taxonomy":"product_brand","embeddable":true,"href":"https:\/\/myspainfood.com\/et\/wp-json\/wp\/v2\/product_brand?post=43860"},{"taxonomy":"product_cat","embeddable":true,"href":"https:\/\/myspainfood.com\/et\/wp-json\/wp\/v2\/product_cat?post=43860"},{"taxonomy":"product_tag","embeddable":true,"href":"https:\/\/myspainfood.com\/et\/wp-json\/wp\/v2\/product_tag?post=43860"}],"curies":[{"name":"wp","href":"https:\/\/api.w.org\/{rel}","templated":true}]}}