{"id":44233,"date":"2025-04-10T12:11:27","date_gmt":"2025-04-10T10:11:27","guid":{"rendered":"https:\/\/myspainfood.com\/producto\/egg-gildas-ansoovisega-bokeo-4-tukki\/"},"modified":"2025-09-02T10:51:20","modified_gmt":"2025-09-02T08:51:20","slug":"egg-gildas-ansoovisega-bokeo-4-tukki","status":"publish","type":"product","link":"https:\/\/myspainfood.com\/et\/producto\/egg-gildas-ansoovisega-bokeo-4-tukki\/","title":{"rendered":"Egg Gildas an\u0161oovisega Bokeo 4 t\u00fckki"},"content":{"rendered":"<p>An\u0161oovise gilda, vutimuna, an\u0161oovise, piparra ja punase pipraga t\u00e4idetud oliivid.<\/p>\n","protected":false},"excerpt":{"rendered":"<p>An\u0161oovise gilda, vutimuna, an\u0161oovise, piparra ja punase pipraga t\u00e4idetud oliivid.<\/p>\n","protected":false},"featured_media":29384,"template":"","meta":{"_et_pb_use_builder":"","_et_pb_old_content":"","_et_gb_content_width":""},"product_brand":[1277],"product_cat":[1889,1880,1790,1793,2341,1882,1938],"product_tag":[],"class_list":{"0":"post-44233","1":"product","2":"type-product","3":"status-publish","4":"has-post-thumbnail","6":"product_brand-bokeo","7":"product_cat-ansoovised-et","8":"product_cat-cold-et","9":"product_cat-kurgid","10":"product_cat-oliivid","11":"product_cat-paprika-et","12":"product_cat-pintxos-et","13":"product_cat-sailitab","14":"product_shipping_class-kulmaveo-vedu","16":"first","17":"outofstock","18":"taxable","19":"shipping-taxable","20":"product-type-variable"},"_links":{"self":[{"href":"https:\/\/myspainfood.com\/et\/wp-json\/wp\/v2\/product\/44233","targetHints":{"allow":["GET"]}}],"collection":[{"href":"https:\/\/myspainfood.com\/et\/wp-json\/wp\/v2\/product"}],"about":[{"href":"https:\/\/myspainfood.com\/et\/wp-json\/wp\/v2\/types\/product"}],"wp:featuredmedia":[{"embeddable":true,"href":"https:\/\/myspainfood.com\/et\/wp-json\/wp\/v2\/media\/29384"}],"wp:attachment":[{"href":"https:\/\/myspainfood.com\/et\/wp-json\/wp\/v2\/media?parent=44233"}],"wp:term":[{"taxonomy":"product_brand","embeddable":true,"href":"https:\/\/myspainfood.com\/et\/wp-json\/wp\/v2\/product_brand?post=44233"},{"taxonomy":"product_cat","embeddable":true,"href":"https:\/\/myspainfood.com\/et\/wp-json\/wp\/v2\/product_cat?post=44233"},{"taxonomy":"product_tag","embeddable":true,"href":"https:\/\/myspainfood.com\/et\/wp-json\/wp\/v2\/product_tag?post=44233"}],"curies":[{"name":"wp","href":"https:\/\/api.w.org\/{rel}","templated":true}]}}