{"id":44294,"date":"2025-04-10T12:11:27","date_gmt":"2025-04-10T10:11:27","guid":{"rendered":"https:\/\/myspainfood.com\/producto\/assortiikott-400-grammi-la-ponderosa\/"},"modified":"2025-04-10T12:11:27","modified_gmt":"2025-04-10T10:11:27","slug":"assortiikott-400-grammi-la-ponderosa","status":"publish","type":"product","link":"https:\/\/myspainfood.com\/et\/producto\/assortiikott-400-grammi-la-ponderosa\/","title":{"rendered":"Assortiikott 400 grammi La Ponderosa"},"content":{"rendered":"<p>Kirjeldus<\/p>\n<p>Selles sortimendis minikott 400 grs leiate k\u00f5ige traditsioonilisemad j\u00f5ulutooted. \u00dches tootes leiate valiku: <\/p>\n<p>- Veini ja mandlidoonikutega. Meie suurep\u00e4rase veinidoonuti miniversioon. \u00dcmmarguse kujuga, keskel auguga, valmistatud magusa veini, mandlite, seesamiseemnete ja tuhksuhkruga.  <\/p>\n<p>- Polvoroncitos de almendra. Mis oleksid j\u00f5ulud ilma traditsiooniliste polvoronones&#8217;ideta? Kuigi meie polvoroncitos on v\u00e4iksemad kui originaalid, on s\u00e4ilinud nende iseloomulik mandlimaitse.  <\/p>\n<p>- Kaneelipirukas. J\u00f5ulukuningas koos polvor\u00f3niga. Meie mantecado miniversioon on valmistatud samadest koostisosadest: v\u00f5ist, jahust, jahvatatud mandlitest, seesamiseemnetest ja kaneelist.  <\/p>\n<p>Koostisosad<\/p>\n<p>Mini kaneeliv\u00f5i: Nisujahu, suhkur, ibeeria searasv (antioks\u00fcdant: E-320), kaneel (1%) ja seesamiseemned. V\u00f5ib sisaldada j\u00e4lgi p\u00e4hklitest, maap\u00e4hklitest ja sulfititest. <\/p>\n<p>Mini mandlipolvor\u00f3n: nisujahu, suhkur, ibeerip\u00e4rase searasva (antioks\u00fcdant: E-320), mandlid (8%), kaneel, nelk ja sidrunimaitseaine. V\u00f5ib sisaldada j\u00e4lgi maap\u00e4hklitest, seesamist ja sulfititest. <\/p>\n<p>Veini ja mandli minidoonut: Nisujahu, ibeeria searasv (antioks\u00fcdant: E-320), suhkur, vein (sisaldab sulfiite) (12%), mandlid (5%), aniis, kaneel, seesamiseemned, aniisimaitseaine ja sidrunimaitseaine. V\u00f5ib sisaldada j\u00e4lgi maap\u00e4hklitest. <\/p>\n<p>Allergeenid<\/p>\n<p>Sisaldab gluteeni, p\u00e4hkleid, seesami ja sulfiite. V\u00f5ib sisaldada j\u00e4lgi maap\u00e4hklitest. <\/p>\n","protected":false},"excerpt":{"rendered":"<p>Kirjeldus Selles sortimendis minikott 400 grs leiate k\u00f5ige traditsioonilisemad j\u00f5ulutooted. \u00dches tootes leiate valiku: - Veini ja mandlidoonikutega. Meie suurep\u00e4rase veinidoonuti miniversioon. \u00dcmmarguse kujuga, keskel auguga, valmistatud magusa veini, mandlite, seesamiseemnete ja tuhksuhkruga. - Polvoroncitos de almendra. Mis oleksid j\u00f5ulud ilma traditsiooniliste polvoronones&#8217;ideta? Kuigi meie polvoroncitos on v\u00e4iksemad kui originaalid, on s\u00e4ilinud nende iseloomulik mandlimaitse. [&hellip;]<\/p>\n","protected":false},"featured_media":44301,"template":"","meta":{"_et_pb_use_builder":"","_et_pb_old_content":"","_et_gb_content_width":""},"product_brand":[1417],"product_cat":[7774,1938],"product_tag":[],"class_list":{"0":"post-44294","1":"product","2":"type-product","3":"status-publish","4":"has-post-thumbnail","6":"product_brand-la-ponderosa","7":"product_cat-joulud-special","8":"product_cat-sailitab","10":"first","11":"outofstock","12":"taxable","13":"shipping-taxable","14":"product-type-variable"},"_links":{"self":[{"href":"https:\/\/myspainfood.com\/et\/wp-json\/wp\/v2\/product\/44294","targetHints":{"allow":["GET"]}}],"collection":[{"href":"https:\/\/myspainfood.com\/et\/wp-json\/wp\/v2\/product"}],"about":[{"href":"https:\/\/myspainfood.com\/et\/wp-json\/wp\/v2\/types\/product"}],"wp:featuredmedia":[{"embeddable":true,"href":"https:\/\/myspainfood.com\/et\/wp-json\/wp\/v2\/media\/44301"}],"wp:attachment":[{"href":"https:\/\/myspainfood.com\/et\/wp-json\/wp\/v2\/media?parent=44294"}],"wp:term":[{"taxonomy":"product_brand","embeddable":true,"href":"https:\/\/myspainfood.com\/et\/wp-json\/wp\/v2\/product_brand?post=44294"},{"taxonomy":"product_cat","embeddable":true,"href":"https:\/\/myspainfood.com\/et\/wp-json\/wp\/v2\/product_cat?post=44294"},{"taxonomy":"product_tag","embeddable":true,"href":"https:\/\/myspainfood.com\/et\/wp-json\/wp\/v2\/product_tag?post=44294"}],"curies":[{"name":"wp","href":"https:\/\/api.w.org\/{rel}","templated":true}]}}