{"id":44333,"date":"2025-04-10T12:11:27","date_gmt":"2025-04-10T10:11:27","guid":{"rendered":"https:\/\/myspainfood.com\/producto\/kodused-saiakesed-500-grammi-kott-la-ponderosa\/"},"modified":"2025-04-10T12:11:27","modified_gmt":"2025-04-10T10:11:27","slug":"kodused-saiakesed-500-grammi-kott-la-ponderosa","status":"publish","type":"product","link":"https:\/\/myspainfood.com\/et\/producto\/kodused-saiakesed-500-grammi-kott-la-ponderosa\/","title":{"rendered":"Kodused saiakesed 500 grammi kott La Ponderosa"},"content":{"rendered":"<p>\u0160okolaad, sidrun, kaneel&#8230; Mantecadosid on turul paljudes maitsetes, kuid kui on m\u00f5ni, mis on j\u00f5ululaual kohustuslik, siis on see kodune mantecados. Kvaliteedisegu, sest meie omatehtud mantecados on valmistatud parimatest koostisosadest, koos k\u00e4sit\u00f6\u00f6oskusega ja traditsioonidega, mida on meie riigis juba aastaid turustatud, teeb sellest \u00fche enim m\u00fc\u00fcdud toote meie klientide seas. <\/p>\n<p>Koostisained:<\/p>\n<p>Nisujahu, suhkur, ibeeria searasv (antioks\u00fcdant: E-320), kaneel ja seesamiseemned. V\u00f5ib sisaldada j\u00e4lgi p\u00e4hklitest, maap\u00e4hklitest ja sulfititest. <\/p>\n<p>Allergeenid<\/p>\n<p>Sisaldab gluteeni ja seesami. V\u00f5ib sisaldada j\u00e4lgi p\u00e4hklitest, maap\u00e4hklitest ja sulfititest. <\/p>\n","protected":false},"excerpt":{"rendered":"<p>\u0160okolaad, sidrun, kaneel&#8230; Mantecadosid on turul paljudes maitsetes, kuid kui on m\u00f5ni, mis on j\u00f5ululaual kohustuslik, siis on see kodune mantecados. Kvaliteedisegu, sest meie omatehtud mantecados on valmistatud parimatest koostisosadest, koos k\u00e4sit\u00f6\u00f6oskusega ja traditsioonidega, mida on meie riigis juba aastaid turustatud, teeb sellest \u00fche enim m\u00fc\u00fcdud toote meie klientide seas. Koostisained: Nisujahu, suhkur, ibeeria searasv [&hellip;]<\/p>\n","protected":false},"featured_media":44340,"template":"","meta":{"_et_pb_use_builder":"","_et_pb_old_content":"","_et_gb_content_width":""},"product_brand":[1417],"product_cat":[7774,1938],"product_tag":[],"class_list":{"0":"post-44333","1":"product","2":"type-product","3":"status-publish","4":"has-post-thumbnail","6":"product_brand-la-ponderosa","7":"product_cat-joulud-special","8":"product_cat-sailitab","10":"first","11":"outofstock","12":"taxable","13":"shipping-taxable","14":"product-type-variable"},"_links":{"self":[{"href":"https:\/\/myspainfood.com\/et\/wp-json\/wp\/v2\/product\/44333","targetHints":{"allow":["GET"]}}],"collection":[{"href":"https:\/\/myspainfood.com\/et\/wp-json\/wp\/v2\/product"}],"about":[{"href":"https:\/\/myspainfood.com\/et\/wp-json\/wp\/v2\/types\/product"}],"wp:featuredmedia":[{"embeddable":true,"href":"https:\/\/myspainfood.com\/et\/wp-json\/wp\/v2\/media\/44340"}],"wp:attachment":[{"href":"https:\/\/myspainfood.com\/et\/wp-json\/wp\/v2\/media?parent=44333"}],"wp:term":[{"taxonomy":"product_brand","embeddable":true,"href":"https:\/\/myspainfood.com\/et\/wp-json\/wp\/v2\/product_brand?post=44333"},{"taxonomy":"product_cat","embeddable":true,"href":"https:\/\/myspainfood.com\/et\/wp-json\/wp\/v2\/product_cat?post=44333"},{"taxonomy":"product_tag","embeddable":true,"href":"https:\/\/myspainfood.com\/et\/wp-json\/wp\/v2\/product_tag?post=44333"}],"curies":[{"name":"wp","href":"https:\/\/api.w.org\/{rel}","templated":true}]}}