{"id":44956,"date":"2025-04-10T12:11:37","date_gmt":"2025-04-10T10:11:37","guid":{"rendered":"https:\/\/myspainfood.com\/producto\/karupojad-joonistavad-naeratusi-1-kg-damel\/"},"modified":"2025-04-10T12:11:37","modified_gmt":"2025-04-10T10:11:37","slug":"karupojad-joonistavad-naeratusi-1-kg-damel","status":"publish","type":"product","link":"https:\/\/myspainfood.com\/et\/producto\/karupojad-joonistavad-naeratusi-1-kg-damel\/","title":{"rendered":"Karupojad joonistavad naeratusi 1 kg DAMEL"},"content":{"rendered":"","protected":false},"excerpt":{"rendered":"<p>Damel on l\u00f5bus maailm, mis paneb sind end h\u00e4sti tundma. Iga kord, kui avad Dameli koti, saad rahulolu ja naudingu naeratuse oma n\u00e4ole.<\/p>\n<p>Damelilt leiate laia valiku kvaliteetseid tooteid, mis on t\u00e4is maitseid, v\u00e4rve ja tekstuure. See on m\u00f5eldud teile igal ajal ja igal korral: v\u00e4ikesed kotid, suured formaadid, segatud maitsed v\u00f5i maitse, mida te k\u00f5ige rohkem armastate! <\/p>\n","protected":false},"featured_media":44960,"template":"","meta":{"_et_pb_use_builder":"","_et_pb_old_content":"","_et_gb_content_width":""},"product_brand":[1435],"product_cat":[7774,1938],"product_tag":[],"class_list":{"0":"post-44956","1":"product","2":"type-product","3":"status-publish","4":"has-post-thumbnail","6":"product_brand-damel","7":"product_cat-joulud-special","8":"product_cat-sailitab","10":"first","11":"outofstock","12":"taxable","13":"shipping-taxable","14":"purchasable","15":"product-type-simple"},"_links":{"self":[{"href":"https:\/\/myspainfood.com\/et\/wp-json\/wp\/v2\/product\/44956","targetHints":{"allow":["GET"]}}],"collection":[{"href":"https:\/\/myspainfood.com\/et\/wp-json\/wp\/v2\/product"}],"about":[{"href":"https:\/\/myspainfood.com\/et\/wp-json\/wp\/v2\/types\/product"}],"wp:featuredmedia":[{"embeddable":true,"href":"https:\/\/myspainfood.com\/et\/wp-json\/wp\/v2\/media\/44960"}],"wp:attachment":[{"href":"https:\/\/myspainfood.com\/et\/wp-json\/wp\/v2\/media?parent=44956"}],"wp:term":[{"taxonomy":"product_brand","embeddable":true,"href":"https:\/\/myspainfood.com\/et\/wp-json\/wp\/v2\/product_brand?post=44956"},{"taxonomy":"product_cat","embeddable":true,"href":"https:\/\/myspainfood.com\/et\/wp-json\/wp\/v2\/product_cat?post=44956"},{"taxonomy":"product_tag","embeddable":true,"href":"https:\/\/myspainfood.com\/et\/wp-json\/wp\/v2\/product_tag?post=44956"}],"curies":[{"name":"wp","href":"https:\/\/api.w.org\/{rel}","templated":true}]}}