{"id":45113,"date":"2025-04-10T12:05:33","date_gmt":"2025-04-10T10:05:33","guid":{"rendered":"https:\/\/myspainfood.com\/producto\/olive-machacamoya\/"},"modified":"2025-04-10T12:05:33","modified_gmt":"2025-04-10T10:05:33","slug":"olive-machacamoya","status":"publish","type":"product","link":"https:\/\/myspainfood.com\/et\/producto\/olive-machacamoya\/","title":{"rendered":"Olive Machacamoya"},"content":{"rendered":"<p>Machacamoya oliivid paistavad silma oma t\u00fc\u00fcpilise m\u00f5ru maitse poolest. K\u00f5ige v\u00e4ljavalitumale maitsele on see ovaalne oliiv, mida maitsestatakse k\u00fc\u00fcslaugu ja paprikaga, aromaatsete \u00fcrtide ja \u00e4\u00e4dikaga. See on v\u00e4ga populaarne oliiv baari baarides. Sobib ideaalselt Hispaania veini v\u00f5i klaasi \u00f5llega.   <\/p>\n","protected":false},"excerpt":{"rendered":"<p>Machacamoya oliivid paistavad silma oma t\u00fc\u00fcpilise m\u00f5ru maitse poolest. K\u00f5ige v\u00e4ljavalitumale maitsele on see ovaalne oliiv, mida maitsestatakse k\u00fc\u00fcslaugu ja paprikaga, aromaatsete \u00fcrtide ja \u00e4\u00e4dikaga. See on v\u00e4ga populaarne oliiv baari baarides. Sobib ideaalselt Hispaania veini v\u00f5i klaasi \u00f5llega.<\/p>\n","protected":false},"featured_media":45119,"template":"","meta":{"_et_pb_use_builder":"","_et_pb_old_content":"","_et_gb_content_width":""},"product_brand":[1057],"product_cat":[1790,1793],"product_tag":[9341],"class_list":{"0":"post-45113","1":"product","2":"type-product","3":"status-publish","4":"has-post-thumbnail","6":"product_brand-la-encajera","7":"product_cat-kurgid","8":"product_cat-oliivid","9":"product_tag-machacamoya-et","11":"first","12":"outofstock","13":"taxable","14":"shipping-taxable","15":"product-type-variable"},"_links":{"self":[{"href":"https:\/\/myspainfood.com\/et\/wp-json\/wp\/v2\/product\/45113","targetHints":{"allow":["GET"]}}],"collection":[{"href":"https:\/\/myspainfood.com\/et\/wp-json\/wp\/v2\/product"}],"about":[{"href":"https:\/\/myspainfood.com\/et\/wp-json\/wp\/v2\/types\/product"}],"wp:featuredmedia":[{"embeddable":true,"href":"https:\/\/myspainfood.com\/et\/wp-json\/wp\/v2\/media\/45119"}],"wp:attachment":[{"href":"https:\/\/myspainfood.com\/et\/wp-json\/wp\/v2\/media?parent=45113"}],"wp:term":[{"taxonomy":"product_brand","embeddable":true,"href":"https:\/\/myspainfood.com\/et\/wp-json\/wp\/v2\/product_brand?post=45113"},{"taxonomy":"product_cat","embeddable":true,"href":"https:\/\/myspainfood.com\/et\/wp-json\/wp\/v2\/product_cat?post=45113"},{"taxonomy":"product_tag","embeddable":true,"href":"https:\/\/myspainfood.com\/et\/wp-json\/wp\/v2\/product_tag?post=45113"}],"curies":[{"name":"wp","href":"https:\/\/api.w.org\/{rel}","templated":true}]}}