{"id":45237,"date":"2025-04-10T12:05:33","date_gmt":"2025-04-10T10:05:33","guid":{"rendered":"https:\/\/myspainfood.com\/producto\/baklazaanimaitse-oliiv\/"},"modified":"2025-04-10T12:05:33","modified_gmt":"2025-04-10T10:05:33","slug":"baklazaanimaitse-oliiv","status":"publish","type":"product","link":"https:\/\/myspainfood.com\/et\/producto\/baklazaanimaitse-oliiv\/","title":{"rendered":"Bakla\u017eaanimaitse oliiv"},"content":{"rendered":"<p>Bakla\u017eaanimaitseline oliiv on v\u00e4ga maheda maitsega, mis teeb sellest julge <a href=\"https:\/\/www.laencajera.es\/aceitunas\" target=\"_blank\" rel=\"noopener noreferrer nofollow\">eelroa<\/a>, mis on alati isu\u00e4ratav.<\/p>\n<p>Samuti on see ideaalne kaaslane lusikaroogadele. Neid v\u00f5ib nautida koos klaasi veiniga. <\/p>\n<p>Koostisained: Oliivid, vesi, pipar, sool, \u00e4\u00e4dikas, looduslikud maitseained (k\u00fc\u00fcslauk, k\u00f6\u00f6mned, paprika ja \u00f5li), l\u00f5hna- ja maitsetugevdaja (E-631, E-627, E-621), happesuse suurendaja (E-330), s\u00e4ilitusained (E-270, E-202, E-211), antioks\u00fcdant (E-330) ja looduslikud l\u00f5hna- ja maitseained. V\u00f5ib sisaldada sulfiite. <\/p>\n<p>Hoida jahedas ja kuivas kohas, temperatuuril 3\u00baC kuni 10\u00baC. Hoida eemal p\u00e4ikesevalgusest ja tugevatest l\u00f5hnadest. <\/p>\n<p>Avatud bakla\u017eaanimaitselist oliivi hoidke k\u00fclmikus ja tarbige 30 p\u00e4eva jooksul.<\/p>\n<p>Kui soovite osta oliive v\u00f5i mis tahes muud t\u00fc\u00fcpi <a href=\"https:\/\/latiendadesami.com\/categoria-producto\/encurtidos\/\" rel=\"noopener noreferrer nofollow\" target=\"_blank\">hapukurki<\/a>, siis vaadake julgelt meie veebikataloogi, et n\u00e4ha meie laia valikut <a href=\"https:\/\/latiendadesami.com\/categoria-producto\/encurtidos\/berenjenas\/\" target=\"_blank\" rel=\"noopener noreferrer nofollow\">bakla\u017eaane<\/a>.<\/p>\n<p>Kaubam\u00e4rk on La Encajonera, 1990. aastal asutatud pereettev\u00f5te, mis asub La Mancha s\u00fcdames, Ciudad Reali provintsis asuvas ALMAGRO linnas.<\/p>\n<p>Selle toodete tootmisprotsess algab samas kasvatuspiirkonnas, kus valitakse v\u00e4lja parima kvaliteediga toode.<\/p>\n<p>Tehas on varustatud k\u00f5ige kaasaegsema tehnoloogiaga, s\u00e4ilitades samas k\u00e4sit\u00f6\u00f6liste traditsiooni ja oskusteavet.<\/p>\n","protected":false},"excerpt":{"rendered":"<p>Bakla\u017eaanimaitseline oliiv on v\u00e4ga maheda maitsega, mis teeb sellest julge eelroa, mis on alati isu\u00e4ratav. Samuti on see ideaalne kaaslane lusikaroogadele. Neid v\u00f5ib nautida koos klaasi veiniga. Koostisained: Oliivid, vesi, pipar, sool, \u00e4\u00e4dikas, looduslikud maitseained (k\u00fc\u00fcslauk, k\u00f6\u00f6mned, paprika ja \u00f5li), l\u00f5hna- ja maitsetugevdaja (E-631, E-627, E-621), happesuse suurendaja (E-330), s\u00e4ilitusained (E-270, E-202, E-211), antioks\u00fcdant (E-330) [&hellip;]<\/p>\n","protected":false},"featured_media":45244,"template":"","meta":{"_et_pb_use_builder":"","_et_pb_old_content":"","_et_gb_content_width":""},"product_brand":[1057],"product_cat":[1790,1793],"product_tag":[2154],"class_list":{"0":"post-45237","1":"product","2":"type-product","3":"status-publish","4":"has-post-thumbnail","6":"product_brand-la-encajera","7":"product_cat-kurgid","8":"product_cat-oliivid","9":"product_tag-aubergine-et","11":"first","12":"outofstock","13":"taxable","14":"shipping-taxable","15":"product-type-variable"},"_links":{"self":[{"href":"https:\/\/myspainfood.com\/et\/wp-json\/wp\/v2\/product\/45237","targetHints":{"allow":["GET"]}}],"collection":[{"href":"https:\/\/myspainfood.com\/et\/wp-json\/wp\/v2\/product"}],"about":[{"href":"https:\/\/myspainfood.com\/et\/wp-json\/wp\/v2\/types\/product"}],"wp:featuredmedia":[{"embeddable":true,"href":"https:\/\/myspainfood.com\/et\/wp-json\/wp\/v2\/media\/45244"}],"wp:attachment":[{"href":"https:\/\/myspainfood.com\/et\/wp-json\/wp\/v2\/media?parent=45237"}],"wp:term":[{"taxonomy":"product_brand","embeddable":true,"href":"https:\/\/myspainfood.com\/et\/wp-json\/wp\/v2\/product_brand?post=45237"},{"taxonomy":"product_cat","embeddable":true,"href":"https:\/\/myspainfood.com\/et\/wp-json\/wp\/v2\/product_cat?post=45237"},{"taxonomy":"product_tag","embeddable":true,"href":"https:\/\/myspainfood.com\/et\/wp-json\/wp\/v2\/product_tag?post=45237"}],"curies":[{"name":"wp","href":"https:\/\/api.w.org\/{rel}","templated":true}]}}