{"id":46064,"date":"2025-04-10T12:11:14","date_gmt":"2025-04-10T10:11:14","guid":{"rendered":"https:\/\/myspainfood.com\/producto\/marineeritud-rannakarbid-10-14-tukki-arlequin\/"},"modified":"2025-04-10T12:11:14","modified_gmt":"2025-04-10T10:11:14","slug":"marineeritud-rannakarbid-10-14-tukki-arlequin","status":"publish","type":"product","link":"https:\/\/myspainfood.com\/et\/producto\/marineeritud-rannakarbid-10-14-tukki-arlequin\/","title":{"rendered":"Marineeritud rannakarbid 10\/14 t\u00fckki Arlequ\u00edn"},"content":{"rendered":"<p>Arlequ\u00edn Mussel 10\/14 t\u00fckki <a href=\"https:\/\/conservasarlequin.com\/arlequin\/\" target=\"_blank\" rel=\"noopener noreferrer nofollow\">Arlequ\u00edn<\/a> on traditsioonilisel viisil valmistatud konserveeritud toode.<\/p>\n<p><strong>S\u00e4ilivusaeg:<\/strong> 5 aastat<\/p>\n<p><strong>Looduskaitse:<\/strong> keskkond<\/p>\n<p><strong>Fileede arv\/ t\u00fckkide arv:<\/strong> 10\/14<\/p>\n<p>Conservas <a href=\"https:\/\/latiendadesami.com\/marca\/arlequin\/\" target=\"_blank\" rel=\"noopener noreferrer nofollow\">Arlequ\u00edni<\/a> missiooniks on pakkuda suurep\u00e4rast toodet, parimat teenindust ja laia valikut kalakonserve parima hinnaga.<\/p>\n<p>Nad on spetsialiseerunud ka an\u0161oovisele, an\u0161oovisele, an\u0161oovisele, bonitole, hariliku tuunikala, hariliku tuunikala, hariliku tuunikala 10\/14 t\u00fckki, makrellile ja sardiinidele.<\/p>\n<p>N\u00e4iteks \u00fctles ajalehes El Pa\u00eds ilmunud Comidista ventresca kohta: &#8220;See on nii \u00f5rn, peaaegu kreemjas, et see paneb sind tahtma abielluda ja elada \u00f5nnelikult, kuni Issand sind v\u00f5tab&#8221;.<\/p>\n<h4>Konservide peamised eelised<\/h4>\n<ol>\n<li>Nad s\u00e4ilitavad k\u00f5ik toidu enda toitumisomadused. Toit s\u00e4ilitab oma v\u00e4rskuse. <\/li>\n<li>Kasutatavad toiduained on tervislikud ja sobivad seet\u00f5ttu optimaalseks toitumiseks t\u00e4nu nende k\u00f5rgele vitamiini- ja valgusisaldusele.<\/li>\n<li>Nende toodete eluiga on pikem (tavaliselt 2-5 aastat).<\/li>\n<li>Konserve on v\u00e4ga lihtne s\u00e4ilitada, sest nende pakend on kergesti kasutatav.<\/li>\n<\/ol>\n<p>Kui soovite osta tuunikala v\u00f5i mis tahes muud liiki <a href=\"https:\/\/latiendadesami.com\/categoria-producto\/conservas\/\" rel=\"noopener noreferrer nofollow\" target=\"_blank\">konservi<\/a>, siis vaadake julgelt meie veebikataloogi, et n\u00e4ha meie <a href=\"https:\/\/latiendadesami.com\/categoria-producto\/conservas\/atun-y-bonito\/\" target=\"_blank\" rel=\"noopener noreferrer nofollow\">tuunikala<\/a> suurt valikut.<\/p>\n<p>Lisateabe saamiseks kirjutage meile.<\/p>\n","protected":false},"excerpt":{"rendered":"<p>Arlequ\u00edn Mussel 10\/14 t\u00fckki Arlequ\u00edn on traditsioonilisel viisil valmistatud konserveeritud toode. S\u00e4ilivusaeg: 5 aastat Looduskaitse: keskkond Fileede arv\/ t\u00fckkide arv: 10\/14 Conservas Arlequ\u00edni missiooniks on pakkuda suurep\u00e4rast toodet, parimat teenindust ja laia valikut kalakonserve parima hinnaga. Nad on spetsialiseerunud ka an\u0161oovisele, an\u0161oovisele, an\u0161oovisele, bonitole, hariliku tuunikala, hariliku tuunikala, hariliku tuunikala 10\/14 t\u00fckki, makrellile ja sardiinidele. [&hellip;]<\/p>\n","protected":false},"featured_media":46072,"template":"","meta":{"_et_pb_use_builder":"","_et_pb_old_content":"","_et_gb_content_width":""},"product_brand":[1162],"product_cat":[4072,1938],"product_tag":[],"class_list":{"0":"post-46064","1":"product","2":"type-product","3":"status-publish","4":"has-post-thumbnail","6":"product_brand-arlequin","7":"product_cat-rannakarbid-et","8":"product_cat-sailitab","10":"first","11":"instock","12":"featured","13":"taxable","14":"shipping-taxable","15":"purchasable","16":"product-type-variable"},"_links":{"self":[{"href":"https:\/\/myspainfood.com\/et\/wp-json\/wp\/v2\/product\/46064","targetHints":{"allow":["GET"]}}],"collection":[{"href":"https:\/\/myspainfood.com\/et\/wp-json\/wp\/v2\/product"}],"about":[{"href":"https:\/\/myspainfood.com\/et\/wp-json\/wp\/v2\/types\/product"}],"wp:featuredmedia":[{"embeddable":true,"href":"https:\/\/myspainfood.com\/et\/wp-json\/wp\/v2\/media\/46072"}],"wp:attachment":[{"href":"https:\/\/myspainfood.com\/et\/wp-json\/wp\/v2\/media?parent=46064"}],"wp:term":[{"taxonomy":"product_brand","embeddable":true,"href":"https:\/\/myspainfood.com\/et\/wp-json\/wp\/v2\/product_brand?post=46064"},{"taxonomy":"product_cat","embeddable":true,"href":"https:\/\/myspainfood.com\/et\/wp-json\/wp\/v2\/product_cat?post=46064"},{"taxonomy":"product_tag","embeddable":true,"href":"https:\/\/myspainfood.com\/et\/wp-json\/wp\/v2\/product_tag?post=46064"}],"curies":[{"name":"wp","href":"https:\/\/api.w.org\/{rel}","templated":true}]}}