{"id":46827,"date":"2025-04-10T12:06:14","date_gmt":"2025-04-10T10:06:14","guid":{"rendered":"https:\/\/myspainfood.com\/producto\/ansoovised-chop-chop-2-kg\/"},"modified":"2025-06-24T16:18:03","modified_gmt":"2025-06-24T14:18:03","slug":"ansoovised-chop-chop-2-kg","status":"publish","type":"product","link":"https:\/\/myspainfood.com\/et\/producto\/ansoovised-chop-chop-2-kg\/","title":{"rendered":"An\u0161oovised Chop &amp; Chop 2 kg"},"content":{"rendered":"<p>Boquer\u00f3n Picar&amp;Picar 2 kg GOLD SERIES on an\u0161oovised k\u00fc\u00fcslaugu ja peterselliga GOLD SERIES.<\/p>\n<p>See on peen ja v\u00e4ga suur kala, mis on esitatud 200 g kandikul.<\/p>\n<p><a href=\"https:\/\/picaripicar.com\/presentacion\/\" target=\"_blank\" rel=\"noopener noreferrer nofollow\">Toode<\/a> on s\u00e4ilitatud p\u00e4evalille\u00f5lis, \u00e4\u00e4dikas ja k\u00fc\u00fcslaugus.<\/p>\n<p>Salve tuleks hoida temperatuuril 0-4\u00baC.<\/p>\n<p>Selle valmistamiseks kasutame puhastatud an\u0161oovisefileed, mille liha on algselt pruunikas.<\/p>\n<p>Nad t\u00f5stavad esile oma v\u00e4lisnaha h\u00f5bedased peegeldused ja neid kastetakse 3 tundi vees ja umbes 6 tundi jahedas kohas \u00e4\u00e4dikas (klaasist, mitte kunagi metallist, sest \u00e4\u00e4dikas sisalduv \u00e4\u00e4dikhape r\u00fcndaks seda) soolast, veest ja \u00e4\u00e4dikast koosnevas kandikus.<\/p>\n<p>An\u0161oovise seljat\u00fckid, mis varem olid pruunid, muutuvad \u00e4\u00e4dika m\u00f5jul valgeks.<\/p>\n<p>P\u00e4rast vedeliku \u00e4ravoolu garneerige rohke hakitud k\u00fc\u00fcslaugu, oliivi\u00f5li ja peterselliga.<\/p>\n<p>Seda toitu tarbitakse tavaliselt k\u00fclmalt koos \u00f5llega (veini ei soovitata, sest \u00e4\u00e4dika tarbimine m\u00f5jub veiniga halvasti).<\/p>\n<p>See on Hispaanias v\u00e4ga t\u00fc\u00fcpiline aperitiiv, eriti soojematel kuudel.<\/p>\n<p>Hispaanias on t\u00fc\u00fcpiline, et neid n\u00e4eb paljude baaride ja restoranide letil kandikutel.<\/p>\n<p>Tihti garneeritakse see portsjon hapukurkide v\u00f5i oliividega ning serveeritakse koos kartulikr\u00f5psudega suurel taldrikul.<\/p>\n<p>Hispaanias m\u00fc\u00fcakse seda toodet suurtes supermarketites erineva suurusega plasttubades, kuhu tuleb lisada ainult k\u00fc\u00fcslauk ja petersell.<\/p>\n<h2>Boquer\u00f3n Picar&amp;Picar 2 kg GOLD SERIES<\/h2>\n<p>Kui soovite osta Boquer\u00f3n Picar&amp;Picar 2 kg SERIE ORO v\u00f5i m\u00f5nda muud t\u00fc\u00fcpi <a href=\"https:\/\/latiendadesami.com\/categoria-producto\/frio\/\" rel=\"noopener noreferrer nofollow\" target=\"_blank\">k\u00fclmtoitu<\/a>, siis vaadake julgelt meie veebikataloogi.<\/p>\n<p>Meil on k\u00f5rgeim kvaliteet parima hinnaga.<\/p>\n<p>Kirjutage meile, kui soovite lisateavet v\u00f5i kui teil on k\u00fcsimusi selle v\u00f5i m\u00f5ne muu toote kohta.<\/p>\n","protected":false},"excerpt":{"rendered":"<p>Boquer\u00f3n Picar&amp;Picar 2 kg GOLD SERIES on an\u0161oovised k\u00fc\u00fcslaugu ja peterselliga GOLD SERIES. See on peen ja v\u00e4ga suur kala, mis on esitatud 200 g kandikul. Toode on s\u00e4ilitatud p\u00e4evalille\u00f5lis, \u00e4\u00e4dikas ja k\u00fc\u00fcslaugus. Salve tuleks hoida temperatuuril 0-4\u00baC. Selle valmistamiseks kasutame puhastatud an\u0161oovisefileed, mille liha on algselt pruunikas. Nad t\u00f5stavad esile oma v\u00e4lisnaha h\u00f5bedased peegeldused [&hellip;]<\/p>\n","protected":false},"featured_media":46835,"template":"","meta":{"_et_pb_use_builder":"","_et_pb_old_content":"","_et_gb_content_width":""},"product_brand":[1127],"product_cat":[1889,1880],"product_tag":[],"class_list":{"0":"post-46827","1":"product","2":"type-product","3":"status-publish","4":"has-post-thumbnail","6":"product_brand-picarpicar","7":"product_cat-ansoovised-et","8":"product_cat-cold-et","9":"product_shipping_class-kulmaveo-vedu","11":"first","12":"instock","13":"taxable","14":"shipping-taxable","15":"purchasable","16":"product-type-variable"},"_links":{"self":[{"href":"https:\/\/myspainfood.com\/et\/wp-json\/wp\/v2\/product\/46827","targetHints":{"allow":["GET"]}}],"collection":[{"href":"https:\/\/myspainfood.com\/et\/wp-json\/wp\/v2\/product"}],"about":[{"href":"https:\/\/myspainfood.com\/et\/wp-json\/wp\/v2\/types\/product"}],"wp:featuredmedia":[{"embeddable":true,"href":"https:\/\/myspainfood.com\/et\/wp-json\/wp\/v2\/media\/46835"}],"wp:attachment":[{"href":"https:\/\/myspainfood.com\/et\/wp-json\/wp\/v2\/media?parent=46827"}],"wp:term":[{"taxonomy":"product_brand","embeddable":true,"href":"https:\/\/myspainfood.com\/et\/wp-json\/wp\/v2\/product_brand?post=46827"},{"taxonomy":"product_cat","embeddable":true,"href":"https:\/\/myspainfood.com\/et\/wp-json\/wp\/v2\/product_cat?post=46827"},{"taxonomy":"product_tag","embeddable":true,"href":"https:\/\/myspainfood.com\/et\/wp-json\/wp\/v2\/product_tag?post=46827"}],"curies":[{"name":"wp","href":"https:\/\/api.w.org\/{rel}","templated":true}]}}