{"id":46939,"date":"2025-04-10T12:06:39","date_gmt":"2025-04-10T10:06:39","guid":{"rendered":"https:\/\/myspainfood.com\/producto\/terve-piquillo-paprika-extra-mateo\/"},"modified":"2025-04-10T12:06:39","modified_gmt":"2025-04-10T10:06:39","slug":"terve-piquillo-paprika-extra-mateo","status":"publish","type":"product","link":"https:\/\/myspainfood.com\/et\/producto\/terve-piquillo-paprika-extra-mateo\/","title":{"rendered":"Terve piquillo paprika extra Mateo"},"content":{"rendered":"<p>Terve piquillo paprika extra Mateo on <a href=\"https:\/\/twitter.com\/mca_spain\" target=\"_blank\" rel=\"noopener noreferrer nofollow\">MCA Hispaania toode<\/a>.<\/p>\n<p>Koostisained: Piquillo paprika, k\u00fc\u00fcslauk, sool ja happesuse suurendaja: sidrunhape.<\/p>\n<p>P\u00e4rast avamist hoida k\u00fclmkapis ja tarbida soovitavalt 5 p\u00e4eva jooksul.<\/p>\n<p>La Viuda de Mateo on \u00fcks kaubanduslikest kaubam\u00e4rkidest, mille all MCA Hispaania kontsern turule l\u00e4heb.<\/p>\n<p>MCA Hispaania sai alguse selle praeguse peadirektori Carlos Ripa kogemusest, kes t\u00f6\u00f6tas k\u00fcmme aastat toiduainetet\u00f6\u00f6stuse jaem\u00fc\u00fcgisektoriga seotud pereettev\u00f5ttes.<\/p>\n<p>Kuid 1980ndate keskel k\u00e4ivitas Ripa oma kodulinnas (Mendavia, Navarra) oma isikliku projekti: konserveerimisfirma MCA Spain.<\/p>\n<p>K\u00f5nealune ettev\u00f5te on asetanud end k\u00f6\u00f6giviljakonservide ja kalakonservide osas Hispaania p\u00f5llumajandus- ja toiduainesektori esimesse divisjoni.<\/p>\n<p>Suurep\u00e4rane areng, mis ei oleks olnud v\u00f5imalik ilma esmaklassilise meeskonnata ja klienditeeninduseta.<\/p>\n<p>Kui soovite osta terveid piquillo paprikaid ekstra Mateo v\u00f5i mis tahes muud t\u00fc\u00fcpi <a href=\"https:\/\/latiendadesami.com\/categoria-producto\/conservas\/\" rel=\"noopener noreferrer nofollow\" target=\"_blank\">konservid<\/a>, \u00e4rge kartke vaadata meie veebikataloogi.<\/p>\n<p>Meil on k\u00f5rgeim kvaliteet parima hinnaga.<\/p>\n<p>Kirjutage meile, kui soovite lisateavet v\u00f5i kui teil on k\u00fcsimusi selle v\u00f5i m\u00f5ne muu meie kataloogis oleva toote kohta.<\/p>\n","protected":false},"excerpt":{"rendered":"<p>Terve piquillo paprika extra Mateo on MCA Hispaania toode. Koostisained: Piquillo paprika, k\u00fc\u00fcslauk, sool ja happesuse suurendaja: sidrunhape. P\u00e4rast avamist hoida k\u00fclmkapis ja tarbida soovitavalt 5 p\u00e4eva jooksul. La Viuda de Mateo on \u00fcks kaubanduslikest kaubam\u00e4rkidest, mille all MCA Hispaania kontsern turule l\u00e4heb. MCA Hispaania sai alguse selle praeguse peadirektori Carlos Ripa kogemusest, kes t\u00f6\u00f6tas [&hellip;]<\/p>\n","protected":false},"featured_media":46943,"template":"","meta":{"_et_pb_use_builder":"","_et_pb_old_content":"","_et_gb_content_width":""},"product_brand":[1129],"product_cat":[2341,1938],"product_tag":[4203],"class_list":{"0":"post-46939","1":"product","2":"type-product","3":"status-publish","4":"has-post-thumbnail","6":"product_brand-mateo","7":"product_cat-paprika-et","8":"product_cat-sailitab","9":"product_tag-piquillo-et","11":"first","12":"outofstock","13":"taxable","14":"shipping-taxable","15":"purchasable","16":"product-type-simple"},"_links":{"self":[{"href":"https:\/\/myspainfood.com\/et\/wp-json\/wp\/v2\/product\/46939","targetHints":{"allow":["GET"]}}],"collection":[{"href":"https:\/\/myspainfood.com\/et\/wp-json\/wp\/v2\/product"}],"about":[{"href":"https:\/\/myspainfood.com\/et\/wp-json\/wp\/v2\/types\/product"}],"wp:featuredmedia":[{"embeddable":true,"href":"https:\/\/myspainfood.com\/et\/wp-json\/wp\/v2\/media\/46943"}],"wp:attachment":[{"href":"https:\/\/myspainfood.com\/et\/wp-json\/wp\/v2\/media?parent=46939"}],"wp:term":[{"taxonomy":"product_brand","embeddable":true,"href":"https:\/\/myspainfood.com\/et\/wp-json\/wp\/v2\/product_brand?post=46939"},{"taxonomy":"product_cat","embeddable":true,"href":"https:\/\/myspainfood.com\/et\/wp-json\/wp\/v2\/product_cat?post=46939"},{"taxonomy":"product_tag","embeddable":true,"href":"https:\/\/myspainfood.com\/et\/wp-json\/wp\/v2\/product_tag?post=46939"}],"curies":[{"name":"wp","href":"https:\/\/api.w.org\/{rel}","templated":true}]}}