{"id":48901,"date":"2025-04-10T12:08:45","date_gmt":"2025-04-10T10:08:45","guid":{"rendered":"https:\/\/myspainfood.com\/producto\/riojana-juust-75-uhikut\/"},"modified":"2025-07-28T10:32:50","modified_gmt":"2025-07-28T08:32:50","slug":"riojana-juust-75-uhikut","status":"publish","type":"product","link":"https:\/\/myspainfood.com\/et\/producto\/riojana-juust-75-uhikut\/","title":{"rendered":"Riojana juust 75 \u00fchikut"},"content":{"rendered":"<p>\u00d5li (85% p\u00e4evalille\u00f5li, 15% oliivi\u00f5li), <strong>an\u0161oovisega<\/strong> t\u00e4idetud oliivid,<strong> an\u0161oovisfilee<\/strong>, v\u00fcrtsikas pehme juust ja punane pipar.<\/p>\n","protected":false},"excerpt":{"rendered":"<p>\u00d5li (85% p\u00e4evalille\u00f5li, 15% oliivi\u00f5li), an\u0161oovisega t\u00e4idetud oliivid, an\u0161oovisfilee, v\u00fcrtsikas pehme juust ja punane pipar.<\/p>\n","protected":false},"featured_media":48903,"template":"","meta":{"_et_pb_use_builder":"","_et_pb_old_content":"","_et_gb_content_width":""},"product_brand":[1277],"product_cat":[1881,1880,2261,1790,1793,2341,1882],"product_tag":[],"class_list":{"0":"post-48901","1":"product","2":"type-product","3":"status-publish","4":"has-post-thumbnail","6":"product_brand-bokeo","7":"product_cat-ansoovised","8":"product_cat-cold-et","9":"product_cat-juust-ja-vorst","10":"product_cat-kurgid","11":"product_cat-oliivid","12":"product_cat-paprika-et","13":"product_cat-pintxos-et","14":"product_shipping_class-kulmaveo-vedu","16":"first","17":"outofstock","18":"taxable","19":"shipping-taxable","20":"purchasable","21":"product-type-simple"},"_links":{"self":[{"href":"https:\/\/myspainfood.com\/et\/wp-json\/wp\/v2\/product\/48901","targetHints":{"allow":["GET"]}}],"collection":[{"href":"https:\/\/myspainfood.com\/et\/wp-json\/wp\/v2\/product"}],"about":[{"href":"https:\/\/myspainfood.com\/et\/wp-json\/wp\/v2\/types\/product"}],"wp:featuredmedia":[{"embeddable":true,"href":"https:\/\/myspainfood.com\/et\/wp-json\/wp\/v2\/media\/48903"}],"wp:attachment":[{"href":"https:\/\/myspainfood.com\/et\/wp-json\/wp\/v2\/media?parent=48901"}],"wp:term":[{"taxonomy":"product_brand","embeddable":true,"href":"https:\/\/myspainfood.com\/et\/wp-json\/wp\/v2\/product_brand?post=48901"},{"taxonomy":"product_cat","embeddable":true,"href":"https:\/\/myspainfood.com\/et\/wp-json\/wp\/v2\/product_cat?post=48901"},{"taxonomy":"product_tag","embeddable":true,"href":"https:\/\/myspainfood.com\/et\/wp-json\/wp\/v2\/product_tag?post=48901"}],"curies":[{"name":"wp","href":"https:\/\/api.w.org\/{rel}","templated":true}]}}