{"id":48956,"date":"2025-04-10T12:08:48","date_gmt":"2025-04-10T10:08:48","guid":{"rendered":"https:\/\/myspainfood.com\/producto\/ansoovise-ahvatlused-18-kg\/"},"modified":"2025-04-10T12:08:48","modified_gmt":"2025-04-10T10:08:48","slug":"ansoovise-ahvatlused-18-kg","status":"publish","type":"product","link":"https:\/\/myspainfood.com\/et\/producto\/ansoovise-ahvatlused-18-kg\/","title":{"rendered":"An\u0161oovise ahvatlused 1,8 kg"},"content":{"rendered":"<p>\u00d5li (100% p\u00e4evalille\u00f5li), magus kirsipipar, toorjuust ja purustatud <strong>an\u0161oovis<\/strong>.<\/p>\n","protected":false},"excerpt":{"rendered":"<p>\u00d5li (100% p\u00e4evalille\u00f5li), magus kirsipipar, toorjuust ja purustatud an\u0161oovis.<\/p>\n","protected":false},"featured_media":48959,"template":"","meta":{"_et_pb_use_builder":"","_et_pb_old_content":"","_et_gb_content_width":""},"product_brand":[1277],"product_cat":[2261,2341,1938],"product_tag":[],"class_list":{"0":"post-48956","1":"product","2":"type-product","3":"status-publish","4":"has-post-thumbnail","6":"product_brand-bokeo","7":"product_cat-juust-ja-vorst","8":"product_cat-paprika-et","9":"product_cat-sailitab","10":"product_shipping_class-kulmaveo-vedu","12":"first","13":"outofstock","14":"taxable","15":"shipping-taxable","16":"purchasable","17":"product-type-simple"},"_links":{"self":[{"href":"https:\/\/myspainfood.com\/et\/wp-json\/wp\/v2\/product\/48956","targetHints":{"allow":["GET"]}}],"collection":[{"href":"https:\/\/myspainfood.com\/et\/wp-json\/wp\/v2\/product"}],"about":[{"href":"https:\/\/myspainfood.com\/et\/wp-json\/wp\/v2\/types\/product"}],"wp:featuredmedia":[{"embeddable":true,"href":"https:\/\/myspainfood.com\/et\/wp-json\/wp\/v2\/media\/48959"}],"wp:attachment":[{"href":"https:\/\/myspainfood.com\/et\/wp-json\/wp\/v2\/media?parent=48956"}],"wp:term":[{"taxonomy":"product_brand","embeddable":true,"href":"https:\/\/myspainfood.com\/et\/wp-json\/wp\/v2\/product_brand?post=48956"},{"taxonomy":"product_cat","embeddable":true,"href":"https:\/\/myspainfood.com\/et\/wp-json\/wp\/v2\/product_cat?post=48956"},{"taxonomy":"product_tag","embeddable":true,"href":"https:\/\/myspainfood.com\/et\/wp-json\/wp\/v2\/product_tag?post=48956"}],"curies":[{"name":"wp","href":"https:\/\/api.w.org\/{rel}","templated":true}]}}