{"id":49054,"date":"2025-04-10T12:09:50","date_gmt":"2025-04-10T10:09:50","guid":{"rendered":"https:\/\/myspainfood.com\/producto\/paprikasalat-tuunikalaga-alsur-120-uhikut\/"},"modified":"2025-04-10T12:09:50","modified_gmt":"2025-04-10T10:09:50","slug":"paprikasalat-tuunikalaga-alsur-120-uhikut","status":"publish","type":"product","link":"https:\/\/myspainfood.com\/et\/producto\/paprikasalat-tuunikalaga-alsur-120-uhikut\/","title":{"rendered":"Paprikasalat tuunikalaga Alsur 120 \u00fchikut"},"content":{"rendered":"<p><a href=\"https:\/\/www.alsurvegetales.com\/producto\/id\/26\/ensalada-de-pimiento-asado-con-atun\" target=\"_blank\" rel=\"noopener noreferrer nofollow\">Alsuri<\/a> paprikasalat tuunikalaga on edukas t\u00e4nu oma muutuvale v\u00e4rvusele kahvatust tumepunaseks, maitsele ja pehmele tekstuurile.<\/p>\n<p>Need r\u00f6stitud paprikad koos sibulaga moodustavad maitsva roa, mida on v\u00e4ga lihtne valmistada.<\/p>\n<p>Klaaspurk kaalub 340 grammi.<\/p>\n<p>Hoida jahedas ja kuivas kohas. P\u00e4rast avamist hoida k\u00fclmikus ja tarbida 7 p\u00e4eva jooksul. <\/p>\n<p>Koostisained: Piquillo paprika, sibul, vesi, suhkur, tuunikala (5%), \u00e4\u00e4dikas, sool ja sidrunhape.<\/p>\n<p>Alsur on pereettev\u00f5te, kus toidu olemus on peategelane.<\/p>\n<h4>Konservide peamised eelised<\/h4>\n<ol>\n<li>Nad s\u00e4ilitavad k\u00f5ik toidu enda toitumisomadused. Toit s\u00e4ilitab oma v\u00e4rskuse. <\/li>\n<li>Kasutatavad toiduained on tervislikud ja sobivad seet\u00f5ttu optimaalseks toitumiseks t\u00e4nu nende k\u00f5rgele vitamiini- ja valgusisaldusele.<\/li>\n<li>Nende toodete eluiga on pikem (tavaliselt 2-5 aastat).<\/li>\n<li>Konserve on v\u00e4ga lihtne s\u00e4ilitada, sest nende pakend on kergesti kasutatav.<\/li>\n<\/ol>\n<p>Kui soovite osta tuunikalaga paprikasalatit v\u00f5i muud t\u00fc\u00fcpi <a href=\"https:\/\/latiendadesami.com\/categoria-producto\/conservas\/\" rel=\"noopener noreferrer nofollow\" target=\"_blank\">konserve<\/a>, siis vaadake julgelt meie veebikataloogi, et n\u00e4ha meie <a href=\"https:\/\/latiendadesami.com\/categoria-producto\/conservas\/atun-y-bonito\/\" target=\"_blank\" rel=\"noopener noreferrer nofollow\">tuunikalade<\/a> suurt valikut.<\/p>\n<p>Lisateabe saamiseks kirjutage meile.<\/p>\n","protected":false},"excerpt":{"rendered":"<p>Alsuri paprikasalat tuunikalaga on edukas t\u00e4nu oma muutuvale v\u00e4rvusele kahvatust tumepunaseks, maitsele ja pehmele tekstuurile. Need r\u00f6stitud paprikad koos sibulaga moodustavad maitsva roa, mida on v\u00e4ga lihtne valmistada. Klaaspurk kaalub 340 grammi. Hoida jahedas ja kuivas kohas. P\u00e4rast avamist hoida k\u00fclmikus ja tarbida 7 p\u00e4eva jooksul. Koostisained: Piquillo paprika, sibul, vesi, suhkur, tuunikala (5%), \u00e4\u00e4dikas, [&hellip;]<\/p>\n","protected":false},"featured_media":49055,"template":"","meta":{"_et_pb_use_builder":"","_et_pb_old_content":"","_et_gb_content_width":""},"product_brand":[1196],"product_cat":[3016,2341,1938,4300],"product_tag":[],"class_list":{"0":"post-49054","1":"product","2":"type-product","3":"status-publish","4":"has-post-thumbnail","6":"product_brand-alsur","7":"product_cat-hulgimuuk","8":"product_cat-paprika-et","9":"product_cat-sailitab","10":"product_cat-tuun-ja-bonito","12":"first","13":"outofstock","14":"taxable","15":"shipping-taxable","16":"purchasable","17":"product-type-simple"},"_links":{"self":[{"href":"https:\/\/myspainfood.com\/et\/wp-json\/wp\/v2\/product\/49054","targetHints":{"allow":["GET"]}}],"collection":[{"href":"https:\/\/myspainfood.com\/et\/wp-json\/wp\/v2\/product"}],"about":[{"href":"https:\/\/myspainfood.com\/et\/wp-json\/wp\/v2\/types\/product"}],"wp:featuredmedia":[{"embeddable":true,"href":"https:\/\/myspainfood.com\/et\/wp-json\/wp\/v2\/media\/49055"}],"wp:attachment":[{"href":"https:\/\/myspainfood.com\/et\/wp-json\/wp\/v2\/media?parent=49054"}],"wp:term":[{"taxonomy":"product_brand","embeddable":true,"href":"https:\/\/myspainfood.com\/et\/wp-json\/wp\/v2\/product_brand?post=49054"},{"taxonomy":"product_cat","embeddable":true,"href":"https:\/\/myspainfood.com\/et\/wp-json\/wp\/v2\/product_cat?post=49054"},{"taxonomy":"product_tag","embeddable":true,"href":"https:\/\/myspainfood.com\/et\/wp-json\/wp\/v2\/product_tag?post=49054"}],"curies":[{"name":"wp","href":"https:\/\/api.w.org\/{rel}","templated":true}]}}